{"id":3380,"date":"2025-11-13T16:21:01","date_gmt":"2025-11-13T08:21:01","guid":{"rendered":"http:\/\/aserdiode-ld.com\/?post_type=product&#038;p=3380"},"modified":"2025-11-17T16:55:04","modified_gmt":"2025-11-17T08:55:04","slug":"fonte-de-laser-de-diodo-acoplado-a-fibra-de-1470-nm-e-15-w-com-feixe-de-mira-vermelho","status":"publish","type":"product","link":"https:\/\/laserdiode-ld.com\/pt\/produto\/fonte-de-laser-de-diodo-acoplado-a-fibra-de-1470-nm-e-15-w-com-feixe-de-mira-vermelho","title":{"rendered":"1470 nm 15 W com feixe de mira vermelho"},"content":{"rendered":"<p>A Wavespectrum Laser \u00e9 um fabricante de produtos laser de diodo de alta qualidade e desempenho. Estamos empenhados em desenvolver, produzir e vender produtos laser de alto desempenho. A gama de comprimentos de onda \u00e9 ampla, a variedade de embalagens dos produtos \u00e9 grande e est\u00e3o dispon\u00edveis fibras monomodo, multimodo e de manuten\u00e7\u00e3o de polariza\u00e7\u00e3o. Controlamos rigorosamente a qualidade dos produtos e conquist\u00e1mos elogios de clientes em todo o mundo pelo seu excelente desempenho.<br \/>\nA Wavespectrum Laser \u00e9 capaz de fornecer a fonte de laser de diodo acoplado a fibra de 1470 nm e 15 W com feixe de mira vermelho. Al\u00e9m disso, oferecemos uma variedade de configura\u00e7\u00f5es de pot\u00eancia para a fonte de laser de diodo acoplado a fibra de 1470 nm para atender \u00e0s diversas necessidades dos clientes. Al\u00e9m disso, a nossa gama de produtos laser de comprimento de onda pr\u00f3ximo inclui produtos laser de 880 nm, 915 nm, 980 nm, 1064 nm, 1310 nm, 1450 nm, 1490 nm e 1550 nm.<\/p>","protected":false},"excerpt":{"rendered":"<p>A fonte de laser de diodo acoplada a fibra de 1470 nm e 15 W com feixe de mira vermelho \u00e9 um sistema laser completo que inclui o acionamento do laser, o sistema de arrefecimento TE e o feixe de mira vermelho. Oferece pot\u00eancia de sa\u00edda ajust\u00e1vel e opera a uma temperatura fixa, a tens\u00e3o de entrada \u00e9 de 90 V a 240 VCA, sendo muito conveniente para os clientes operarem. Esta fonte laser de diodo acoplada a fibra de 1470 nm e 15 W possui fibra multimodo de 400 um e feixe de mira vermelho de 660 nm integrado, o que \u00e9 muito conveniente para os clientes alinharem o feixe laser. Este sistema laser tem alto desempenho e longa vida \u00fatil. Esta fonte laser de diodo acoplada a fibra de 1470 nm e 15 W \u00e9 muito segura e f\u00e1cil de operar para os clientes.<\/p>","protected":false},"featured_media":3379,"comment_status":"open","ping_status":"closed","template":"","meta":{"themepark_post_bcolor":"#f5f5f5","themepark_post_width":"1022px","themepark_post_img":"","themepark_post_img_po":"left","themepark_post_img_re":false,"themepark_post_img_cover":false,"themepark_post_img_fixed":false,"themepark_post_hide_title":false,"themepark_post_main_b":"","themepark_post_main_p":100,"themepark_paddingblock":false,"_wpscp_schedule_draft_date":"","_wpscp_schedule_republish_date":"","_wpscppro_advance_schedule":false,"_wpscppro_advance_schedule_date":"","_wpscppro_dont_share_socialmedia":false,"_wpscppro_custom_social_share_image":0,"_facebook_share_type":"","_twitter_share_type":"","_linkedin_share_type":"","_pinterest_share_type":"","_linkedin_share_type_page":"","_instagram_share_type":"","_medium_share_type":"","_threads_share_type":"","_google_business_share_type":"","_selected_social_profile":[],"_wpsp_enable_custom_social_template":false,"_wpsp_social_scheduling":{"enabled":false,"datetime":null,"platforms":[],"status":"template_only","dateOption":"today","timeOption":"now","customDays":"","customHours":"","customDate":"","customTime":"","schedulingType":"absolute"},"_wpsp_active_default_template":true},"product_brand":[],"product_cat":[54,197],"product_tag":[],"class_list":{"0":"post-3380","1":"product","2":"type-product","3":"status-publish","4":"has-post-thumbnail","6":"product_cat-ture-key-fiber-coupled-laser-system","7":"product_cat-1470nm-ture-key-fiber-coupled-laser-system","9":"first","10":"instock","11":"shipping-taxable","12":"product-type-simple"},"aioseo_notices":[],"_links":{"self":[{"href":"https:\/\/laserdiode-ld.com\/pt\/wp-json\/wp\/v2\/product\/3380","targetHints":{"allow":["GET"]}}],"collection":[{"href":"https:\/\/laserdiode-ld.com\/pt\/wp-json\/wp\/v2\/product"}],"about":[{"href":"https:\/\/laserdiode-ld.com\/pt\/wp-json\/wp\/v2\/types\/product"}],"replies":[{"embeddable":true,"href":"https:\/\/laserdiode-ld.com\/pt\/wp-json\/wp\/v2\/comments?post=3380"}],"wp:featuredmedia":[{"embeddable":true,"href":"https:\/\/laserdiode-ld.com\/pt\/wp-json\/wp\/v2\/media\/3379"}],"wp:attachment":[{"href":"https:\/\/laserdiode-ld.com\/pt\/wp-json\/wp\/v2\/media?parent=3380"}],"wp:term":[{"taxonomy":"product_brand","embeddable":true,"href":"https:\/\/laserdiode-ld.com\/pt\/wp-json\/wp\/v2\/product_brand?post=3380"},{"taxonomy":"product_cat","embeddable":true,"href":"https:\/\/laserdiode-ld.com\/pt\/wp-json\/wp\/v2\/product_cat?post=3380"},{"taxonomy":"product_tag","embeddable":true,"href":"https:\/\/laserdiode-ld.com\/pt\/wp-json\/wp\/v2\/product_tag?post=3380"}],"curies":[{"name":"wp","href":"https:\/\/api.w.org\/{rel}","templated":true}]}}