{"id":3375,"date":"2025-11-13T16:15:53","date_gmt":"2025-11-13T08:15:53","guid":{"rendered":"http:\/\/aserdiode-ld.com\/?post_type=product&#038;p=3375"},"modified":"2025-11-18T10:48:19","modified_gmt":"2025-11-18T02:48:19","slug":"modulo-laser-de-diodo-destacavel-de-fibra-de-1550-nm-25-w-e-14-pinos","status":"publish","type":"product","link":"https:\/\/laserdiode-ld.com\/pt\/produto\/modulo-laser-de-diodo-destacavel-de-fibra-de-1550-nm-25-w-e-14-pinos","title":{"rendered":"1550 nm 2,5 W 14 pinos"},"content":{"rendered":"<p>A Wavespectrum Laser \u00e9 um fabricante de produtos laser de diodo de alta qualidade e desempenho. Estamos empenhados em desenvolver, produzir e vender produtos laser de alto desempenho. A gama de comprimentos de onda \u00e9 ampla, a variedade de embalagens dos produtos \u00e9 grande e est\u00e3o dispon\u00edveis fibras monomodo, multimodo e de manuten\u00e7\u00e3o de polariza\u00e7\u00e3o. Controlamos rigorosamente a qualidade dos produtos e conquist\u00e1mos elogios de clientes em todo o mundo pelo seu excelente desempenho.<\/p>\n<p>A Wavespectrum Laser pode oferecer m\u00f3dulos laser destac\u00e1veis de fibra de 1550 nm, 2,5 W e 14 pinos, e tamb\u00e9m podemos fornecer aos clientes m\u00f3dulos laser destac\u00e1veis de fibra de 1550 nm e 14 pinos com diferentes vers\u00f5es de pot\u00eancia. Para os produtos laser de comprimento de onda pr\u00f3ximo, tamb\u00e9m podemos oferecer aos clientes produtos laser de 915 nm, 940 nm, 980 nm, 1064 nm, 1310 nm, 1470 nm e 1570 nm.<\/p>","protected":false},"excerpt":{"rendered":"<p>O m\u00f3dulo laser de diodo destac\u00e1vel de fibra de 1550 m 2,5 W e 14 pinos possui um conector recept\u00e1culo SMA905, sendo f\u00e1cil de trocar ou substituir o jumper de fibra, sendo utilizado para fibras de 200 um ou maiores. Este m\u00f3dulo laser de diodo destac\u00e1vel de fibra de 1550 nm, 2,5 W e 14 pinos inclui um refrigerador TE e um term\u00edstor, a fun\u00e7\u00e3o de dete\u00e7\u00e3o de fibra \u00e9 opcional e o feixe de mira vermelho de 635 nm \u00e9 opcional. Este m\u00f3dulo laser tem um excelente desempenho e longa vida \u00fatil. A Wavespectrum Laser tamb\u00e9m pode personalizar outros m\u00f3dulos de laser de diodo destac\u00e1vel de fibra de 1550 nm e 14 pinos com outras vers\u00f5es de pot\u00eancia para os clientes.<\/p>","protected":false},"featured_media":3374,"comment_status":"open","ping_status":"closed","template":"","meta":{"themepark_post_bcolor":"#f5f5f5","themepark_post_width":"1022px","themepark_post_img":"","themepark_post_img_po":"left","themepark_post_img_re":false,"themepark_post_img_cover":false,"themepark_post_img_fixed":false,"themepark_post_hide_title":false,"themepark_post_main_b":"","themepark_post_main_p":100,"themepark_paddingblock":false,"_wpscp_schedule_draft_date":"","_wpscp_schedule_republish_date":"","_wpscppro_advance_schedule":false,"_wpscppro_advance_schedule_date":"","_wpscppro_dont_share_socialmedia":false,"_wpscppro_custom_social_share_image":0,"_facebook_share_type":"","_twitter_share_type":"","_linkedin_share_type":"","_pinterest_share_type":"","_linkedin_share_type_page":"","_instagram_share_type":"","_medium_share_type":"","_threads_share_type":"","_google_business_share_type":"","_selected_social_profile":[],"_wpsp_enable_custom_social_template":false,"_wpsp_social_scheduling":{"enabled":false,"datetime":null,"platforms":[],"status":"template_only","dateOption":"today","timeOption":"now","customDays":"","customHours":"","customDate":"","customTime":"","schedulingType":"absolute"},"_wpsp_active_default_template":true},"product_brand":[],"product_cat":[53,195],"product_tag":[],"class_list":{"0":"post-3375","1":"product","2":"type-product","3":"status-publish","4":"has-post-thumbnail","6":"product_cat-medical-laser-module","7":"product_cat-1550nm-2-5w-200um-fiber-14pin-fiber-detachable-sma905-tec-pd-aiming-beam","9":"first","10":"instock","11":"shipping-taxable","12":"product-type-simple"},"aioseo_notices":[],"_links":{"self":[{"href":"https:\/\/laserdiode-ld.com\/pt\/wp-json\/wp\/v2\/product\/3375","targetHints":{"allow":["GET"]}}],"collection":[{"href":"https:\/\/laserdiode-ld.com\/pt\/wp-json\/wp\/v2\/product"}],"about":[{"href":"https:\/\/laserdiode-ld.com\/pt\/wp-json\/wp\/v2\/types\/product"}],"replies":[{"embeddable":true,"href":"https:\/\/laserdiode-ld.com\/pt\/wp-json\/wp\/v2\/comments?post=3375"}],"wp:featuredmedia":[{"embeddable":true,"href":"https:\/\/laserdiode-ld.com\/pt\/wp-json\/wp\/v2\/media\/3374"}],"wp:attachment":[{"href":"https:\/\/laserdiode-ld.com\/pt\/wp-json\/wp\/v2\/media?parent=3375"}],"wp:term":[{"taxonomy":"product_brand","embeddable":true,"href":"https:\/\/laserdiode-ld.com\/pt\/wp-json\/wp\/v2\/product_brand?post=3375"},{"taxonomy":"product_cat","embeddable":true,"href":"https:\/\/laserdiode-ld.com\/pt\/wp-json\/wp\/v2\/product_cat?post=3375"},{"taxonomy":"product_tag","embeddable":true,"href":"https:\/\/laserdiode-ld.com\/pt\/wp-json\/wp\/v2\/product_tag?post=3375"}],"curies":[{"name":"wp","href":"https:\/\/api.w.org\/{rel}","templated":true}]}}