{"id":3372,"date":"2025-11-13T16:13:44","date_gmt":"2025-11-13T08:13:44","guid":{"rendered":"http:\/\/aserdiode-ld.com\/?post_type=product&#038;p=3372"},"modified":"2025-11-18T11:10:08","modified_gmt":"2025-11-18T03:10:08","slug":"modulo-de-diodo-laser-acoplado-a-fibra-de-808-nm-7-w-e-15-pinos-com-feixe-de-mira-vermelho-de-650-nm","status":"publish","type":"product","link":"https:\/\/laserdiode-ld.com\/pt\/produto\/modulo-de-diodo-laser-acoplado-a-fibra-de-808-nm-7-w-e-15-pinos-com-feixe-de-mira-vermelho-de-650-nm","title":{"rendered":"808 nm 7 W 15 pinos com feixe de mira vermelho de 650 nm"},"content":{"rendered":"<p>A Wavespectrum Laser \u00e9 um fabricante de produtos laser de diodo de alta qualidade e desempenho. Estamos empenhados em desenvolver, produzir e vender produtos laser de alto desempenho. A gama de comprimentos de onda \u00e9 ampla, a variedade de embalagens dos produtos \u00e9 grande e est\u00e3o dispon\u00edveis fibras monomodo, multimodo e de manuten\u00e7\u00e3o de polariza\u00e7\u00e3o. Controlamos rigorosamente a qualidade dos produtos e conquist\u00e1mos elogios de clientes em todo o mundo pelo seu excelente desempenho.<\/p>\n<p>A Wavespectrum Laser dedica-se ao fornecimento de m\u00f3dulos de d\u00edodo laser acoplados a fibra de 808 nm, 7 W e 15 pinos, que v\u00eam com um feixe de mira vermelho integrado de 650 nm. Tamb\u00e9m oferecemos uma sele\u00e7\u00e3o diversificada de configura\u00e7\u00f5es de pot\u00eancia para m\u00f3dulos de d\u00edodo laser acoplados a fibra multimodo de 808 nm e 15 pinos, a fim de atender \u00e0s diversas necessidades dos clientes. Al\u00e9m disso, tamb\u00e9m fornecemos produtos laser de comprimento de onda pr\u00f3ximo, incluindo produtos laser de 635 nm, 660 nm, 755 nm, 785 nm, 830 nm, 850 nm, 880 nm e 1270 nm.<\/p>","protected":false},"excerpt":{"rendered":"<p>O M\u00f3dulo de Diodo Laser Acoplado a Fibra de 808 nm, 7 W e 15 Pinos com Feixe de Mira Vermelho de 650 nm est\u00e1 equipado com 1 pe\u00e7a de Fibra Multimodo de 200 um, incluindo um refrigerador TE, um term\u00edstor e um fotodiodo para melhor controlo e monitoriza\u00e7\u00e3o. O m\u00f3dulo oferece a flexibilidade de escolher conectores FC, SMA905 ou ST. Este m\u00f3dulo de diodo laser acoplado a fibra de 808 nm, 7 W e 15 pinos tem alto desempenho e longa vida \u00fatil. Este m\u00f3dulo laser integra o feixe de mira vermelho de 650 nm, sendo muito conveniente para os clientes controlarem o feixe laser. Al\u00e9m disso, tamb\u00e9m podemos fornecer m\u00f3dulos laser com fibra destac\u00e1vel para atender \u00e0s necessidades espec\u00edficas dos clientes.<br \/>\nA Wavespectrum Laser tamb\u00e9m pode personalizar outros m\u00f3dulos de d\u00edodo laser acoplado a fibra de 808 nm e 15 pinos com pot\u00eancias diferentes para atender \u00e0s necessidades espec\u00edficas dos clientes.<\/p>","protected":false},"featured_media":3374,"comment_status":"open","ping_status":"closed","template":"","meta":{"themepark_post_bcolor":"#f5f5f5","themepark_post_width":"1022px","themepark_post_img":"","themepark_post_img_po":"left","themepark_post_img_re":false,"themepark_post_img_cover":false,"themepark_post_img_fixed":false,"themepark_post_hide_title":false,"themepark_post_main_b":"","themepark_post_main_p":100,"themepark_paddingblock":false,"_wpscp_schedule_draft_date":"","_wpscp_schedule_republish_date":"","_wpscppro_advance_schedule":false,"_wpscppro_advance_schedule_date":"","_wpscppro_dont_share_socialmedia":false,"_wpscppro_custom_social_share_image":0,"_facebook_share_type":"","_twitter_share_type":"","_linkedin_share_type":"","_pinterest_share_type":"","_linkedin_share_type_page":"","_instagram_share_type":"","_medium_share_type":"","_threads_share_type":"","_google_business_share_type":"","_selected_social_profile":[],"_wpsp_enable_custom_social_template":false,"_wpsp_social_scheduling":{"enabled":false,"datetime":null,"platforms":[],"status":"template_only","dateOption":"today","timeOption":"now","customDays":"","customHours":"","customDate":"","customTime":"","schedulingType":"absolute"},"_wpsp_active_default_template":true},"product_brand":[],"product_cat":[53,194],"product_tag":[],"class_list":{"0":"post-3372","1":"product","2":"type-product","3":"status-publish","4":"has-post-thumbnail","6":"product_cat-medical-laser-module","7":"product_cat-808nm-7w-200um-fiber-15pin-tec-pd-aiming-beam","9":"first","10":"instock","11":"shipping-taxable","12":"product-type-simple"},"aioseo_notices":[],"_links":{"self":[{"href":"https:\/\/laserdiode-ld.com\/pt\/wp-json\/wp\/v2\/product\/3372","targetHints":{"allow":["GET"]}}],"collection":[{"href":"https:\/\/laserdiode-ld.com\/pt\/wp-json\/wp\/v2\/product"}],"about":[{"href":"https:\/\/laserdiode-ld.com\/pt\/wp-json\/wp\/v2\/types\/product"}],"replies":[{"embeddable":true,"href":"https:\/\/laserdiode-ld.com\/pt\/wp-json\/wp\/v2\/comments?post=3372"}],"wp:featuredmedia":[{"embeddable":true,"href":"https:\/\/laserdiode-ld.com\/pt\/wp-json\/wp\/v2\/media\/3374"}],"wp:attachment":[{"href":"https:\/\/laserdiode-ld.com\/pt\/wp-json\/wp\/v2\/media?parent=3372"}],"wp:term":[{"taxonomy":"product_brand","embeddable":true,"href":"https:\/\/laserdiode-ld.com\/pt\/wp-json\/wp\/v2\/product_brand?post=3372"},{"taxonomy":"product_cat","embeddable":true,"href":"https:\/\/laserdiode-ld.com\/pt\/wp-json\/wp\/v2\/product_cat?post=3372"},{"taxonomy":"product_tag","embeddable":true,"href":"https:\/\/laserdiode-ld.com\/pt\/wp-json\/wp\/v2\/product_tag?post=3372"}],"curies":[{"name":"wp","href":"https:\/\/api.w.org\/{rel}","templated":true}]}}