{"id":3367,"date":"2025-11-13T16:08:01","date_gmt":"2025-11-13T08:08:01","guid":{"rendered":"http:\/\/aserdiode-ld.com\/?post_type=product&#038;p=3367"},"modified":"2025-12-09T14:11:24","modified_gmt":"2025-12-09T06:11:24","slug":"445-nm-520-nm-635-nm-785-nm-20-mw-modulo-de-diodo-laser-acoplado-a-fibra-monomodo-de-4-comprimentos-de-onda","status":"publish","type":"product","link":"https:\/\/laserdiode-ld.com\/pt\/produto\/445-nm-520-nm-635-nm-785-nm-20-mw-modulo-de-diodo-laser-acoplado-a-fibra-monomodo-de-4-comprimentos-de-onda","title":{"rendered":"445 nm 520 nm 635 nm 785 nm 20 mW"},"content":{"rendered":"<p>A Wavespectrum Laser \u00e9 um fabricante de produtos laser de diodo de alta qualidade e desempenho. Estamos empenhados em desenvolver, produzir e vender produtos laser de alto desempenho. A gama de comprimentos de onda \u00e9 ampla, a variedade de embalagens dos produtos \u00e9 grande e est\u00e3o dispon\u00edveis fibras monomodo, multimodo e de manuten\u00e7\u00e3o de polariza\u00e7\u00e3o. Controlamos rigorosamente a qualidade dos produtos e conquist\u00e1mos elogios de clientes em todo o mundo pelo seu excelente desempenho.<\/p>\n<p>A Wavespectrum Laser pode oferecer o m\u00f3dulo de d\u00edodo laser acoplado a fibra monomodo de 4 comprimentos de onda 445 nm, 520 nm, 635 nm e 785 nm com 20 mW, e tamb\u00e9m podemos fornecer aos clientes o m\u00f3dulo de d\u00edodo laser acoplado a fibra monomodo de 4 comprimentos de onda 445 nm, 520 nm, 635 nm e 785 nm em diferentes vers\u00f5es de pot\u00eancia. Para os produtos laser de comprimento de onda pr\u00f3ximo, tamb\u00e9m podemos personalizar os m\u00f3dulos laser de 488 nm + 520 nm + 635 nm + 785 nm e 4 comprimentos de onda para os clientes.<\/p>","protected":false},"excerpt":{"rendered":"<p>O m\u00f3dulo de diodo laser acoplado a fibra monomodo de 4 comprimentos de onda 445 nm, 520 nm, 635 nm e 785 nm com 20 mW \u00e9 composto por 1 pe\u00e7a de fibra monomodo de 3 um, inclui laser vermelho + laser verde + laser azul + laser infravermelho, pode obter feixe gaussiano, este m\u00f3dulo laser \u00e9 compacto, possui refrigerador TE e term\u00edstor integrados. Este m\u00f3dulo de diodo laser acoplado a fibra monomodo de 4 comprimentos de onda 445 nm + 520 nm + 635 nm + 785 nm 20 mW tem alto desempenho e longa vida \u00fatil, pode obter a luz laser de 4 comprimentos de onda a partir de 1 pe\u00e7a de fibra SM de 3 um, os quatro comprimentos de onda do laser podem ser operados separadamente ou simultaneamente e podem ser usados como luz de trabalho ou feixe de mira. O m\u00f3dulo laser de 4 comprimentos de onda inclui o refrigerador TE, o que ser\u00e1 muito conveniente para os clientes controlarem a temperatura de funcionamento.<br \/>\nA Wavespectrum Laser tamb\u00e9m pode oferecer outras vers\u00f5es de pot\u00eancia: 445 nm, 520 nm, 635 nm e 785 nm, m\u00f3dulo de diodo laser acoplado a fibra monomodo de 4 comprimentos de onda, de acordo com a necessidade do cliente.<\/p>","protected":false},"featured_media":3369,"comment_status":"open","ping_status":"closed","template":"","meta":{"themepark_post_bcolor":"#f5f5f5","themepark_post_width":"1022px","themepark_post_img":"","themepark_post_img_po":"left","themepark_post_img_re":false,"themepark_post_img_cover":false,"themepark_post_img_fixed":false,"themepark_post_hide_title":false,"themepark_post_main_b":"","themepark_post_main_p":100,"themepark_paddingblock":false,"_wpscp_schedule_draft_date":"","_wpscp_schedule_republish_date":"","_wpscppro_advance_schedule":false,"_wpscppro_advance_schedule_date":"","_wpscppro_dont_share_socialmedia":false,"_wpscppro_custom_social_share_image":0,"_facebook_share_type":"","_twitter_share_type":"","_linkedin_share_type":"","_pinterest_share_type":"","_linkedin_share_type_page":"","_instagram_share_type":"","_medium_share_type":"","_threads_share_type":"","_google_business_share_type":"","_selected_social_profile":[],"_wpsp_enable_custom_social_template":false,"_wpsp_social_scheduling":{"enabled":false,"datetime":null,"platforms":[],"status":"template_only","dateOption":"today","timeOption":"now","customDays":"","customHours":"","customDate":"","customTime":"","schedulingType":"absolute"},"_wpsp_active_default_template":true},"product_brand":[],"product_cat":[52,192],"product_tag":[],"class_list":{"0":"post-3367","1":"product","2":"type-product","3":"status-publish","4":"has-post-thumbnail","6":"product_cat-quplex-4-wavelength-fiber-coupled-laser-module","7":"product_cat-445nm-520nm-635nm-785nm-quplex-fiber-coupled-laser-module","9":"first","10":"instock","11":"shipping-taxable","12":"product-type-simple"},"aioseo_notices":[],"_links":{"self":[{"href":"https:\/\/laserdiode-ld.com\/pt\/wp-json\/wp\/v2\/product\/3367","targetHints":{"allow":["GET"]}}],"collection":[{"href":"https:\/\/laserdiode-ld.com\/pt\/wp-json\/wp\/v2\/product"}],"about":[{"href":"https:\/\/laserdiode-ld.com\/pt\/wp-json\/wp\/v2\/types\/product"}],"replies":[{"embeddable":true,"href":"https:\/\/laserdiode-ld.com\/pt\/wp-json\/wp\/v2\/comments?post=3367"}],"wp:featuredmedia":[{"embeddable":true,"href":"https:\/\/laserdiode-ld.com\/pt\/wp-json\/wp\/v2\/media\/3369"}],"wp:attachment":[{"href":"https:\/\/laserdiode-ld.com\/pt\/wp-json\/wp\/v2\/media?parent=3367"}],"wp:term":[{"taxonomy":"product_brand","embeddable":true,"href":"https:\/\/laserdiode-ld.com\/pt\/wp-json\/wp\/v2\/product_brand?post=3367"},{"taxonomy":"product_cat","embeddable":true,"href":"https:\/\/laserdiode-ld.com\/pt\/wp-json\/wp\/v2\/product_cat?post=3367"},{"taxonomy":"product_tag","embeddable":true,"href":"https:\/\/laserdiode-ld.com\/pt\/wp-json\/wp\/v2\/product_tag?post=3367"}],"curies":[{"name":"wp","href":"https:\/\/api.w.org\/{rel}","templated":true}]}}