{"id":3351,"date":"2025-11-13T15:30:12","date_gmt":"2025-11-13T07:30:12","guid":{"rendered":"http:\/\/aserdiode-ld.com\/?post_type=product&#038;p=3351"},"modified":"2025-11-17T15:57:47","modified_gmt":"2025-11-17T07:57:47","slug":"modulo-de-diodo-laser-acoplado-a-fibra-pm-de-488-nm-520-nm-635-nm-e-10-mw-com-3-comprimentos-de-onda","status":"publish","type":"product","link":"https:\/\/laserdiode-ld.com\/pt\/produto\/modulo-de-diodo-laser-acoplado-a-fibra-pm-de-488-nm-520-nm-635-nm-e-10-mw-com-3-comprimentos-de-onda","title":{"rendered":"488 nm 520 nm 635 nm 10 mW PM"},"content":{"rendered":"<p>O m\u00f3dulo de d\u00edodo laser acoplado a fibra PM de 3 comprimentos de onda 488 nm, 520 nm e 635 nm com 10 mW \u00e9 composto por 1 pe\u00e7a de fibra de manuten\u00e7\u00e3o de polariza\u00e7\u00e3o de 3 um, inclui laser vermelho, laser verde e laser azul, emite feixe gaussiano e pode obter a luz laser branca perfeita, o PER \u00e9 \uff1e13 dB, e o m\u00f3dulo laser com valor PER mais alto \u00e9 opcional. Este m\u00f3dulo laser \u00e9 compacto e possui resfriador TE e termistor integrados. Este m\u00f3dulo de diodo laser acoplado a fibra PM de 488 nm, 520 nm, 635 nm e 10 mW com 3 comprimentos de onda tem alto desempenho e longa vida \u00fatil, pode obter a luz laser RGB de 3 comprimentos de onda a partir de 1 pe\u00e7a de fibra PM de 3 um, os tr\u00eas comprimentos de onda do laser podem ser operados separadamente ou simultaneamente e podem ser usados como luz de trabalho ou feixe de mira. O m\u00f3dulo laser de 3 comprimentos de onda inclui o refrigerador TE, o que ser\u00e1 muito conveniente para os clientes controlarem a temperatura de funcionamento.<\/p>\n<p>A Wavespectrum Laser tamb\u00e9m pode oferecer a outra vers\u00e3o de pot\u00eancia 488 nm, 520 nm, 635 nm, m\u00f3dulo de diodo laser acoplado a fibra PM de 3 comprimentos de onda, de acordo com a necessidade do cliente.<\/p>","protected":false},"excerpt":{"rendered":"<p>A Wavespectrum Laser \u00e9 um fabricante de produtos laser de diodo de alta qualidade e desempenho. Estamos comprometidos com o desenvolvimento, produ\u00e7\u00e3o e venda de produtos laser de alto desempenho. A gama de comprimentos de onda \u00e9 ampla, com variedade de embalagens de produtos, fibra monomodo, fibra multimodo e fibra com manuten\u00e7\u00e3o de polariza\u00e7\u00e3o dispon\u00edveis. Controlamos rigorosamente a qualidade do produto e conquistamos elogios de clientes em todo o mundo pelo seu excelente desempenho. A Wavespectrum Laser pode oferecer o m\u00f3dulo de d\u00edodo laser acoplado a fibra PM de 488 nm, 520 nm, 635 nm e 10 mW de 3 comprimentos de onda, e tamb\u00e9m podemos fornecer aos clientes o m\u00f3dulo de d\u00edodo laser acoplado a fibra PM de 488 nm, 520 nm, 635 nm e 3 comprimentos de onda em diferentes vers\u00f5es de pot\u00eancia, estando dispon\u00edveis m\u00f3dulos laser com valores PER mais elevados. Para os produtos laser de comprimento de onda pr\u00f3ximo, tamb\u00e9m podemos personalizar os m\u00f3dulos laser PM de 450 nm, 520 nm, 635 nm e 3 comprimentos de onda para os clientes.<\/p>","protected":false},"featured_media":3354,"comment_status":"open","ping_status":"closed","template":"","meta":{"themepark_post_bcolor":"#f5f5f5","themepark_post_width":"1022px","themepark_post_img":"","themepark_post_img_po":"left","themepark_post_img_re":false,"themepark_post_img_cover":false,"themepark_post_img_fixed":false,"themepark_post_hide_title":false,"themepark_post_main_b":"","themepark_post_main_p":100,"themepark_paddingblock":false,"_wpscp_schedule_draft_date":"","_wpscp_schedule_republish_date":"","_wpscppro_advance_schedule":false,"_wpscppro_advance_schedule_date":"","_wpscppro_dont_share_socialmedia":false,"_wpscppro_custom_social_share_image":0,"_facebook_share_type":"","_twitter_share_type":"","_linkedin_share_type":"","_pinterest_share_type":"","_linkedin_share_type_page":"","_instagram_share_type":"","_medium_share_type":"","_threads_share_type":"","_google_business_share_type":"","_selected_social_profile":[],"_wpsp_enable_custom_social_template":false,"_wpsp_social_scheduling":{"enabled":false,"datetime":null,"platforms":[],"status":"template_only","dateOption":"today","timeOption":"now","customDays":"","customHours":"","customDate":"","customTime":"","schedulingType":"absolute"},"_wpsp_active_default_template":true},"product_brand":[],"product_cat":[49,187],"product_tag":[],"class_list":{"0":"post-3351","1":"product","2":"type-product","3":"status-publish","4":"has-post-thumbnail","6":"product_cat-triplex-3-wavelength-white-light-fiber-coupled-laser-module","7":"product_cat-488nm-520nm-635nm-triplex-laser-module","9":"first","10":"instock","11":"shipping-taxable","12":"product-type-simple"},"aioseo_notices":[],"_links":{"self":[{"href":"https:\/\/laserdiode-ld.com\/pt\/wp-json\/wp\/v2\/product\/3351","targetHints":{"allow":["GET"]}}],"collection":[{"href":"https:\/\/laserdiode-ld.com\/pt\/wp-json\/wp\/v2\/product"}],"about":[{"href":"https:\/\/laserdiode-ld.com\/pt\/wp-json\/wp\/v2\/types\/product"}],"replies":[{"embeddable":true,"href":"https:\/\/laserdiode-ld.com\/pt\/wp-json\/wp\/v2\/comments?post=3351"}],"wp:featuredmedia":[{"embeddable":true,"href":"https:\/\/laserdiode-ld.com\/pt\/wp-json\/wp\/v2\/media\/3354"}],"wp:attachment":[{"href":"https:\/\/laserdiode-ld.com\/pt\/wp-json\/wp\/v2\/media?parent=3351"}],"wp:term":[{"taxonomy":"product_brand","embeddable":true,"href":"https:\/\/laserdiode-ld.com\/pt\/wp-json\/wp\/v2\/product_brand?post=3351"},{"taxonomy":"product_cat","embeddable":true,"href":"https:\/\/laserdiode-ld.com\/pt\/wp-json\/wp\/v2\/product_cat?post=3351"},{"taxonomy":"product_tag","embeddable":true,"href":"https:\/\/laserdiode-ld.com\/pt\/wp-json\/wp\/v2\/product_tag?post=3351"}],"curies":[{"name":"wp","href":"https:\/\/api.w.org\/{rel}","templated":true}]}}