{"id":3346,"date":"2025-11-13T15:21:13","date_gmt":"2025-11-13T07:21:13","guid":{"rendered":"http:\/\/aserdiode-ld.com\/?post_type=product&#038;p=3346"},"modified":"2025-12-09T14:21:16","modified_gmt":"2025-12-09T06:21:16","slug":"diodo-laser-com-pacote-de-janela-de-808-nm-10-w-e-9-pinos","status":"publish","type":"product","link":"https:\/\/laserdiode-ld.com\/pt\/produto\/diodo-laser-com-pacote-de-janela-de-808-nm-10-w-e-9-pinos","title":{"rendered":"808 nm 10 W 9 pinos"},"content":{"rendered":"<p>A Wavespectrum Laser \u00e9 um fabricante de produtos laser de diodo de alta qualidade e desempenho. Estamos empenhados em desenvolver, produzir e vender produtos laser de alto desempenho. A gama de comprimentos de onda \u00e9 ampla, a variedade de embalagens dos produtos \u00e9 grande e est\u00e3o dispon\u00edveis fibras monomodo, multimodo e de manuten\u00e7\u00e3o de polariza\u00e7\u00e3o. Controlamos rigorosamente a qualidade dos produtos e conquist\u00e1mos elogios de clientes em todo o mundo pelo seu excelente desempenho.<br \/>\nA Wavespectrum Laser oferece uma gama diversificada de d\u00edodos laser, incluindo d\u00edodos laser com pacote de janela de 808 nm, 10 W e 9 pinos. Al\u00e9m disso, fornecemos v\u00e1rias vers\u00f5es de pot\u00eancia para os d\u00edodos laser com pacote de janela de 808 nm e 9 pinos. Para os d\u00edodos laser multimodo de comprimento de onda pr\u00f3ximo, temos op\u00e7\u00f5es dispon\u00edveis em 755 nm, 770 nm, 780 nm, 792 nm, 830 nm, 850 nm, 880 nm e 915 nm, atendendo aos diversos requisitos dos clientes.<\/p>\n<p>&nbsp;<\/p>","protected":false},"excerpt":{"rendered":"<p>O diodo laser com pacote de janela de 808 nm, 10 W e 9 pinos \u00e9 um diodo laser semicondutor multimodo, que pode ser equipado com a lente FAC para obter a op\u00e7\u00e3o de feixe quadrado ou linear. O diodo laser com pacote de janela de 9 pinos \u00e9 um pacote herm\u00e9tico, sendo conveniente para os clientes armazenarem e operarem. Este diodo laser com pacote de janela de 808 nm, 10 W e 9 pinos faz parte da nossa gama de produtos de laser infravermelho, com alto desempenho e longa vida \u00fatil. A Wavespectrum Laser oferece v\u00e1rias op\u00e7\u00f5es de pot\u00eancia para os diodos laser com pacote de janela de 808 nm e 9 pinos, a fim de atender \u00e0s diferentes necessidades dos clientes.<\/p>","protected":false},"featured_media":3348,"comment_status":"open","ping_status":"closed","template":"","meta":{"themepark_post_bcolor":"#f5f5f5","themepark_post_width":"1022px","themepark_post_img":"","themepark_post_img_po":"left","themepark_post_img_re":false,"themepark_post_img_cover":false,"themepark_post_img_fixed":false,"themepark_post_hide_title":false,"themepark_post_main_b":"","themepark_post_main_p":100,"themepark_paddingblock":false,"_wpscp_schedule_draft_date":"","_wpscp_schedule_republish_date":"","_wpscppro_advance_schedule":false,"_wpscppro_advance_schedule_date":"","_wpscppro_dont_share_socialmedia":false,"_wpscppro_custom_social_share_image":0,"_facebook_share_type":"","_twitter_share_type":"","_linkedin_share_type":"","_pinterest_share_type":"","_linkedin_share_type_page":"","_instagram_share_type":"","_medium_share_type":"","_threads_share_type":"","_google_business_share_type":"","_selected_social_profile":[],"_wpsp_enable_custom_social_template":false,"_wpsp_social_scheduling":{"enabled":false,"datetime":null,"platforms":[],"status":"template_only","dateOption":"today","timeOption":"now","customDays":"","customHours":"","customDate":"","customTime":"","schedulingType":"absolute"},"_wpsp_active_default_template":true},"product_brand":[],"product_cat":[48,184],"product_tag":[],"class_list":{"0":"post-3346","1":"product","2":"type-product","3":"status-publish","4":"has-post-thumbnail","6":"product_cat-window-package-high-power-laser-diode","7":"product_cat-808nm-window-package-high-power-laser-diode","9":"first","10":"instock","11":"shipping-taxable","12":"product-type-simple"},"aioseo_notices":[],"_links":{"self":[{"href":"https:\/\/laserdiode-ld.com\/pt\/wp-json\/wp\/v2\/product\/3346","targetHints":{"allow":["GET"]}}],"collection":[{"href":"https:\/\/laserdiode-ld.com\/pt\/wp-json\/wp\/v2\/product"}],"about":[{"href":"https:\/\/laserdiode-ld.com\/pt\/wp-json\/wp\/v2\/types\/product"}],"replies":[{"embeddable":true,"href":"https:\/\/laserdiode-ld.com\/pt\/wp-json\/wp\/v2\/comments?post=3346"}],"wp:featuredmedia":[{"embeddable":true,"href":"https:\/\/laserdiode-ld.com\/pt\/wp-json\/wp\/v2\/media\/3348"}],"wp:attachment":[{"href":"https:\/\/laserdiode-ld.com\/pt\/wp-json\/wp\/v2\/media?parent=3346"}],"wp:term":[{"taxonomy":"product_brand","embeddable":true,"href":"https:\/\/laserdiode-ld.com\/pt\/wp-json\/wp\/v2\/product_brand?post=3346"},{"taxonomy":"product_cat","embeddable":true,"href":"https:\/\/laserdiode-ld.com\/pt\/wp-json\/wp\/v2\/product_cat?post=3346"},{"taxonomy":"product_tag","embeddable":true,"href":"https:\/\/laserdiode-ld.com\/pt\/wp-json\/wp\/v2\/product_tag?post=3346"}],"curies":[{"name":"wp","href":"https:\/\/api.w.org\/{rel}","templated":true}]}}