{"id":3260,"date":"2025-11-13T11:20:38","date_gmt":"2025-11-13T03:20:38","guid":{"rendered":"http:\/\/aserdiode-ld.com\/?post_type=product&#038;p=3260"},"modified":"2026-04-16T13:52:47","modified_gmt":"2026-04-16T05:52:47","slug":"808nm-8w-105um-fiber-9pin-tec-pd","status":"publish","type":"product","link":"https:\/\/laserdiode-ld.com\/pt\/produto\/808nm-8w-105um-fiber-9pin-tec-pd","title":{"rendered":"808nm | 8W | 105um Fiber | 9PIN | TEC | PD"},"content":{"rendered":"<p>A Wavespectrum Laser \u00e9 um fabricante de produtos laser de diodo de alta qualidade e desempenho. Estamos empenhados em desenvolver, produzir e vender produtos laser de alto desempenho. A gama de comprimentos de onda \u00e9 ampla, a variedade de embalagens dos produtos \u00e9 grande e est\u00e3o dispon\u00edveis fibras monomodo, multimodo e de manuten\u00e7\u00e3o de polariza\u00e7\u00e3o. Controlamos rigorosamente a qualidade dos produtos e conquist\u00e1mos elogios de clientes em todo o mundo pelo seu excelente desempenho.<\/p>\n<p>A Wavespectrum Laser pode oferecer o m\u00f3dulo de diodo laser acoplado a fibra TEC de 808 nm, 8 W e 9 pinos, e tamb\u00e9m podemos fornecer aos clientes a vers\u00e3o de pot\u00eancia diferente de 808 nm e 9 pinos com m\u00f3dulo de diodo laser acoplado a fibra TEC. Para os produtos a laser de comprimento de onda pr\u00f3ximo, tamb\u00e9m podemos oferecer aos clientes os produtos a laser de 785 nm, 808 nm, 830 nm e 860 nm.<\/p>","protected":false},"excerpt":{"rendered":"<p>O m\u00f3dulo de diodo laser acoplado a fibra TEC de 808 nm, 8 W e 9 pinos inclui o refrigerador TE, term\u00edstor e fotodiodo, sendo utilizado principalmente em equipamentos de alta precis\u00e3o e estabilidade. O n\u00facleo da fibra do m\u00f3dulo laser \u00e9 de 105um e a abertura num\u00e9rica da fibra \u00e9 de 0,22. O conector de fibra SMA905, FC, ST e SC \u00e9 opcional. Este m\u00f3dulo de diodo laser acoplado a fibra TEC de 808 nm, 8 W e 9 pinos tem alta efici\u00eancia de acoplamento e alto desempenho, o que o torna f\u00e1cil de usar em muitos campos. Este m\u00f3dulo laser possui refrigerador TE e term\u00edstor, facilitando o controle da temperatura de opera\u00e7\u00e3o pelos clientes. Al\u00e9m disso, este m\u00f3dulo laser inclui o fotodiodo, facilitando o monitoramento da pot\u00eancia de sa\u00edda pelos clientes. A Wavespectrum Laser tamb\u00e9m pode personalizar a outra vers\u00e3o de pot\u00eancia 808 nm 9 pinos com m\u00f3dulo de diodo laser acoplado a fibra TEC de acordo com a necessidade do cliente.<\/p>","protected":false},"featured_media":2858,"comment_status":"open","ping_status":"closed","template":"","meta":{"themepark_post_bcolor":"#f5f5f5","themepark_post_width":"1022px","themepark_post_img":"","themepark_post_img_po":"left","themepark_post_img_re":false,"themepark_post_img_cover":false,"themepark_post_img_fixed":false,"themepark_post_hide_title":false,"themepark_post_main_b":"","themepark_post_main_p":100,"themepark_paddingblock":false,"_wpscp_schedule_draft_date":"","_wpscp_schedule_republish_date":"","_wpscppro_advance_schedule":false,"_wpscppro_advance_schedule_date":"","_wpscppro_dont_share_socialmedia":false,"_wpscppro_custom_social_share_image":0,"_facebook_share_type":"","_twitter_share_type":"","_linkedin_share_type":"","_pinterest_share_type":"","_linkedin_share_type_page":"","_instagram_share_type":"","_medium_share_type":"","_threads_share_type":"","_google_business_share_type":"","_selected_social_profile":[],"_wpsp_enable_custom_social_template":false,"_wpsp_social_scheduling":{"enabled":false,"datetime":null,"platforms":[],"status":"template_only","dateOption":"today","timeOption":"now","customDays":"","customHours":"","customDate":"","customTime":"","schedulingType":"absolute"},"_wpsp_active_default_template":true},"product_brand":[],"product_cat":[42,168],"product_tag":[],"class_list":{"0":"post-3260","1":"product","2":"type-product","3":"status-publish","4":"has-post-thumbnail","6":"product_cat-multi-mode-fiber-coupled-laser-module","7":"product_cat-808nm-multi-mode-fiber-coupled-laser-module","9":"first","10":"instock","11":"shipping-taxable","12":"product-type-simple"},"aioseo_notices":[],"_links":{"self":[{"href":"https:\/\/laserdiode-ld.com\/pt\/wp-json\/wp\/v2\/product\/3260","targetHints":{"allow":["GET"]}}],"collection":[{"href":"https:\/\/laserdiode-ld.com\/pt\/wp-json\/wp\/v2\/product"}],"about":[{"href":"https:\/\/laserdiode-ld.com\/pt\/wp-json\/wp\/v2\/types\/product"}],"replies":[{"embeddable":true,"href":"https:\/\/laserdiode-ld.com\/pt\/wp-json\/wp\/v2\/comments?post=3260"}],"wp:featuredmedia":[{"embeddable":true,"href":"https:\/\/laserdiode-ld.com\/pt\/wp-json\/wp\/v2\/media\/2858"}],"wp:attachment":[{"href":"https:\/\/laserdiode-ld.com\/pt\/wp-json\/wp\/v2\/media?parent=3260"}],"wp:term":[{"taxonomy":"product_brand","embeddable":true,"href":"https:\/\/laserdiode-ld.com\/pt\/wp-json\/wp\/v2\/product_brand?post=3260"},{"taxonomy":"product_cat","embeddable":true,"href":"https:\/\/laserdiode-ld.com\/pt\/wp-json\/wp\/v2\/product_cat?post=3260"},{"taxonomy":"product_tag","embeddable":true,"href":"https:\/\/laserdiode-ld.com\/pt\/wp-json\/wp\/v2\/product_tag?post=3260"}],"curies":[{"name":"wp","href":"https:\/\/api.w.org\/{rel}","templated":true}]}}