{"id":3255,"date":"2025-11-13T11:18:33","date_gmt":"2025-11-13T03:18:33","guid":{"rendered":"http:\/\/aserdiode-ld.com\/?post_type=product&#038;p=3255"},"modified":"2026-04-16T13:52:31","modified_gmt":"2026-04-16T05:52:31","slug":"808nm-5w-105um-fiber-2pin","status":"publish","type":"product","link":"https:\/\/laserdiode-ld.com\/pt\/produto\/808nm-5w-105um-fiber-2pin","title":{"rendered":"808nm | 5W | 105um Fiber | 2PIN"},"content":{"rendered":"<p>A Wavespectrum Laser \u00e9 um fabricante de produtos laser de diodo de alta qualidade e desempenho. Estamos empenhados em desenvolver, produzir e vender produtos laser de alto desempenho. A gama de comprimentos de onda \u00e9 ampla, a variedade de embalagens dos produtos \u00e9 grande e est\u00e3o dispon\u00edveis fibras monomodo, multimodo e de manuten\u00e7\u00e3o de polariza\u00e7\u00e3o. Controlamos rigorosamente a qualidade dos produtos e conquist\u00e1mos elogios de clientes em todo o mundo pelo seu excelente desempenho.<\/p>\n<p>A Wavespectrum Laser tem o prazer de oferecer o m\u00f3dulo laser de diodo com pigtail MMF de 808 nm, 5 W e 105 um, e tamb\u00e9m estamos equipados para fornecer v\u00e1rias vers\u00f5es de pot\u00eancia do m\u00f3dulo laser de diodo com pigtail MMF de 808 nm e 105 um para atender \u00e0s diversas necessidades dos nossos clientes. Al\u00e9m disso, oferecemos uma ampla sele\u00e7\u00e3o de produtos a laser de comprimento de onda pr\u00f3ximo, tais como: produtos a laser de 780 nm, 808 nm, 820 nm, 830 nm, 850 nm e 940 nm.<\/p>","protected":false},"excerpt":{"rendered":"<p>O m\u00f3dulo laser de diodo com pigtail MMF de 808 nm, 5 W e 105 um foi projetado com um pacote de 2 pinos, garantindo um formato compacto. Oferece fun\u00e7\u00f5es opcionais, como fotodiodo e resfriador TE. O di\u00e2metro do n\u00facleo da fibra do m\u00f3dulo laser \u00e9 de 105um e a abertura num\u00e9rica \u00e9 de 0,22. Para conveni\u00eancia do cliente, as op\u00e7\u00f5es alternativas de fibra incluem fibras multimodo de 50um, 200um e 400um. O m\u00f3dulo laser de diodo com pigtail MMF de 808 nm, 5 W e 105 um possui alta efici\u00eancia de acoplamento, desempenho superior e longa vida \u00fatil. Ele foi projetado para f\u00e1cil integra\u00e7\u00e3o nos dispositivos do cliente. Esse tipo de m\u00f3dulo laser \u00e9 agora amplamente utilizado em v\u00e1rios setores e conquistou uma boa reputa\u00e7\u00e3o entre os clientes. A Wavespectrum Laser oferece servi\u00e7os de personaliza\u00e7\u00e3o sob medida para o m\u00f3dulo laser de diodo pigtail MMF de 808 nm e 105 \u00b5m, atendendo \u00e0s necessidades espec\u00edficas de cada cliente.<\/p>","protected":false},"featured_media":2858,"comment_status":"open","ping_status":"closed","template":"","meta":{"themepark_post_bcolor":"#f5f5f5","themepark_post_width":"1022px","themepark_post_img":"","themepark_post_img_po":"left","themepark_post_img_re":false,"themepark_post_img_cover":false,"themepark_post_img_fixed":false,"themepark_post_hide_title":false,"themepark_post_main_b":"","themepark_post_main_p":100,"themepark_paddingblock":false,"_wpscp_schedule_draft_date":"","_wpscp_schedule_republish_date":"","_wpscppro_advance_schedule":false,"_wpscppro_advance_schedule_date":"","_wpscppro_dont_share_socialmedia":false,"_wpscppro_custom_social_share_image":0,"_facebook_share_type":"","_twitter_share_type":"","_linkedin_share_type":"","_pinterest_share_type":"","_linkedin_share_type_page":"","_instagram_share_type":"","_medium_share_type":"","_threads_share_type":"","_google_business_share_type":"","_selected_social_profile":[],"_wpsp_enable_custom_social_template":false,"_wpsp_social_scheduling":{"enabled":false,"datetime":null,"platforms":[],"status":"template_only","dateOption":"today","timeOption":"now","customDays":"","customHours":"","customDate":"","customTime":"","schedulingType":"absolute"},"_wpsp_active_default_template":true},"product_brand":[],"product_cat":[42,168],"product_tag":[],"class_list":{"0":"post-3255","1":"product","2":"type-product","3":"status-publish","4":"has-post-thumbnail","6":"product_cat-multi-mode-fiber-coupled-laser-module","7":"product_cat-808nm-multi-mode-fiber-coupled-laser-module","9":"first","10":"instock","11":"shipping-taxable","12":"product-type-simple"},"aioseo_notices":[],"_links":{"self":[{"href":"https:\/\/laserdiode-ld.com\/pt\/wp-json\/wp\/v2\/product\/3255","targetHints":{"allow":["GET"]}}],"collection":[{"href":"https:\/\/laserdiode-ld.com\/pt\/wp-json\/wp\/v2\/product"}],"about":[{"href":"https:\/\/laserdiode-ld.com\/pt\/wp-json\/wp\/v2\/types\/product"}],"replies":[{"embeddable":true,"href":"https:\/\/laserdiode-ld.com\/pt\/wp-json\/wp\/v2\/comments?post=3255"}],"wp:featuredmedia":[{"embeddable":true,"href":"https:\/\/laserdiode-ld.com\/pt\/wp-json\/wp\/v2\/media\/2858"}],"wp:attachment":[{"href":"https:\/\/laserdiode-ld.com\/pt\/wp-json\/wp\/v2\/media?parent=3255"}],"wp:term":[{"taxonomy":"product_brand","embeddable":true,"href":"https:\/\/laserdiode-ld.com\/pt\/wp-json\/wp\/v2\/product_brand?post=3255"},{"taxonomy":"product_cat","embeddable":true,"href":"https:\/\/laserdiode-ld.com\/pt\/wp-json\/wp\/v2\/product_cat?post=3255"},{"taxonomy":"product_tag","embeddable":true,"href":"https:\/\/laserdiode-ld.com\/pt\/wp-json\/wp\/v2\/product_tag?post=3255"}],"curies":[{"name":"wp","href":"https:\/\/api.w.org\/{rel}","templated":true}]}}