{"id":3249,"date":"2025-11-13T11:08:01","date_gmt":"2025-11-13T03:08:01","guid":{"rendered":"http:\/\/aserdiode-ld.com\/?post_type=product&#038;p=3249"},"modified":"2026-04-16T13:52:06","modified_gmt":"2026-04-16T05:52:06","slug":"808nm-2w-105um-fiber-14pin-butterfly-tec-pd","status":"publish","type":"product","link":"https:\/\/laserdiode-ld.com\/pt\/produto\/808nm-2w-105um-fiber-14pin-butterfly-tec-pd","title":{"rendered":"808nm | 2W | 105um Fiber | 14PIN Butterfly | TEC | PD"},"content":{"rendered":"<p>A Wavespectrum Laser \u00e9 um fabricante de produtos laser de diodo de alta qualidade e desempenho. Estamos empenhados em desenvolver, produzir e vender produtos laser de alto desempenho. A gama de comprimentos de onda \u00e9 ampla, a variedade de embalagens dos produtos \u00e9 grande e est\u00e3o dispon\u00edveis fibras monomodo, multimodo e de manuten\u00e7\u00e3o de polariza\u00e7\u00e3o. Controlamos rigorosamente a qualidade dos produtos e conquist\u00e1mos elogios de clientes em todo o mundo pelo seu excelente desempenho.<\/p>\n<p>A Wavespectrum Laser tem o prazer de apresentar o nosso m\u00f3dulo laser de diodo com pigtail de fibra de 808 nm, 2 W, 14 pinos, borboleta e 105 um. Tamb\u00e9m estamos bem preparados para fornecer v\u00e1rias configura\u00e7\u00f5es de pot\u00eancia do m\u00f3dulo laser de diodo com pigtail de fibra de 808 nm, 14 pinos, borboleta e 105 um, garantindo que atendemos \u00e0s diversas necessidades dos nossos clientes. Al\u00e9m disso, oferecemos um portf\u00f3lio abrangente de produtos laser de comprimento de onda pr\u00f3ximo, que inclui op\u00e7\u00f5es de laser de 645 nm, 665 nm, 680 nm, 690 nm, 705 nm, 780 nm, 808 nm, 820 nm, 825 nm e 830 nm.<\/p>","protected":false},"excerpt":{"rendered":"<p>A Wavespectrum Laser \u00e9 um fabricante de produtos laser de diodo de alta qualidade e desempenho. Estamos empenhados em desenvolver, produzir e vender produtos laser de alto desempenho. A gama de comprimentos de onda \u00e9 ampla, a variedade de embalagens dos produtos \u00e9 grande e est\u00e3o dispon\u00edveis fibras monomodo, multimodo e de manuten\u00e7\u00e3o de polariza\u00e7\u00e3o. Controlamos rigorosamente a qualidade dos produtos e conquist\u00e1mos elogios de clientes em todo o mundo pelo seu excelente desempenho.<\/p>\n<p>A Wavespectrum Laser tem o prazer de apresentar o nosso m\u00f3dulo laser de diodo com pigtail de fibra de 808 nm, 2 W, 14 pinos, borboleta e 105 um. Tamb\u00e9m estamos bem preparados para fornecer v\u00e1rias configura\u00e7\u00f5es de pot\u00eancia do m\u00f3dulo laser de diodo com pigtail de fibra de 808 nm, 14 pinos, borboleta e 105 um, garantindo que atendemos \u00e0s diversas necessidades dos nossos clientes. Al\u00e9m disso, oferecemos um portf\u00f3lio abrangente de produtos laser de comprimento de onda pr\u00f3ximo, que inclui op\u00e7\u00f5es de laser de 645 nm, 665 nm, 680 nm, 690 nm, 705 nm, 780 nm, 808 nm, 820 nm, 825 nm e 830 nm.<\/p>","protected":false},"featured_media":2858,"comment_status":"open","ping_status":"closed","template":"","meta":{"themepark_post_bcolor":"#f5f5f5","themepark_post_width":"1022px","themepark_post_img":"","themepark_post_img_po":"left","themepark_post_img_re":false,"themepark_post_img_cover":false,"themepark_post_img_fixed":false,"themepark_post_hide_title":false,"themepark_post_main_b":"","themepark_post_main_p":100,"themepark_paddingblock":false,"_wpscp_schedule_draft_date":"","_wpscp_schedule_republish_date":"","_wpscppro_advance_schedule":false,"_wpscppro_advance_schedule_date":"","_wpscppro_dont_share_socialmedia":false,"_wpscppro_custom_social_share_image":0,"_facebook_share_type":"","_twitter_share_type":"","_linkedin_share_type":"","_pinterest_share_type":"","_linkedin_share_type_page":"","_instagram_share_type":"","_medium_share_type":"","_threads_share_type":"","_google_business_share_type":"","_selected_social_profile":[],"_wpsp_enable_custom_social_template":false,"_wpsp_social_scheduling":{"enabled":false,"datetime":null,"platforms":[],"status":"template_only","dateOption":"today","timeOption":"now","customDays":"","customHours":"","customDate":"","customTime":"","schedulingType":"absolute"},"_wpsp_active_default_template":true},"product_brand":[],"product_cat":[42,168],"product_tag":[],"class_list":{"0":"post-3249","1":"product","2":"type-product","3":"status-publish","4":"has-post-thumbnail","6":"product_cat-multi-mode-fiber-coupled-laser-module","7":"product_cat-808nm-multi-mode-fiber-coupled-laser-module","9":"first","10":"instock","11":"shipping-taxable","12":"product-type-simple"},"aioseo_notices":[],"_links":{"self":[{"href":"https:\/\/laserdiode-ld.com\/pt\/wp-json\/wp\/v2\/product\/3249","targetHints":{"allow":["GET"]}}],"collection":[{"href":"https:\/\/laserdiode-ld.com\/pt\/wp-json\/wp\/v2\/product"}],"about":[{"href":"https:\/\/laserdiode-ld.com\/pt\/wp-json\/wp\/v2\/types\/product"}],"replies":[{"embeddable":true,"href":"https:\/\/laserdiode-ld.com\/pt\/wp-json\/wp\/v2\/comments?post=3249"}],"wp:featuredmedia":[{"embeddable":true,"href":"https:\/\/laserdiode-ld.com\/pt\/wp-json\/wp\/v2\/media\/2858"}],"wp:attachment":[{"href":"https:\/\/laserdiode-ld.com\/pt\/wp-json\/wp\/v2\/media?parent=3249"}],"wp:term":[{"taxonomy":"product_brand","embeddable":true,"href":"https:\/\/laserdiode-ld.com\/pt\/wp-json\/wp\/v2\/product_brand?post=3249"},{"taxonomy":"product_cat","embeddable":true,"href":"https:\/\/laserdiode-ld.com\/pt\/wp-json\/wp\/v2\/product_cat?post=3249"},{"taxonomy":"product_tag","embeddable":true,"href":"https:\/\/laserdiode-ld.com\/pt\/wp-json\/wp\/v2\/product_tag?post=3249"}],"curies":[{"name":"wp","href":"https:\/\/api.w.org\/{rel}","templated":true}]}}