{"id":3241,"date":"2025-11-13T11:03:07","date_gmt":"2025-11-13T03:03:07","guid":{"rendered":"http:\/\/aserdiode-ld.com\/?post_type=product&#038;p=3241"},"modified":"2026-04-16T13:51:30","modified_gmt":"2026-04-16T05:51:30","slug":"808nm-150mw-62-5um-fiber-coaxial-pd","status":"publish","type":"product","link":"https:\/\/laserdiode-ld.com\/pt\/produto\/808nm-150mw-62-5um-fiber-coaxial-pd","title":{"rendered":"808nm | 150mW | 62.5um Fiber | Coaxial | PD"},"content":{"rendered":"<p>A Wavespectrum Laser \u00e9 um fabricante de produtos laser de diodo de alta qualidade e desempenho. Estamos empenhados em desenvolver, produzir e vender produtos laser de alto desempenho. A gama de comprimentos de onda \u00e9 ampla, a variedade de embalagens dos produtos \u00e9 grande e est\u00e3o dispon\u00edveis fibras monomodo, multimodo e de manuten\u00e7\u00e3o de polariza\u00e7\u00e3o. Controlamos rigorosamente a qualidade dos produtos e conquist\u00e1mos elogios de clientes em todo o mundo pelo seu excelente desempenho.<\/p>\n<p>A Wavespectrum Laser tem o prazer de apresentar o nosso m\u00f3dulo LD acoplado a fibra multimodo de 808 nm, 150 mW e 62,5 um. Al\u00e9m disso, somos capazes de fornecer variantes de pot\u00eancia personalizadas do m\u00f3dulo LD acoplado a fibra multimodo de 808 nm e 62,5 um, de acordo com os requisitos do cliente. Al\u00e9m disso, oferecemos uma ampla gama de produtos laser de comprimento de onda pr\u00f3ximo, incluindo lasers de 808 nm, 810 nm, 820 nm, 830 nm, 850 nm, 860 nm, 870 nm, 880 nm, 905 nm e 940 nm.<\/p>","protected":false},"excerpt":{"rendered":"<p>O m\u00f3dulo LD acoplado a fibra multimodo de 808 nm, 150 mW e 62,5 um foi projetado com um pacote coaxial, garantindo um design eficiente em termos de espa\u00e7o. Ele oferece funcionalidades adicionais, como um fotodiodo e um refrigerador TE. O n\u00facleo da fibra deste m\u00f3dulo laser \u00e9 de 62,5 um, a abertura num\u00e9rica da fibra \u00e9 de 0,12. Para aumentar a flexibilidade do cliente, as op\u00e7\u00f5es alternativas de fibra incluem fibra multimodo de 105 um, 200 um e 400 um. O m\u00f3dulo LD acoplado a fibra multimodo de 808 nm, 150 mW e 62,5 um se destaca por sua alta efici\u00eancia de acoplamento, desempenho excepcional e longevidade prolongada. Facilita a integra\u00e7\u00e3o direta no equipamento do cliente. Muitos desses m\u00f3dulos laser ganharam ampla ado\u00e7\u00e3o em diversos setores e t\u00eam sido amplamente aclamados pelos clientes por sua grande confiabilidade. A Wavespectrum Laser oferece personaliza\u00e7\u00e3o sob medida para o m\u00f3dulo LD acoplado a fibra multimodo de 808 nm e 62,5 um, projetado para atender \u00e0s necessidades especiais de cada cliente.<\/p>","protected":false},"featured_media":2858,"comment_status":"open","ping_status":"closed","template":"","meta":{"themepark_post_bcolor":"#f5f5f5","themepark_post_width":"1022px","themepark_post_img":"","themepark_post_img_po":"left","themepark_post_img_re":false,"themepark_post_img_cover":false,"themepark_post_img_fixed":false,"themepark_post_hide_title":false,"themepark_post_main_b":"","themepark_post_main_p":100,"themepark_paddingblock":false,"_wpscp_schedule_draft_date":"","_wpscp_schedule_republish_date":"","_wpscppro_advance_schedule":false,"_wpscppro_advance_schedule_date":"","_wpscppro_dont_share_socialmedia":false,"_wpscppro_custom_social_share_image":0,"_facebook_share_type":"","_twitter_share_type":"","_linkedin_share_type":"","_pinterest_share_type":"","_linkedin_share_type_page":"","_instagram_share_type":"","_medium_share_type":"","_threads_share_type":"","_google_business_share_type":"","_selected_social_profile":[],"_wpsp_enable_custom_social_template":false,"_wpsp_social_scheduling":{"enabled":false,"datetime":null,"platforms":[],"status":"template_only","dateOption":"today","timeOption":"now","customDays":"","customHours":"","customDate":"","customTime":"","schedulingType":"absolute"},"_wpsp_active_default_template":true},"product_brand":[],"product_cat":[42,168],"product_tag":[],"class_list":{"0":"post-3241","1":"product","2":"type-product","3":"status-publish","4":"has-post-thumbnail","6":"product_cat-multi-mode-fiber-coupled-laser-module","7":"product_cat-808nm-multi-mode-fiber-coupled-laser-module","9":"first","10":"instock","11":"shipping-taxable","12":"product-type-simple"},"aioseo_notices":[],"_links":{"self":[{"href":"https:\/\/laserdiode-ld.com\/pt\/wp-json\/wp\/v2\/product\/3241","targetHints":{"allow":["GET"]}}],"collection":[{"href":"https:\/\/laserdiode-ld.com\/pt\/wp-json\/wp\/v2\/product"}],"about":[{"href":"https:\/\/laserdiode-ld.com\/pt\/wp-json\/wp\/v2\/types\/product"}],"replies":[{"embeddable":true,"href":"https:\/\/laserdiode-ld.com\/pt\/wp-json\/wp\/v2\/comments?post=3241"}],"wp:featuredmedia":[{"embeddable":true,"href":"https:\/\/laserdiode-ld.com\/pt\/wp-json\/wp\/v2\/media\/2858"}],"wp:attachment":[{"href":"https:\/\/laserdiode-ld.com\/pt\/wp-json\/wp\/v2\/media?parent=3241"}],"wp:term":[{"taxonomy":"product_brand","embeddable":true,"href":"https:\/\/laserdiode-ld.com\/pt\/wp-json\/wp\/v2\/product_brand?post=3241"},{"taxonomy":"product_cat","embeddable":true,"href":"https:\/\/laserdiode-ld.com\/pt\/wp-json\/wp\/v2\/product_cat?post=3241"},{"taxonomy":"product_tag","embeddable":true,"href":"https:\/\/laserdiode-ld.com\/pt\/wp-json\/wp\/v2\/product_tag?post=3241"}],"curies":[{"name":"wp","href":"https:\/\/api.w.org\/{rel}","templated":true}]}}