{"id":3234,"date":"2025-11-12T16:56:51","date_gmt":"2025-11-12T08:56:51","guid":{"rendered":"http:\/\/aserdiode-ld.com\/?post_type=product&#038;p=3234"},"modified":"2025-11-17T15:29:01","modified_gmt":"2025-11-17T07:29:01","slug":"785-nm-2-w-com-modulo-de-diodo-laser-acoplado-a-fibra-borboleta-de-14-pinos-tec","status":"publish","type":"product","link":"https:\/\/laserdiode-ld.com\/pt\/produto\/785-nm-2-w-com-modulo-de-diodo-laser-acoplado-a-fibra-borboleta-de-14-pinos-tec","title":{"rendered":"785 nm 2 W com TEC 14 pinos Butterfly"},"content":{"rendered":"<p>A Wavespectrum Laser \u00e9 um fabricante de produtos laser de diodo de alta qualidade e desempenho. Estamos empenhados em desenvolver, produzir e vender produtos laser de alto desempenho. A gama de comprimentos de onda \u00e9 ampla, a variedade de embalagens dos produtos \u00e9 grande e est\u00e3o dispon\u00edveis fibras monomodo, multimodo e de manuten\u00e7\u00e3o de polariza\u00e7\u00e3o. Controlamos rigorosamente a qualidade dos produtos e conquist\u00e1mos elogios de clientes em todo o mundo pelo seu excelente desempenho.<\/p>\n<p>A Wavespectrum Laser orgulha-se de oferecer o m\u00f3dulo de diodo laser acoplado a fibra borboleta TEC 14 pinos de 785 nm e 2 W. Al\u00e9m disso, somos capazes de fornecer variantes de pot\u00eancia personalizadas do m\u00f3dulo de diodo laser acoplado a fibra borboleta TEC 14 pinos de 785 nm, de acordo com os requisitos do cliente. Al\u00e9m disso, oferecemos uma ampla gama de produtos laser de comprimento de onda pr\u00f3ximo, incluindo lasers de 685 nm, 690 nm, 695 nm, 780 nm, 785 nm, 808 nm e 820 nm.<\/p>","protected":false},"excerpt":{"rendered":"<p>O m\u00f3dulo de diodo laser acoplado a fibra borboleta TEC 14 pinos de 785 nm e 2 W \u00e9 um produto de laser semicondutor violeta. Tem um tamanho compacto e inclui um refrigerador TE, term\u00edstor e fotodiodo, tornando-o muito conveniente para os clientes controlarem a temperatura de funcionamento e monitorizarem a pot\u00eancia de sa\u00edda. O m\u00f3dulo de diodo laser acoplado a fibra borboleta TEC 14 pinos de 785 nm e 2 W tem alta efici\u00eancia de acoplamento e longa vida \u00fatil, sendo muito f\u00e1cil de integrar ao equipamento do cliente. \u00c9 escolhido por um grande n\u00famero de utilizadores industriais e cient\u00edficos. Os m\u00f3dulos laser com pacote borboleta de 14 pinos s\u00e3o amplamente utilizados em processamento industrial, exibi\u00e7\u00e3o a laser, dete\u00e7\u00e3o, medicina, eletr\u00f3nica de consumo, comunica\u00e7\u00f5es e investiga\u00e7\u00e3o cient\u00edfica. A Wavespectrum Laser \u00e9 capaz de fornecer solu\u00e7\u00f5es personalizadas para o m\u00f3dulo de diodo laser acoplado a fibra borboleta TEC 14 pinos de 785 nm, projetado para atender aos requisitos exclusivos de nossos clientes.<\/p>","protected":false},"featured_media":2858,"comment_status":"open","ping_status":"closed","template":"","meta":{"themepark_post_bcolor":"#f5f5f5","themepark_post_width":"1022px","themepark_post_img":"","themepark_post_img_po":"left","themepark_post_img_re":false,"themepark_post_img_cover":false,"themepark_post_img_fixed":false,"themepark_post_hide_title":false,"themepark_post_main_b":"","themepark_post_main_p":100,"themepark_paddingblock":false,"_wpscp_schedule_draft_date":"","_wpscp_schedule_republish_date":"","_wpscppro_advance_schedule":false,"_wpscppro_advance_schedule_date":"","_wpscppro_dont_share_socialmedia":false,"_wpscppro_custom_social_share_image":0,"_facebook_share_type":"","_twitter_share_type":"","_linkedin_share_type":"","_pinterest_share_type":"","_linkedin_share_type_page":"","_instagram_share_type":"","_medium_share_type":"","_threads_share_type":"","_google_business_share_type":"","_selected_social_profile":[],"_wpsp_enable_custom_social_template":false,"_wpsp_social_scheduling":{"enabled":false,"datetime":null,"platforms":[],"status":"template_only","dateOption":"today","timeOption":"now","customDays":"","customHours":"","customDate":"","customTime":"","schedulingType":"absolute"},"_wpsp_active_default_template":true},"product_brand":[],"product_cat":[42,167],"product_tag":[],"class_list":{"0":"post-3234","1":"product","2":"type-product","3":"status-publish","4":"has-post-thumbnail","6":"product_cat-multi-mode-fiber-coupled-laser-module","7":"product_cat-785nm-multi-mode-fiber-coupled-laser-module","9":"first","10":"instock","11":"shipping-taxable","12":"product-type-simple"},"aioseo_notices":[],"_links":{"self":[{"href":"https:\/\/laserdiode-ld.com\/pt\/wp-json\/wp\/v2\/product\/3234","targetHints":{"allow":["GET"]}}],"collection":[{"href":"https:\/\/laserdiode-ld.com\/pt\/wp-json\/wp\/v2\/product"}],"about":[{"href":"https:\/\/laserdiode-ld.com\/pt\/wp-json\/wp\/v2\/types\/product"}],"replies":[{"embeddable":true,"href":"https:\/\/laserdiode-ld.com\/pt\/wp-json\/wp\/v2\/comments?post=3234"}],"wp:featuredmedia":[{"embeddable":true,"href":"https:\/\/laserdiode-ld.com\/pt\/wp-json\/wp\/v2\/media\/2858"}],"wp:attachment":[{"href":"https:\/\/laserdiode-ld.com\/pt\/wp-json\/wp\/v2\/media?parent=3234"}],"wp:term":[{"taxonomy":"product_brand","embeddable":true,"href":"https:\/\/laserdiode-ld.com\/pt\/wp-json\/wp\/v2\/product_brand?post=3234"},{"taxonomy":"product_cat","embeddable":true,"href":"https:\/\/laserdiode-ld.com\/pt\/wp-json\/wp\/v2\/product_cat?post=3234"},{"taxonomy":"product_tag","embeddable":true,"href":"https:\/\/laserdiode-ld.com\/pt\/wp-json\/wp\/v2\/product_tag?post=3234"}],"curies":[{"name":"wp","href":"https:\/\/api.w.org\/{rel}","templated":true}]}}