{"id":3171,"date":"2025-11-12T14:43:40","date_gmt":"2025-11-12T06:43:40","guid":{"rendered":"http:\/\/aserdiode-ld.com\/?post_type=product&#038;p=3171"},"modified":"2025-11-17T15:22:55","modified_gmt":"2025-11-17T07:22:55","slug":"modulo-laser-de-diodo-com-pigtail-de-fibra-de-660-nm-800-mw-14-pinos-borboleta-105-um","status":"publish","type":"product","link":"https:\/\/laserdiode-ld.com\/pt\/produto\/modulo-laser-de-diodo-com-pigtail-de-fibra-de-660-nm-800-mw-14-pinos-borboleta-105-um","title":{"rendered":"660 nm 800 mW 14 pinos Butterfly 105 um Pigtailed"},"content":{"rendered":"<p>A Wavespectrum Laser \u00e9 um fabricante de produtos laser de diodo de alta qualidade e desempenho. Estamos empenhados em desenvolver, produzir e vender produtos laser de alto desempenho. A gama de comprimentos de onda \u00e9 ampla, a variedade de embalagens dos produtos \u00e9 grande e est\u00e3o dispon\u00edveis fibras monomodo, multimodo e de manuten\u00e7\u00e3o de polariza\u00e7\u00e3o. Controlamos rigorosamente a qualidade dos produtos e conquist\u00e1mos elogios de clientes em todo o mundo pelo seu excelente desempenho.<\/p>\n<p>A Wavespectrum Laser tem o prazer de apresentar o nosso m\u00f3dulo laser de diodo com pigtail de fibra de 660 nm, 800 mW, 14 pinos, borboleta e 105 um. Tamb\u00e9m estamos bem preparados para fornecer v\u00e1rias configura\u00e7\u00f5es de pot\u00eancia do m\u00f3dulo laser de diodo com pigtail de fibra de 660 nm, 14 pinos, borboleta e 105 um, garantindo que atendemos \u00e0s diversas necessidades dos nossos clientes. Al\u00e9m disso, oferecemos um portf\u00f3lio abrangente de produtos laser de comprimento de onda pr\u00f3ximo, que inclui op\u00e7\u00f5es de laser de 645 nm, 665 nm, 680 nm, 690 nm, 705 nm, 780 nm, 808 nm, 820 nm, 825 nm e 830 nm.<\/p>","protected":false},"excerpt":{"rendered":"<p>O m\u00f3dulo laser de diodo com pigtail de fibra de 660 nm, 800 mW, 14 pinos, borboleta e 105 um \u00e9 um produto laser de diodo multimodo, com fibras de 105 um, 200 um e 400 um opcionais. Ele incorpora o resfriador TE, term\u00edstor e fotodiodo, permitindo um controle eficiente da temperatura e monitoramento da pot\u00eancia. O m\u00f3dulo laser de diodo com pigtail de fibra de 660 nm, 800 mW, 14 pinos e 105 um se destaca por sua alta efici\u00eancia de acoplamento e vida \u00fatil prolongada, garantindo f\u00e1cil integra\u00e7\u00e3o ao equipamento do cliente. \u00c9 amplamente preferido por profissionais industriais e cient\u00edficos. Os m\u00f3dulos laser com pacote borboleta de 14 pinos s\u00e3o amplamente aplicados em \u00e1reas como processamento industrial, telas a laser, sensoriamento, aplica\u00e7\u00f5es m\u00e9dicas, eletr\u00f3nica de consumo, comunica\u00e7\u00f5es e pesquisa cient\u00edfica. A Wavespectrum Laser \u00e9 especializada em oferecer solu\u00e7\u00f5es personalizadas para o m\u00f3dulo laser de diodo com pigtail de fibra de 660 nm, 14 pinos, borboleta e 105 um, garantindo que as necessidades espec\u00edficas de cada cliente sejam meticulosamente atendidas.<\/p>","protected":false},"featured_media":2858,"comment_status":"open","ping_status":"closed","template":"","meta":{"themepark_post_bcolor":"#f5f5f5","themepark_post_width":"1022px","themepark_post_img":"","themepark_post_img_po":"left","themepark_post_img_re":false,"themepark_post_img_cover":false,"themepark_post_img_fixed":false,"themepark_post_hide_title":false,"themepark_post_main_b":"","themepark_post_main_p":100,"themepark_paddingblock":false,"_wpscp_schedule_draft_date":"","_wpscp_schedule_republish_date":"","_wpscppro_advance_schedule":false,"_wpscppro_advance_schedule_date":"","_wpscppro_dont_share_socialmedia":false,"_wpscppro_custom_social_share_image":0,"_facebook_share_type":"","_twitter_share_type":"","_linkedin_share_type":"","_pinterest_share_type":"","_linkedin_share_type_page":"","_instagram_share_type":"","_medium_share_type":"","_threads_share_type":"","_google_business_share_type":"","_selected_social_profile":[],"_wpsp_enable_custom_social_template":false,"_wpsp_social_scheduling":{"enabled":false,"datetime":null,"platforms":[],"status":"template_only","dateOption":"today","timeOption":"now","customDays":"","customHours":"","customDate":"","customTime":"","schedulingType":"absolute"},"_wpsp_active_default_template":true},"product_brand":[],"product_cat":[42,161],"product_tag":[],"class_list":{"0":"post-3171","1":"product","2":"type-product","3":"status-publish","4":"has-post-thumbnail","6":"product_cat-multi-mode-fiber-coupled-laser-module","7":"product_cat-660nm-multi-mode-fiber-coupled-laser-module","9":"first","10":"instock","11":"shipping-taxable","12":"product-type-simple"},"aioseo_notices":[],"_links":{"self":[{"href":"https:\/\/laserdiode-ld.com\/pt\/wp-json\/wp\/v2\/product\/3171","targetHints":{"allow":["GET"]}}],"collection":[{"href":"https:\/\/laserdiode-ld.com\/pt\/wp-json\/wp\/v2\/product"}],"about":[{"href":"https:\/\/laserdiode-ld.com\/pt\/wp-json\/wp\/v2\/types\/product"}],"replies":[{"embeddable":true,"href":"https:\/\/laserdiode-ld.com\/pt\/wp-json\/wp\/v2\/comments?post=3171"}],"wp:featuredmedia":[{"embeddable":true,"href":"https:\/\/laserdiode-ld.com\/pt\/wp-json\/wp\/v2\/media\/2858"}],"wp:attachment":[{"href":"https:\/\/laserdiode-ld.com\/pt\/wp-json\/wp\/v2\/media?parent=3171"}],"wp:term":[{"taxonomy":"product_brand","embeddable":true,"href":"https:\/\/laserdiode-ld.com\/pt\/wp-json\/wp\/v2\/product_brand?post=3171"},{"taxonomy":"product_cat","embeddable":true,"href":"https:\/\/laserdiode-ld.com\/pt\/wp-json\/wp\/v2\/product_cat?post=3171"},{"taxonomy":"product_tag","embeddable":true,"href":"https:\/\/laserdiode-ld.com\/pt\/wp-json\/wp\/v2\/product_tag?post=3171"}],"curies":[{"name":"wp","href":"https:\/\/api.w.org\/{rel}","templated":true}]}}