{"id":3136,"date":"2025-11-12T13:51:39","date_gmt":"2025-11-12T05:51:39","guid":{"rendered":"http:\/\/aserdiode-ld.com\/?post_type=product&#038;p=3136"},"modified":"2025-11-17T15:21:05","modified_gmt":"2025-11-17T07:21:05","slug":"modulo-laser-de-diodo-com-pigtail-de-fibra-de-635-nm-800-mw-de-alta-potencia-9-pinos-e-50-um","status":"publish","type":"product","link":"https:\/\/laserdiode-ld.com\/pt\/produto\/modulo-laser-de-diodo-com-pigtail-de-fibra-de-635-nm-800-mw-de-alta-potencia-9-pinos-e-50-um","title":{"rendered":"635 nm 800 mW Alta pot\u00eancia 9 pinos 50 um Pigtailed"},"content":{"rendered":"<p>A Wavespectrum Laser \u00e9 um fabricante de produtos laser de diodo de alta qualidade e desempenho. Estamos empenhados em desenvolver, produzir e vender produtos laser de alto desempenho. A gama de comprimentos de onda \u00e9 ampla, a variedade de embalagens dos produtos \u00e9 grande e est\u00e3o dispon\u00edveis fibras monomodo, multimodo e de manuten\u00e7\u00e3o de polariza\u00e7\u00e3o. Controlamos rigorosamente a qualidade dos produtos e conquist\u00e1mos elogios de clientes em todo o mundo pelo seu excelente desempenho.<\/p>\n<p>A Wavespectrum Laser tem o prazer de apresentar o m\u00f3dulo laser de diodo com pigtail de fibra de 9 pinos e 50 um, de alta pot\u00eancia, 635 nm e 800 mW, e tamb\u00e9m estamos equipados para fornecer v\u00e1rias vers\u00f5es de pot\u00eancia do m\u00f3dulo laser de diodo com pigtail de fibra de 9 pinos e 50 um, de alta pot\u00eancia, 635 nm, para atender \u00e0s diversas necessidades dos nossos clientes. Al\u00e9m disso, oferecemos uma ampla sele\u00e7\u00e3o de produtos laser de comprimento de onda pr\u00f3ximo, tais como: produtos laser de 375 nm, 395 nm, 400 nm, 420 nm, 435 nm, 455 nm, 465 nm, 488 nm, 505 nm e 520 nm.<\/p>","protected":false},"excerpt":{"rendered":"<p>O m\u00f3dulo laser de diodo com pigtail de fibra de 9 pinos e 50 um de alta pot\u00eancia de 635 nm e 800 mW incorpora um refrigerador termoel\u00e9trico, term\u00edstor e fotodiodo, sendo projetado para equipamentos de alta precis\u00e3o e estabilidade. Possui um di\u00e2metro de n\u00facleo de fibra de 50 um e uma abertura num\u00e9rica de 0,22, com v\u00e1rias op\u00e7\u00f5es de conectores de fibra, como SMA905, FC, ST e SC. O m\u00f3dulo laser de diodo de alta pot\u00eancia de 635 nm e 800 mW com 9 pinos e fibra pigtail de 50 um \u00e9 conhecido pela sua alta efici\u00eancia de acoplamento e desempenho, o que o torna uma excelente escolha para uma ampla gama de aplica\u00e7\u00f5es. O seu TEC e term\u00edstor integrados facilitam o controlo da temperatura, enquanto o fotodiodo permite um monitoramento eficaz da pot\u00eancia de sa\u00edda. A Wavespectrum Laser oferece personaliza\u00e7\u00f5es para o m\u00f3dulo laser de diodo de alta pot\u00eancia de 635 nm, 9 pinos e 50 um com pigtail de fibra, adaptando-o para atender \u00e0s necessidades especiais dos clientes.<\/p>","protected":false},"featured_media":2858,"comment_status":"open","ping_status":"closed","template":"","meta":{"themepark_post_bcolor":"#f5f5f5","themepark_post_width":"1022px","themepark_post_img":"","themepark_post_img_po":"left","themepark_post_img_re":false,"themepark_post_img_cover":false,"themepark_post_img_fixed":false,"themepark_post_hide_title":false,"themepark_post_main_b":"","themepark_post_main_p":100,"themepark_paddingblock":false,"_wpscp_schedule_draft_date":"","_wpscp_schedule_republish_date":"","_wpscppro_advance_schedule":false,"_wpscppro_advance_schedule_date":"","_wpscppro_dont_share_socialmedia":false,"_wpscppro_custom_social_share_image":0,"_facebook_share_type":"","_twitter_share_type":"","_linkedin_share_type":"","_pinterest_share_type":"","_linkedin_share_type_page":"","_instagram_share_type":"","_medium_share_type":"","_threads_share_type":"","_google_business_share_type":"","_selected_social_profile":[],"_wpsp_enable_custom_social_template":false,"_wpsp_social_scheduling":{"enabled":false,"datetime":null,"platforms":[],"status":"template_only","dateOption":"today","timeOption":"now","customDays":"","customHours":"","customDate":"","customTime":"","schedulingType":"absolute"},"_wpsp_active_default_template":true},"product_brand":[],"product_cat":[42,158],"product_tag":[],"class_list":{"0":"post-3136","1":"product","2":"type-product","3":"status-publish","4":"has-post-thumbnail","6":"product_cat-multi-mode-fiber-coupled-laser-module","7":"product_cat-635nm-multi-mode-fiber-coupled-laser-module","9":"first","10":"instock","11":"shipping-taxable","12":"product-type-simple"},"aioseo_notices":[],"_links":{"self":[{"href":"https:\/\/laserdiode-ld.com\/pt\/wp-json\/wp\/v2\/product\/3136","targetHints":{"allow":["GET"]}}],"collection":[{"href":"https:\/\/laserdiode-ld.com\/pt\/wp-json\/wp\/v2\/product"}],"about":[{"href":"https:\/\/laserdiode-ld.com\/pt\/wp-json\/wp\/v2\/types\/product"}],"replies":[{"embeddable":true,"href":"https:\/\/laserdiode-ld.com\/pt\/wp-json\/wp\/v2\/comments?post=3136"}],"wp:featuredmedia":[{"embeddable":true,"href":"https:\/\/laserdiode-ld.com\/pt\/wp-json\/wp\/v2\/media\/2858"}],"wp:attachment":[{"href":"https:\/\/laserdiode-ld.com\/pt\/wp-json\/wp\/v2\/media?parent=3136"}],"wp:term":[{"taxonomy":"product_brand","embeddable":true,"href":"https:\/\/laserdiode-ld.com\/pt\/wp-json\/wp\/v2\/product_brand?post=3136"},{"taxonomy":"product_cat","embeddable":true,"href":"https:\/\/laserdiode-ld.com\/pt\/wp-json\/wp\/v2\/product_cat?post=3136"},{"taxonomy":"product_tag","embeddable":true,"href":"https:\/\/laserdiode-ld.com\/pt\/wp-json\/wp\/v2\/product_tag?post=3136"}],"curies":[{"name":"wp","href":"https:\/\/api.w.org\/{rel}","templated":true}]}}