{"id":3060,"date":"2025-11-11T14:13:58","date_gmt":"2025-11-11T06:13:58","guid":{"rendered":"http:\/\/aserdiode-ld.com\/?post_type=product&#038;p=3060"},"modified":"2025-11-17T15:17:18","modified_gmt":"2025-11-17T07:17:18","slug":"modulo-de-diodo-laser-azul-acoplado-a-fibra-de-520-nm-2-w-e-105-um","status":"publish","type":"product","link":"https:\/\/laserdiode-ld.com\/pt\/produto\/modulo-de-diodo-laser-azul-acoplado-a-fibra-de-520-nm-2-w-e-105-um","title":{"rendered":"520 nm 2 W 105 um Azul"},"content":{"rendered":"<p>A Wavespectrum Laser \u00e9 um fabricante de produtos laser de diodo de alta qualidade e desempenho. Estamos empenhados em desenvolver, produzir e vender produtos laser de alto desempenho. A gama de comprimentos de onda \u00e9 ampla, a variedade de embalagens dos produtos \u00e9 grande e est\u00e3o dispon\u00edveis fibras monomodo, multimodo e de manuten\u00e7\u00e3o de polariza\u00e7\u00e3o. Controlamos rigorosamente a qualidade dos produtos e conquist\u00e1mos elogios de clientes em todo o mundo pelo seu excelente desempenho.<\/p>\n<p>A Wavespectrum Laser orgulha-se de oferecer o m\u00f3dulo de d\u00edodo laser azul acoplado a fibra de 520 nm, 2 W e 105 um. Al\u00e9m disso, somos capazes de fornecer variantes de pot\u00eancia personalizadas do m\u00f3dulo de d\u00edodo laser azul acoplado a fibra de 520 nm e 105 um, de acordo com os requisitos do cliente. Al\u00e9m disso, oferecemos uma ampla gama de produtos laser de comprimento de onda pr\u00f3ximo, incluindo lasers de 375 nm, 395 nm, 400 nm, 420 nm, 435 nm, 455 nm, 465 nm, 488 nm, 495 nm e 505 nm.<\/p>","protected":false},"excerpt":{"rendered":"<p>O m\u00f3dulo de d\u00edodo laser azul acoplado a fibra de 520 nm, 2 W e 105 um \u00e9 um produto laser semicondutor de alta pot\u00eancia, sendo que o term\u00edstor, o fotod\u00edodo e o feixe de mira vermelho s\u00e3o opcionais. O n\u00facleo da fibra do m\u00f3dulo laser \u00e9 de 105 um e a abertura num\u00e9rica da fibra \u00e9 de 0,22, sendo que os conectores de fibra SMA905, FC, ST e SC s\u00e3o opcionais. Este m\u00f3dulo de diodo laser azul acoplado a fibra de 520 nm, 2 W e 105 \u00b5m tem alto desempenho e longa vida \u00fatil, sendo preferido por muitos utilizadores industriais e cient\u00edficos. Este m\u00f3dulo laser tem sido amplamente utilizado em telas laser, proje\u00e7\u00e3o laser, pesquisa cient\u00edfica, tratamento m\u00e9dico, dete\u00e7\u00e3o biol\u00f3gica e outros campos. Se o cliente precisar, tamb\u00e9m podemos oferecer m\u00f3dulos laser com vers\u00e3o de fibra destac\u00e1vel. A Wavespectrum Laser tamb\u00e9m pode personalizar o m\u00f3dulo de diodo laser azul acoplado a fibra de 520 nm e 105 um com outra vers\u00e3o de pot\u00eancia, de acordo com a necessidade do cliente.<\/p>","protected":false},"featured_media":2858,"comment_status":"open","ping_status":"closed","template":"","meta":{"themepark_post_bcolor":"#f5f5f5","themepark_post_width":"1022px","themepark_post_img":"","themepark_post_img_po":"left","themepark_post_img_re":false,"themepark_post_img_cover":false,"themepark_post_img_fixed":false,"themepark_post_hide_title":false,"themepark_post_main_b":"","themepark_post_main_p":100,"themepark_paddingblock":false,"_wpscp_schedule_draft_date":"","_wpscp_schedule_republish_date":"","_wpscppro_advance_schedule":false,"_wpscppro_advance_schedule_date":"","_wpscppro_dont_share_socialmedia":false,"_wpscppro_custom_social_share_image":0,"_facebook_share_type":"","_twitter_share_type":"","_linkedin_share_type":"","_pinterest_share_type":"","_linkedin_share_type_page":"","_instagram_share_type":"","_medium_share_type":"","_threads_share_type":"","_google_business_share_type":"","_selected_social_profile":[],"_wpsp_enable_custom_social_template":false,"_wpsp_social_scheduling":{"enabled":false,"datetime":null,"platforms":[],"status":"template_only","dateOption":"today","timeOption":"now","customDays":"","customHours":"","customDate":"","customTime":"","schedulingType":"absolute"},"_wpsp_active_default_template":true},"product_brand":[],"product_cat":[42,153],"product_tag":[],"class_list":{"0":"post-3060","1":"product","2":"type-product","3":"status-publish","4":"has-post-thumbnail","6":"product_cat-multi-mode-fiber-coupled-laser-module","7":"product_cat-520nm-multi-mode-fiber-coupled-laser-module","9":"first","10":"instock","11":"shipping-taxable","12":"product-type-simple"},"aioseo_notices":[],"_links":{"self":[{"href":"https:\/\/laserdiode-ld.com\/pt\/wp-json\/wp\/v2\/product\/3060","targetHints":{"allow":["GET"]}}],"collection":[{"href":"https:\/\/laserdiode-ld.com\/pt\/wp-json\/wp\/v2\/product"}],"about":[{"href":"https:\/\/laserdiode-ld.com\/pt\/wp-json\/wp\/v2\/types\/product"}],"replies":[{"embeddable":true,"href":"https:\/\/laserdiode-ld.com\/pt\/wp-json\/wp\/v2\/comments?post=3060"}],"wp:featuredmedia":[{"embeddable":true,"href":"https:\/\/laserdiode-ld.com\/pt\/wp-json\/wp\/v2\/media\/2858"}],"wp:attachment":[{"href":"https:\/\/laserdiode-ld.com\/pt\/wp-json\/wp\/v2\/media?parent=3060"}],"wp:term":[{"taxonomy":"product_brand","embeddable":true,"href":"https:\/\/laserdiode-ld.com\/pt\/wp-json\/wp\/v2\/product_brand?post=3060"},{"taxonomy":"product_cat","embeddable":true,"href":"https:\/\/laserdiode-ld.com\/pt\/wp-json\/wp\/v2\/product_cat?post=3060"},{"taxonomy":"product_tag","embeddable":true,"href":"https:\/\/laserdiode-ld.com\/pt\/wp-json\/wp\/v2\/product_tag?post=3060"}],"curies":[{"name":"wp","href":"https:\/\/api.w.org\/{rel}","templated":true}]}}