{"id":2990,"date":"2025-11-11T10:49:17","date_gmt":"2025-11-11T02:49:17","guid":{"rendered":"http:\/\/aserdiode-ld.com\/?post_type=product&#038;p=2990"},"modified":"2025-11-17T15:13:41","modified_gmt":"2025-11-17T07:13:41","slug":"modulo-laser-de-diodo-azul-de-alta-potencia-com-pigtail-de-fibra-de-465-nm-15-w-e-400-%c2%b5m","status":"publish","type":"product","link":"https:\/\/laserdiode-ld.com\/pt\/produto\/modulo-laser-de-diodo-azul-de-alta-potencia-com-pigtail-de-fibra-de-465-nm-15-w-e-400-%c2%b5m","title":{"rendered":"465 nm 15 W 400 um Fibra \u00f3ptica de alta pot\u00eancia com pigtail azul"},"content":{"rendered":"<p>A Wavespectrum Laser \u00e9 um fabricante de produtos laser de diodo de alta qualidade e desempenho. Estamos empenhados em desenvolver, produzir e vender produtos laser de alto desempenho. A gama de comprimentos de onda \u00e9 ampla, a variedade de embalagens dos produtos \u00e9 grande e est\u00e3o dispon\u00edveis fibras monomodo, multimodo e de manuten\u00e7\u00e3o de polariza\u00e7\u00e3o. Controlamos rigorosamente a qualidade dos produtos e conquist\u00e1mos elogios de clientes em todo o mundo pelo seu excelente desempenho.<\/p>\n<p>A Wavespectrum Laser tem o prazer de apresentar o nosso m\u00f3dulo laser de diodo azul de alta pot\u00eancia com pigtail de fibra de 465 nm, 15 W e 400 um. Tamb\u00e9m estamos bem preparados para fornecer v\u00e1rias configura\u00e7\u00f5es de pot\u00eancia do m\u00f3dulo laser de diodo azul de alta pot\u00eancia com pigtail de fibra de 465 nm e 400 um, garantindo que atendemos \u00e0s diversas necessidades dos nossos clientes. Al\u00e9m disso, oferecemos um portf\u00f3lio abrangente de produtos laser de comprimento de onda pr\u00f3ximo, que inclui op\u00e7\u00f5es de laser de 400 nm, 455 nm, 480 nm, 488 nm, 495 nm, 505 nm, 520 nm, 635 nm, 660 nm e 670 nm.<\/p>","protected":false},"excerpt":{"rendered":"<p>O m\u00f3dulo laser de diodo azul de alta pot\u00eancia com pigtail de fibra de 465 nm, 15 W e 400 um pode incorporar um term\u00edstor, fotodiodo e feixe de mira vermelho. Oferece v\u00e1rias op\u00e7\u00f5es de conectores de fibra, como SMA905, FC, ST e SC. Este m\u00f3dulo laser gera muito calor durante o funcionamento, por isso recomendamos aos clientes que utilizem refrigera\u00e7\u00e3o a \u00e1gua ou um refrigerador TE para controlar a temperatura de funcionamento do laser. A temperatura de funcionamento recomendada \u00e9 de cerca de 25 \u2103. Este m\u00f3dulo laser de diodo azul de alta pot\u00eancia com pigtail de fibra de 465 nm, 15 W e 400 um \u00e9 muito apreciado pelo seu desempenho e durabilidade superiores, tornando-o uma op\u00e7\u00e3o preferida para v\u00e1rias aplica\u00e7\u00f5es industriais e cient\u00edficas. A sua utilidade abrange diversos setores, incluindo visores a laser, proje\u00e7\u00f5es a laser, investiga\u00e7\u00e3o cient\u00edfica, tratamento m\u00e9dico e dete\u00e7\u00e3o biol\u00f3gica. Al\u00e9m disso, para atender a requisitos espec\u00edficos, tamb\u00e9m fornecemos uma fibra destac\u00e1vel opcional. A Wavespectrum Laser \u00e9 especializada em oferecer solu\u00e7\u00f5es personalizadas para o m\u00f3dulo laser de diodo azul de alta pot\u00eancia com pigtail de fibra de 465 nm e 400 um, garantindo que os requisitos espec\u00edficos de cada cliente sejam meticulosamente atendidos.<\/p>","protected":false},"featured_media":2858,"comment_status":"open","ping_status":"closed","template":"","meta":{"themepark_post_bcolor":"#f5f5f5","themepark_post_width":"1022px","themepark_post_img":"","themepark_post_img_po":"left","themepark_post_img_re":false,"themepark_post_img_cover":false,"themepark_post_img_fixed":false,"themepark_post_hide_title":false,"themepark_post_main_b":"","themepark_post_main_p":100,"themepark_paddingblock":false,"_wpscp_schedule_draft_date":"","_wpscp_schedule_republish_date":"","_wpscppro_advance_schedule":false,"_wpscppro_advance_schedule_date":"","_wpscppro_dont_share_socialmedia":false,"_wpscppro_custom_social_share_image":0,"_facebook_share_type":"","_twitter_share_type":"","_linkedin_share_type":"","_pinterest_share_type":"","_linkedin_share_type_page":"","_instagram_share_type":"","_medium_share_type":"","_threads_share_type":"","_google_business_share_type":"","_selected_social_profile":[],"_wpsp_enable_custom_social_template":false,"_wpsp_social_scheduling":{"enabled":false,"datetime":null,"platforms":[],"status":"template_only","dateOption":"today","timeOption":"now","customDays":"","customHours":"","customDate":"","customTime":"","schedulingType":"absolute"},"_wpsp_active_default_template":true},"product_brand":[],"product_cat":[42,148],"product_tag":[],"class_list":{"0":"post-2990","1":"product","2":"type-product","3":"status-publish","4":"has-post-thumbnail","6":"product_cat-multi-mode-fiber-coupled-laser-module","7":"product_cat-465nm-multi-mode-fiber-coupled-laser-module","9":"first","10":"instock","11":"shipping-taxable","12":"product-type-simple"},"aioseo_notices":[],"_links":{"self":[{"href":"https:\/\/laserdiode-ld.com\/pt\/wp-json\/wp\/v2\/product\/2990","targetHints":{"allow":["GET"]}}],"collection":[{"href":"https:\/\/laserdiode-ld.com\/pt\/wp-json\/wp\/v2\/product"}],"about":[{"href":"https:\/\/laserdiode-ld.com\/pt\/wp-json\/wp\/v2\/types\/product"}],"replies":[{"embeddable":true,"href":"https:\/\/laserdiode-ld.com\/pt\/wp-json\/wp\/v2\/comments?post=2990"}],"wp:featuredmedia":[{"embeddable":true,"href":"https:\/\/laserdiode-ld.com\/pt\/wp-json\/wp\/v2\/media\/2858"}],"wp:attachment":[{"href":"https:\/\/laserdiode-ld.com\/pt\/wp-json\/wp\/v2\/media?parent=2990"}],"wp:term":[{"taxonomy":"product_brand","embeddable":true,"href":"https:\/\/laserdiode-ld.com\/pt\/wp-json\/wp\/v2\/product_brand?post=2990"},{"taxonomy":"product_cat","embeddable":true,"href":"https:\/\/laserdiode-ld.com\/pt\/wp-json\/wp\/v2\/product_cat?post=2990"},{"taxonomy":"product_tag","embeddable":true,"href":"https:\/\/laserdiode-ld.com\/pt\/wp-json\/wp\/v2\/product_tag?post=2990"}],"curies":[{"name":"wp","href":"https:\/\/api.w.org\/{rel}","templated":true}]}}