{"id":2873,"date":"2025-11-10T13:50:13","date_gmt":"2025-11-10T05:50:13","guid":{"rendered":"http:\/\/aserdiode-ld.com\/?post_type=product&#038;p=2873"},"modified":"2025-11-17T15:03:02","modified_gmt":"2025-11-17T07:03:02","slug":"405-nm-200-mw-com-modulo-de-diodo-laser-acoplado-a-fibra-com-refrigerador","status":"publish","type":"product","link":"https:\/\/laserdiode-ld.com\/pt\/produto\/405-nm-200-mw-com-modulo-de-diodo-laser-acoplado-a-fibra-com-refrigerador","title":{"rendered":"405 nm 200 mW com refrigerador TE"},"content":{"rendered":"<p>A Wavespectrum Laser \u00e9 um fabricante de produtos laser de diodo de alta qualidade e desempenho. Estamos empenhados em desenvolver, produzir e vender produtos laser de alto desempenho. A gama de comprimentos de onda \u00e9 ampla, a variedade de embalagens dos produtos \u00e9 grande e est\u00e3o dispon\u00edveis fibras monomodo, multimodo e de manuten\u00e7\u00e3o de polariza\u00e7\u00e3o. Controlamos rigorosamente a qualidade dos produtos e conquist\u00e1mos elogios de clientes em todo o mundo pelo seu excelente desempenho.<\/p>\n<p>A Wavespectrum Laser pode oferecer o m\u00f3dulo de diodo laser acoplado a fibra com resfriador TE de 405 nm e 200 mW, e tamb\u00e9m podemos fornecer aos clientes a vers\u00e3o de pot\u00eancia diferente de 405 nm com m\u00f3dulo de diodo laser acoplado a fibra com resfriador TE. Para os produtos laser de comprimento de onda pr\u00f3ximo, tamb\u00e9m podemos oferecer aos clientes produtos laser de 375 nm, 395 nm, 400 nm, 420 nm, 435 nm, 455 nm, 465 nm, 505 nm e 520 nm.<\/p>","protected":false},"excerpt":{"rendered":"<p>O m\u00f3dulo de d\u00edodo laser acoplado a fibra com refrigerador TE de 405 nm e 200 mW \u00e9 fornecido com fibra multimodo de 50 um, sendo os conectores FC, SC, ST e SMA905 opcionais. Este m\u00f3dulo de laser de d\u00edodo inclui o refrigerador de semicondutor e o term\u00edstor, o que \u00e9 conveniente para os clientes controlarem a temperatura de opera\u00e7\u00e3o. Recomendamos que os operadores preparem dissipadores de calor e ventiladores adequados para dissipar o calor produzido pelo m\u00f3dulo de laser. Este m\u00f3dulo de laser de d\u00edodo acoplado a fibra com refrigerador TE de 405 nm e 200 mW tem alta efici\u00eancia de acoplamento e alto desempenho, recebendo a prefer\u00eancia e elogios de clientes industriais e de pesquisa cient\u00edfica nacionais e estrangeiros. Este m\u00f3dulo LD tem um tamanho compacto, o que facilita a sua integra\u00e7\u00e3o no equipamento do cliente. A Wavespectrum Laser tamb\u00e9m pode personalizar a outra vers\u00e3o de pot\u00eancia de 405 nm com m\u00f3dulo de diodo laser acoplado a fibra com refrigerador TE, de acordo com os requisitos do cliente.<\/p>","protected":false},"featured_media":2858,"comment_status":"open","ping_status":"closed","template":"","meta":{"themepark_post_bcolor":"#f5f5f5","themepark_post_width":"1022px","themepark_post_img":"","themepark_post_img_po":"left","themepark_post_img_re":false,"themepark_post_img_cover":false,"themepark_post_img_fixed":false,"themepark_post_hide_title":false,"themepark_post_main_b":"","themepark_post_main_p":100,"themepark_paddingblock":false,"_wpscp_schedule_draft_date":"","_wpscp_schedule_republish_date":"","_wpscppro_advance_schedule":false,"_wpscppro_advance_schedule_date":"","_wpscppro_dont_share_socialmedia":false,"_wpscppro_custom_social_share_image":0,"_facebook_share_type":"","_twitter_share_type":"","_linkedin_share_type":"","_pinterest_share_type":"","_linkedin_share_type_page":"","_instagram_share_type":"","_medium_share_type":"","_threads_share_type":"","_google_business_share_type":"","_selected_social_profile":[],"_wpsp_enable_custom_social_template":false,"_wpsp_social_scheduling":{"enabled":false,"datetime":null,"platforms":[],"status":"template_only","dateOption":"today","timeOption":"now","customDays":"","customHours":"","customDate":"","customTime":"","schedulingType":"absolute"},"_wpsp_active_default_template":true},"product_brand":[],"product_cat":[42,140],"product_tag":[],"class_list":{"0":"post-2873","1":"product","2":"type-product","3":"status-publish","4":"has-post-thumbnail","6":"product_cat-multi-mode-fiber-coupled-laser-module","7":"product_cat-405nm-multi-mode-fiber-coupled-laser-module","9":"first","10":"instock","11":"shipping-taxable","12":"product-type-simple"},"aioseo_notices":[],"_links":{"self":[{"href":"https:\/\/laserdiode-ld.com\/pt\/wp-json\/wp\/v2\/product\/2873","targetHints":{"allow":["GET"]}}],"collection":[{"href":"https:\/\/laserdiode-ld.com\/pt\/wp-json\/wp\/v2\/product"}],"about":[{"href":"https:\/\/laserdiode-ld.com\/pt\/wp-json\/wp\/v2\/types\/product"}],"replies":[{"embeddable":true,"href":"https:\/\/laserdiode-ld.com\/pt\/wp-json\/wp\/v2\/comments?post=2873"}],"wp:featuredmedia":[{"embeddable":true,"href":"https:\/\/laserdiode-ld.com\/pt\/wp-json\/wp\/v2\/media\/2858"}],"wp:attachment":[{"href":"https:\/\/laserdiode-ld.com\/pt\/wp-json\/wp\/v2\/media?parent=2873"}],"wp:term":[{"taxonomy":"product_brand","embeddable":true,"href":"https:\/\/laserdiode-ld.com\/pt\/wp-json\/wp\/v2\/product_brand?post=2873"},{"taxonomy":"product_cat","embeddable":true,"href":"https:\/\/laserdiode-ld.com\/pt\/wp-json\/wp\/v2\/product_cat?post=2873"},{"taxonomy":"product_tag","embeddable":true,"href":"https:\/\/laserdiode-ld.com\/pt\/wp-json\/wp\/v2\/product_tag?post=2873"}],"curies":[{"name":"wp","href":"https:\/\/api.w.org\/{rel}","templated":true}]}}