{"id":2854,"date":"2025-11-07T16:56:01","date_gmt":"2025-11-07T08:56:01","guid":{"rendered":"http:\/\/aserdiode-ld.com\/?post_type=product&#038;p=2854"},"modified":"2025-11-17T15:01:20","modified_gmt":"2025-11-17T07:01:20","slug":"modulo-laser-de-diodo-com-pigtail-de-fibra-de-1064-nm-20-mw-smf-28-9-um","status":"publish","type":"product","link":"https:\/\/laserdiode-ld.com\/pt\/produto\/modulo-laser-de-diodo-com-pigtail-de-fibra-de-1064-nm-20-mw-smf-28-9-um","title":{"rendered":"1064 nm 20 mW 28 9 um Pigtailed"},"content":{"rendered":"<p>A Wavespectrum Laser \u00e9 um fabricante de produtos laser de diodo de alta qualidade e desempenho. Estamos empenhados em desenvolver, produzir e vender produtos laser de alto desempenho. A gama de comprimentos de onda \u00e9 ampla, a variedade de embalagens dos produtos \u00e9 grande e est\u00e3o dispon\u00edveis fibras monomodo, multimodo e de manuten\u00e7\u00e3o de polariza\u00e7\u00e3o. Controlamos rigorosamente a qualidade dos produtos e conquist\u00e1mos elogios de clientes em todo o mundo pelo seu excelente desempenho.<br \/>\nA Wavespectrum Laser tem o prazer de oferecer o m\u00f3dulo laser de diodo com pigtail de fibra SMF-28 9um de 1064 nm e 20 mW, que encontra ampla aplica\u00e7\u00e3o em v\u00e1rios setores, incluindo laser de fibra, laser m\u00e9dico, impress\u00e3o a laser, corte a laser, detec\u00e7\u00e3o, exibi\u00e7\u00e3o, comunica\u00e7\u00e3o e monitoramento biol\u00f3gico. Al\u00e9m disso, atendemos a um amplo espectro de necessidades com a nossa gama de produtos laser de comprimento de onda pr\u00f3ximo, dispon\u00edveis em 808 nm, 820 nm, 830 nm, 850 nm, 860 nm, 880 nm, 940 nm, 980 nm e 1064 nm.<\/p>","protected":false},"excerpt":{"rendered":"<p>O m\u00f3dulo laser de diodo com pigtail de fibra SMF-28 9um de 1064 nm e 20 mW, compat\u00edvel com fibra SM de 9um, foi projetado com um pacote coaxial para maior compacta\u00e7\u00e3o. Ele oferece recursos opcionais, como um fotodiodo e um resfriador termoel\u00e9trico. O m\u00f3dulo laser de diodo com pigtail de fibra SMF-28 9um de 1064 nm e 20 mW se destaca pelo seu alto desempenho e longa vida \u00fatil. Al\u00e9m disso, fornecemos a vers\u00e3o do pacote da s\u00e9rie B8, equipada com um pequeno dissipador de calor para maior conveni\u00eancia na fixa\u00e7\u00e3o e resfriamento do m\u00f3dulo.<br \/>\nO m\u00f3dulo laser de diodo com pigtail de fibra SMF-28 9um de 1064 nm \u00e9 capaz de fornecer maior pot\u00eancia de sa\u00edda do que os m\u00f3dulos equipados com fibra monomodo de 6 um. Este produto \u00e9 particularmente adequado para aplica\u00e7\u00f5es em que um n\u00facleo de fibra pequeno \u00e9 essencial e os requisitos de qualidade do feixe n\u00e3o s\u00e3o rigorosos.<\/p>","protected":false},"featured_media":1917,"comment_status":"open","ping_status":"closed","template":"","meta":{"themepark_post_bcolor":"#f5f5f5","themepark_post_width":"1022px","themepark_post_img":"","themepark_post_img_po":"left","themepark_post_img_re":false,"themepark_post_img_cover":false,"themepark_post_img_fixed":false,"themepark_post_hide_title":false,"themepark_post_main_b":"","themepark_post_main_p":100,"themepark_paddingblock":false,"_wpscp_schedule_draft_date":"","_wpscp_schedule_republish_date":"","_wpscppro_advance_schedule":false,"_wpscppro_advance_schedule_date":"","_wpscppro_dont_share_socialmedia":false,"_wpscppro_custom_social_share_image":0,"_facebook_share_type":"","_twitter_share_type":"","_linkedin_share_type":"","_pinterest_share_type":"","_linkedin_share_type_page":"","_instagram_share_type":"","_medium_share_type":"","_threads_share_type":"","_google_business_share_type":"","_selected_social_profile":[],"_wpsp_enable_custom_social_template":false,"_wpsp_social_scheduling":{"enabled":false,"datetime":null,"platforms":[],"status":"template_only","dateOption":"today","timeOption":"now","customDays":"","customHours":"","customDate":"","customTime":"","schedulingType":"absolute"},"_wpsp_active_default_template":true},"product_brand":[],"product_cat":[116,35],"product_tag":[],"class_list":{"0":"post-2854","1":"product","2":"type-product","3":"status-publish","4":"has-post-thumbnail","6":"product_cat-1064nm-single-mode-fiber-coupled-laser-module","7":"product_cat-single-mode-fiber-coupled-laser-module","9":"first","10":"instock","11":"shipping-taxable","12":"product-type-simple"},"aioseo_notices":[],"_links":{"self":[{"href":"https:\/\/laserdiode-ld.com\/pt\/wp-json\/wp\/v2\/product\/2854","targetHints":{"allow":["GET"]}}],"collection":[{"href":"https:\/\/laserdiode-ld.com\/pt\/wp-json\/wp\/v2\/product"}],"about":[{"href":"https:\/\/laserdiode-ld.com\/pt\/wp-json\/wp\/v2\/types\/product"}],"replies":[{"embeddable":true,"href":"https:\/\/laserdiode-ld.com\/pt\/wp-json\/wp\/v2\/comments?post=2854"}],"wp:featuredmedia":[{"embeddable":true,"href":"https:\/\/laserdiode-ld.com\/pt\/wp-json\/wp\/v2\/media\/1917"}],"wp:attachment":[{"href":"https:\/\/laserdiode-ld.com\/pt\/wp-json\/wp\/v2\/media?parent=2854"}],"wp:term":[{"taxonomy":"product_brand","embeddable":true,"href":"https:\/\/laserdiode-ld.com\/pt\/wp-json\/wp\/v2\/product_brand?post=2854"},{"taxonomy":"product_cat","embeddable":true,"href":"https:\/\/laserdiode-ld.com\/pt\/wp-json\/wp\/v2\/product_cat?post=2854"},{"taxonomy":"product_tag","embeddable":true,"href":"https:\/\/laserdiode-ld.com\/pt\/wp-json\/wp\/v2\/product_tag?post=2854"}],"curies":[{"name":"wp","href":"https:\/\/api.w.org\/{rel}","templated":true}]}}