{"id":2731,"date":"2025-11-06T17:23:53","date_gmt":"2025-11-06T09:23:53","guid":{"rendered":"http:\/\/aserdiode-ld.com\/?post_type=product&#038;p=2731"},"modified":"2025-11-17T14:53:21","modified_gmt":"2025-11-17T06:53:21","slug":"diodo-laser-com-pigtail-de-manutencao-de-polarizacao-de-830-nm-e-80-mw","status":"publish","type":"product","link":"https:\/\/laserdiode-ld.com\/pt\/produto\/diodo-laser-com-pigtail-de-manutencao-de-polarizacao-de-830-nm-e-80-mw","title":{"rendered":"830 nm 80 mW com manuten\u00e7\u00e3o de polariza\u00e7\u00e3o e pigtail"},"content":{"rendered":"<p>A Wavespectrum Laser \u00e9 um fabricante de produtos laser de diodo de alta qualidade e desempenho. Estamos empenhados em desenvolver, produzir e vender produtos laser de alto desempenho. A gama de comprimentos de onda \u00e9 ampla, a variedade de embalagens dos produtos \u00e9 grande e est\u00e3o dispon\u00edveis fibras monomodo, multimodo e de manuten\u00e7\u00e3o de polariza\u00e7\u00e3o. Controlamos rigorosamente a qualidade dos produtos e conquist\u00e1mos elogios de clientes em todo o mundo pelo seu excelente desempenho.<br \/>\nA Wavespectrum Laser destaca-se no fornecimento de diodos laser acoplados a fibra PMF de 830 nm e 50 mW. Tamb\u00e9m atendemos a diversas demandas, apresentando uma sele\u00e7\u00e3o de configura\u00e7\u00f5es de pot\u00eancia para o diodo laser acoplado a fibra PMF de 830 nm. Al\u00e9m disso, oferecemos m\u00f3dulos laser com valores elevados de PER, atendendo aos clientes que exigem recursos de desempenho superiores. Al\u00e9m das nossas ofertas existentes, temos o prazer de informar que agora fornecemos uma sele\u00e7\u00e3o abrangente de produtos laser de comprimento de onda pr\u00f3ximo, abrangendo comprimentos de onda de 830 nm, 850 nm, 905 nm, 980 nm e 1064 nm, para atender \u00e0s diversas necessidades da nossa clientela.<\/p>","protected":false},"excerpt":{"rendered":"<p>O d\u00edodo laser pigtail com manuten\u00e7\u00e3o de polariza\u00e7\u00e3o de 830 nm e 80 mW \u00e9 fornecido com uma fibra de manuten\u00e7\u00e3o de polariza\u00e7\u00e3o de 4 um e apresenta uma rela\u00e7\u00e3o de extin\u00e7\u00e3o de polariza\u00e7\u00e3o (PER) superior a 13 dB. Uma vers\u00e3o mais avan\u00e7ada com um valor PER mais alto pode ser obtida mediante solicita\u00e7\u00e3o. Este m\u00f3dulo laser PM foi projetado para emitir um feixe gaussiano e \u00e9 embalado em um pacote coaxial para um formato elegante e compacto. Est\u00e1 equipado com um fotodiodo e o refrigerador termoel\u00e9trico (TE Cooler) est\u00e1 dispon\u00edvel como op\u00e7\u00e3o. O diodo laser pigtail com manuten\u00e7\u00e3o de polariza\u00e7\u00e3o de 830 nm e 80 mW foi projetado para oferecer desempenho excepcional e vida \u00fatil prolongada. Al\u00e9m disso, fornecemos os m\u00f3dulos laser da s\u00e9rie B8, equipados com um dissipador de calor miniatura projetado para facilitar a instala\u00e7\u00e3o e o arrefecimento do m\u00f3dulo laser, melhorando assim a conveni\u00eancia do utilizador.<br \/>\nA Wavespectrum Laser \u00e9 capaz de fornecer diodos laser pigtail com manuten\u00e7\u00e3o de polariza\u00e7\u00e3o de 830 nm personalizados para atender aos requisitos espec\u00edficos de pot\u00eancia dos nossos clientes.<\/p>","protected":false},"featured_media":1917,"comment_status":"open","ping_status":"closed","template":"","meta":{"themepark_post_bcolor":"#f5f5f5","themepark_post_width":"1022px","themepark_post_img":"","themepark_post_img_po":"left","themepark_post_img_re":false,"themepark_post_img_cover":false,"themepark_post_img_fixed":false,"themepark_post_hide_title":false,"themepark_post_main_b":"","themepark_post_main_p":100,"themepark_paddingblock":false,"_wpscp_schedule_draft_date":"","_wpscp_schedule_republish_date":"","_wpscppro_advance_schedule":false,"_wpscppro_advance_schedule_date":"","_wpscppro_dont_share_socialmedia":false,"_wpscppro_custom_social_share_image":0,"_facebook_share_type":"","_twitter_share_type":"","_linkedin_share_type":"","_pinterest_share_type":"","_linkedin_share_type_page":"","_instagram_share_type":"","_medium_share_type":"","_threads_share_type":"","_google_business_share_type":"","_selected_social_profile":[],"_wpsp_enable_custom_social_template":false,"_wpsp_social_scheduling":{"enabled":false,"datetime":null,"platforms":[],"status":"template_only","dateOption":"today","timeOption":"now","customDays":"","customHours":"","customDate":"","customTime":"","schedulingType":"absolute"},"_wpsp_active_default_template":true},"product_brand":[],"product_cat":[110,35],"product_tag":[],"class_list":{"0":"post-2731","1":"product","2":"type-product","3":"status-publish","4":"has-post-thumbnail","6":"product_cat-830nm-single-mode-fiber-coupled-laser-module","7":"product_cat-single-mode-fiber-coupled-laser-module","9":"first","10":"instock","11":"shipping-taxable","12":"product-type-simple"},"aioseo_notices":[],"_links":{"self":[{"href":"https:\/\/laserdiode-ld.com\/pt\/wp-json\/wp\/v2\/product\/2731","targetHints":{"allow":["GET"]}}],"collection":[{"href":"https:\/\/laserdiode-ld.com\/pt\/wp-json\/wp\/v2\/product"}],"about":[{"href":"https:\/\/laserdiode-ld.com\/pt\/wp-json\/wp\/v2\/types\/product"}],"replies":[{"embeddable":true,"href":"https:\/\/laserdiode-ld.com\/pt\/wp-json\/wp\/v2\/comments?post=2731"}],"wp:featuredmedia":[{"embeddable":true,"href":"https:\/\/laserdiode-ld.com\/pt\/wp-json\/wp\/v2\/media\/1917"}],"wp:attachment":[{"href":"https:\/\/laserdiode-ld.com\/pt\/wp-json\/wp\/v2\/media?parent=2731"}],"wp:term":[{"taxonomy":"product_brand","embeddable":true,"href":"https:\/\/laserdiode-ld.com\/pt\/wp-json\/wp\/v2\/product_brand?post=2731"},{"taxonomy":"product_cat","embeddable":true,"href":"https:\/\/laserdiode-ld.com\/pt\/wp-json\/wp\/v2\/product_cat?post=2731"},{"taxonomy":"product_tag","embeddable":true,"href":"https:\/\/laserdiode-ld.com\/pt\/wp-json\/wp\/v2\/product_tag?post=2731"}],"curies":[{"name":"wp","href":"https:\/\/api.w.org\/{rel}","templated":true}]}}