{"id":2433,"date":"2025-11-04T13:31:01","date_gmt":"2025-11-04T05:31:01","guid":{"rendered":"http:\/\/aserdiode-ld.com\/?post_type=product&#038;p=2433"},"modified":"2025-11-17T14:26:06","modified_gmt":"2025-11-17T06:26:06","slug":"modulo-de-diodo-laser-acoplado-a-fibra-com-manutencao-de-polarizacao-de-705-nm-e-15-mw","status":"publish","type":"product","link":"https:\/\/laserdiode-ld.com\/pt\/produto\/modulo-de-diodo-laser-acoplado-a-fibra-com-manutencao-de-polarizacao-de-705-nm-e-15-mw","title":{"rendered":"705 nm 15 mW Manuten\u00e7\u00e3o da polariza\u00e7\u00e3o"},"content":{"rendered":"<p>A Wavespectrum Laser \u00e9 um fabricante de produtos laser de diodo de alta qualidade e desempenho. Estamos empenhados em desenvolver, produzir e vender produtos laser de alto desempenho. A gama de comprimentos de onda \u00e9 ampla, a variedade de embalagens dos produtos \u00e9 grande e est\u00e3o dispon\u00edveis fibras monomodo, multimodo e de manuten\u00e7\u00e3o de polariza\u00e7\u00e3o. Controlamos rigorosamente a qualidade dos produtos e conquist\u00e1mos elogios de clientes em todo o mundo pelo seu excelente desempenho.<br \/>\nA Wavespectrum Laser pode oferecer m\u00f3dulos de d\u00edodo laser acoplados a fibra com manuten\u00e7\u00e3o de polariza\u00e7\u00e3o de 705 nm e 15 mW, e tamb\u00e9m podemos fornecer aos clientes m\u00f3dulos de d\u00edodo laser acoplados a fibra PM de 705 nm com diferentes vers\u00f5es de pot\u00eancia, estando dispon\u00edveis m\u00f3dulos laser com valores PER mais elevados. Para os produtos laser de comprimento de onda pr\u00f3ximo, tamb\u00e9m podemos oferecer aos clientes produtos laser de 400 nm, 445 nm, 488 nm, 505 nm, 520 nm, 635 nm, 660 nm e 785 nm.<\/p>","protected":false},"excerpt":{"rendered":"<p>O m\u00f3dulo de diodo laser acoplado a fibra com manuten\u00e7\u00e3o de polariza\u00e7\u00e3o de 705 nm e 15 mW \u00e9 com fibra PM de 4 um, o PER \u00e9 \uff1e13 dB, e a vers\u00e3o do m\u00f3dulo laser com valor PER mais alto \u00e9 opcional, o m\u00f3dulo laser PM pode obter o feixe gaussiano, \u00e9 com pacote coaxial, o tamanho do produto \u00e9 compacto, tem PD integrado e o refrigerador TE \u00e9 opcional. Este m\u00f3dulo de diodo laser acoplado a fibra com manuten\u00e7\u00e3o de polariza\u00e7\u00e3o de 705 nm e 15 mW tem alto desempenho e longa vida \u00fatil. Tamb\u00e9m podemos oferecer aos clientes os m\u00f3dulos laser com pacote da s\u00e9rie B8. O m\u00f3dulo laser com pacote da s\u00e9rie B8 tem um pequeno dissipador de calor, o que ser\u00e1 mais conveniente para os clientes fixarem e resfriarem o m\u00f3dulo laser.<br \/>\nA Wavespectrum Laser tamb\u00e9m pode personalizar os outros m\u00f3dulos de d\u00edodo laser acoplados a fibra PM de 705 nm de outra vers\u00e3o de pot\u00eancia, de acordo com os requisitos do cliente.<\/p>","protected":false},"featured_media":1917,"comment_status":"open","ping_status":"closed","template":"","meta":{"themepark_post_bcolor":"#f5f5f5","themepark_post_width":"1022px","themepark_post_img":"","themepark_post_img_po":"left","themepark_post_img_re":false,"themepark_post_img_cover":false,"themepark_post_img_fixed":false,"themepark_post_hide_title":false,"themepark_post_main_b":"","themepark_post_main_p":100,"themepark_paddingblock":false,"_wpscp_schedule_draft_date":"","_wpscp_schedule_republish_date":"","_wpscppro_advance_schedule":false,"_wpscppro_advance_schedule_date":"","_wpscppro_dont_share_socialmedia":false,"_wpscppro_custom_social_share_image":0,"_facebook_share_type":"","_twitter_share_type":"","_linkedin_share_type":"","_pinterest_share_type":"","_linkedin_share_type_page":"","_instagram_share_type":"","_medium_share_type":"","_threads_share_type":"","_google_business_share_type":"","_selected_social_profile":[],"_wpsp_enable_custom_social_template":false,"_wpsp_social_scheduling":{"enabled":false,"datetime":null,"platforms":[],"status":"template_only","dateOption":"today","timeOption":"now","customDays":"","customHours":"","customDate":"","customTime":"","schedulingType":"absolute"},"_wpsp_active_default_template":true},"product_brand":[],"product_cat":[105,35],"product_tag":[],"class_list":{"0":"post-2433","1":"product","2":"type-product","3":"status-publish","4":"has-post-thumbnail","6":"product_cat-705nm-single-mode-fiber-coupled-laser-module","7":"product_cat-single-mode-fiber-coupled-laser-module","9":"first","10":"instock","11":"shipping-taxable","12":"product-type-simple"},"aioseo_notices":[],"_links":{"self":[{"href":"https:\/\/laserdiode-ld.com\/pt\/wp-json\/wp\/v2\/product\/2433","targetHints":{"allow":["GET"]}}],"collection":[{"href":"https:\/\/laserdiode-ld.com\/pt\/wp-json\/wp\/v2\/product"}],"about":[{"href":"https:\/\/laserdiode-ld.com\/pt\/wp-json\/wp\/v2\/types\/product"}],"replies":[{"embeddable":true,"href":"https:\/\/laserdiode-ld.com\/pt\/wp-json\/wp\/v2\/comments?post=2433"}],"wp:featuredmedia":[{"embeddable":true,"href":"https:\/\/laserdiode-ld.com\/pt\/wp-json\/wp\/v2\/media\/1917"}],"wp:attachment":[{"href":"https:\/\/laserdiode-ld.com\/pt\/wp-json\/wp\/v2\/media?parent=2433"}],"wp:term":[{"taxonomy":"product_brand","embeddable":true,"href":"https:\/\/laserdiode-ld.com\/pt\/wp-json\/wp\/v2\/product_brand?post=2433"},{"taxonomy":"product_cat","embeddable":true,"href":"https:\/\/laserdiode-ld.com\/pt\/wp-json\/wp\/v2\/product_cat?post=2433"},{"taxonomy":"product_tag","embeddable":true,"href":"https:\/\/laserdiode-ld.com\/pt\/wp-json\/wp\/v2\/product_tag?post=2433"}],"curies":[{"name":"wp","href":"https:\/\/api.w.org\/{rel}","templated":true}]}}