{"id":2286,"date":"2025-11-03T14:01:26","date_gmt":"2025-11-03T06:01:26","guid":{"rendered":"http:\/\/aserdiode-ld.com\/?post_type=product&#038;p=2286"},"modified":"2025-11-17T14:09:01","modified_gmt":"2025-11-17T06:09:01","slug":"diodo-laser-com-pigtail-smf-de-633-nm-e-50-mw","status":"publish","type":"product","link":"https:\/\/laserdiode-ld.com\/pt\/produto\/diodo-laser-com-pigtail-smf-de-633-nm-e-50-mw","title":{"rendered":"633 nm 50 mW com pigtail"},"content":{"rendered":"<p>A Wavespectrum Laser \u00e9 um fabricante de produtos laser de diodo de alta qualidade e desempenho. Estamos empenhados em desenvolver, produzir e vender produtos laser de alto desempenho. A gama de comprimentos de onda \u00e9 ampla, a variedade de embalagens dos produtos \u00e9 grande e est\u00e3o dispon\u00edveis fibras monomodo, multimodo e de manuten\u00e7\u00e3o de polariza\u00e7\u00e3o. Controlamos rigorosamente a qualidade dos produtos e conquist\u00e1mos elogios de clientes em todo o mundo pelo seu excelente desempenho.<br \/>\nA Wavespectrum Laser tem o prazer de apresentar o nosso diodo laser SMF pigtailed de 633 nm e 50 mW. Estamos tamb\u00e9m bem preparados para fornecer v\u00e1rias configura\u00e7\u00f5es de pot\u00eancia do diodo laser SMF pigtailed de 633 nm, garantindo que atendemos \u00e0s diversas necessidades dos nossos clientes. Al\u00e9m disso, oferecemos um portf\u00f3lio abrangente de produtos laser de comprimento de onda pr\u00f3ximo, que inclui op\u00e7\u00f5es de laser de 635 nm, 660 nm e 670 nm.<\/p>","protected":false},"excerpt":{"rendered":"<p>O d\u00edodo laser SMF pigtailed de 633 nm e 50 mW, que incorpora uma fibra monomodo de 4 um, foi projetado com precis\u00e3o para emitir um feixe gaussiano. Encaixado em um pacote coaxial, ele oferece um formato compacto e a op\u00e7\u00e3o de um resfriador termoel\u00e9trico (TE Cooler).<br \/>\nEste d\u00edodo laser SMF pigtailed de 633 nm e 50 mW se destaca pelo seu desempenho superior e vida \u00fatil prolongada. Al\u00e9m disso, oferecemos uma op\u00e7\u00e3o de pacote da s\u00e9rie B8, completo com um dissipador de calor miniatura, projetado para facilitar a instala\u00e7\u00e3o do m\u00f3dulo laser e otimizar o gerenciamento t\u00e9rmico para os nossos clientes.<br \/>\nA Wavespectrum Laser \u00e9 especializada em oferecer solu\u00e7\u00f5es personalizadas para diodos laser pigtail SMF de 633 nm, garantindo que as necessidades espec\u00edficas de cada cliente sejam atendidas.<\/p>","protected":false},"featured_media":1917,"comment_status":"open","ping_status":"closed","template":"","meta":{"themepark_post_bcolor":"#f5f5f5","themepark_post_width":"1022px","themepark_post_img":"","themepark_post_img_po":"left","themepark_post_img_re":false,"themepark_post_img_cover":false,"themepark_post_img_fixed":false,"themepark_post_hide_title":false,"themepark_post_main_b":"","themepark_post_main_p":100,"themepark_paddingblock":false,"_wpscp_schedule_draft_date":"","_wpscp_schedule_republish_date":"","_wpscppro_advance_schedule":false,"_wpscppro_advance_schedule_date":"","_wpscppro_dont_share_socialmedia":false,"_wpscppro_custom_social_share_image":0,"_facebook_share_type":"","_twitter_share_type":"","_linkedin_share_type":"","_pinterest_share_type":"","_linkedin_share_type_page":"","_instagram_share_type":"","_medium_share_type":"","_threads_share_type":"","_google_business_share_type":"","_selected_social_profile":[],"_wpsp_enable_custom_social_template":false,"_wpsp_social_scheduling":{"enabled":false,"datetime":null,"platforms":[],"status":"template_only","dateOption":"today","timeOption":"now","customDays":"","customHours":"","customDate":"","customTime":"","schedulingType":"absolute"},"_wpsp_active_default_template":true},"product_brand":[],"product_cat":[98,35],"product_tag":[],"class_list":{"0":"post-2286","1":"product","2":"type-product","3":"status-publish","4":"has-post-thumbnail","6":"product_cat-633nm-single-mode-fiber-coupled-laser-module","7":"product_cat-single-mode-fiber-coupled-laser-module","9":"first","10":"instock","11":"shipping-taxable","12":"product-type-simple"},"aioseo_notices":[],"_links":{"self":[{"href":"https:\/\/laserdiode-ld.com\/pt\/wp-json\/wp\/v2\/product\/2286","targetHints":{"allow":["GET"]}}],"collection":[{"href":"https:\/\/laserdiode-ld.com\/pt\/wp-json\/wp\/v2\/product"}],"about":[{"href":"https:\/\/laserdiode-ld.com\/pt\/wp-json\/wp\/v2\/types\/product"}],"replies":[{"embeddable":true,"href":"https:\/\/laserdiode-ld.com\/pt\/wp-json\/wp\/v2\/comments?post=2286"}],"wp:featuredmedia":[{"embeddable":true,"href":"https:\/\/laserdiode-ld.com\/pt\/wp-json\/wp\/v2\/media\/1917"}],"wp:attachment":[{"href":"https:\/\/laserdiode-ld.com\/pt\/wp-json\/wp\/v2\/media?parent=2286"}],"wp:term":[{"taxonomy":"product_brand","embeddable":true,"href":"https:\/\/laserdiode-ld.com\/pt\/wp-json\/wp\/v2\/product_brand?post=2286"},{"taxonomy":"product_cat","embeddable":true,"href":"https:\/\/laserdiode-ld.com\/pt\/wp-json\/wp\/v2\/product_cat?post=2286"},{"taxonomy":"product_tag","embeddable":true,"href":"https:\/\/laserdiode-ld.com\/pt\/wp-json\/wp\/v2\/product_tag?post=2286"}],"curies":[{"name":"wp","href":"https:\/\/api.w.org\/{rel}","templated":true}]}}