{"id":1932,"date":"2025-10-29T11:12:53","date_gmt":"2025-10-29T03:12:53","guid":{"rendered":"http:\/\/aserdiode-ld.com\/?post_type=product&#038;p=1932"},"modified":"2025-11-17T13:55:18","modified_gmt":"2025-11-17T05:55:18","slug":"modulo-laser-de-diodo-pigtail-pmf-de-405-nm-e-30-mw","status":"publish","type":"product","link":"https:\/\/laserdiode-ld.com\/pt\/produto\/modulo-laser-de-diodo-pigtail-pmf-de-405-nm-e-30-mw","title":{"rendered":"405 nm 30 mW PMF com pigtail"},"content":{"rendered":"<p>A Wavespectrum Laser \u00e9 um fabricante de produtos laser de diodo de alta qualidade e desempenho. Estamos empenhados em desenvolver, produzir e vender produtos laser de alto desempenho. A gama de comprimentos de onda \u00e9 ampla, a variedade de embalagens dos produtos \u00e9 grande e est\u00e3o dispon\u00edveis fibras monomodo, multimodo e de manuten\u00e7\u00e3o de polariza\u00e7\u00e3o. Controlamos rigorosamente a qualidade dos produtos e conquist\u00e1mos elogios de clientes em todo o mundo pelo seu excelente desempenho.<br \/>\nA Wavespectrum Laser \u00e9 especializada no fornecimento de m\u00f3dulos laser de diodo pigtail PMF de 405 nm e 30 mW, e tamb\u00e9m atendemos a diversas necessidades, oferecendo v\u00e1rias vers\u00f5es de pot\u00eancia dos m\u00f3dulos laser de diodo pigtail PMF de 405 nm. Al\u00e9m disso, temos m\u00f3dulos laser com valores PER mais altos dispon\u00edveis para clientes que precisam de desempenho aprimorado. A nossa linha de produtos inclui uma gama de m\u00f3dulos laser PM de comprimento de onda pr\u00f3ximo, tais como: produtos laser de 400 nm, 445 nm, 480 nm, 488 nm, 495 nm, 505 nm, 520 nm e 635 nm, proporcionando uma escolha diversificada aos clientes.<\/p>\n<p>&nbsp;<\/p>","protected":false},"excerpt":{"rendered":"<p>O m\u00f3dulo laser de diodo pigtail PMF de 405 nm e 30 mW est\u00e1 equipado com uma fibra de manuten\u00e7\u00e3o de polariza\u00e7\u00e3o de 3 um e apresenta um PER superior a 13 dB. Uma vers\u00e3o atualizada com um valor PER ainda mais alto est\u00e1 dispon\u00edvel mediante solicita\u00e7\u00e3o. Este m\u00f3dulo laser PM \u00e9 capaz de emitir um feixe gaussiano e foi projetado com um pacote coaxial, contribuindo para o seu tamanho compacto. Ele inclui um fotodiodo, e o TE Cooler \u00e9 opcional. Este m\u00f3dulo laser de diodo pigtail PMF de 405 nm e 30 mW possui desempenho e durabilidade superiores. Al\u00e9m disso, tamb\u00e9m podemos oferecer aos clientes os m\u00f3dulos laser da vers\u00e3o com pacote da s\u00e9rie B8. Os m\u00f3dulos laser com pacote da s\u00e9rie B8 v\u00eam com um pequeno dissipador de calor, o que simplifica o processo de fixa\u00e7\u00e3o e arrefecimento do m\u00f3dulo laser, aumentando a conveni\u00eancia para os clientes.<br \/>\nA Wavespectrum Laser \u00e9 capaz de fornecer uma variedade de op\u00e7\u00f5es de pot\u00eancia para os m\u00f3dulos laser de diodo pigtail PMF de 405 nm, adaptados para atender \u00e0s necessidades espec\u00edficas dos clientes.<\/p>","protected":false},"featured_media":1917,"comment_status":"open","ping_status":"closed","template":"","meta":{"themepark_post_bcolor":"#f5f5f5","themepark_post_width":"1022px","themepark_post_img":"","themepark_post_img_po":"left","themepark_post_img_re":false,"themepark_post_img_cover":false,"themepark_post_img_fixed":false,"themepark_post_hide_title":false,"themepark_post_main_b":"","themepark_post_main_p":100,"themepark_paddingblock":false,"_wpscp_schedule_draft_date":"","_wpscp_schedule_republish_date":"","_wpscppro_advance_schedule":false,"_wpscppro_advance_schedule_date":"","_wpscppro_dont_share_socialmedia":false,"_wpscppro_custom_social_share_image":0,"_facebook_share_type":"","_twitter_share_type":"","_linkedin_share_type":"","_pinterest_share_type":"","_linkedin_share_type_page":"","_instagram_share_type":"","_medium_share_type":"","_threads_share_type":"","_google_business_share_type":"","_selected_social_profile":[],"_wpsp_enable_custom_social_template":false,"_wpsp_social_scheduling":{"enabled":false,"datetime":null,"platforms":[],"status":"template_only","dateOption":"today","timeOption":"now","customDays":"","customHours":"","customDate":"","customTime":"","schedulingType":"absolute"},"_wpsp_active_default_template":true},"product_brand":[],"product_cat":[88,35],"product_tag":[],"class_list":{"0":"post-1932","1":"product","2":"type-product","3":"status-publish","4":"has-post-thumbnail","6":"product_cat-405nm-single-mode-fiber-coupled-laser-module","7":"product_cat-single-mode-fiber-coupled-laser-module","9":"first","10":"instock","11":"shipping-taxable","12":"product-type-simple"},"aioseo_notices":[],"_links":{"self":[{"href":"https:\/\/laserdiode-ld.com\/pt\/wp-json\/wp\/v2\/product\/1932","targetHints":{"allow":["GET"]}}],"collection":[{"href":"https:\/\/laserdiode-ld.com\/pt\/wp-json\/wp\/v2\/product"}],"about":[{"href":"https:\/\/laserdiode-ld.com\/pt\/wp-json\/wp\/v2\/types\/product"}],"replies":[{"embeddable":true,"href":"https:\/\/laserdiode-ld.com\/pt\/wp-json\/wp\/v2\/comments?post=1932"}],"wp:featuredmedia":[{"embeddable":true,"href":"https:\/\/laserdiode-ld.com\/pt\/wp-json\/wp\/v2\/media\/1917"}],"wp:attachment":[{"href":"https:\/\/laserdiode-ld.com\/pt\/wp-json\/wp\/v2\/media?parent=1932"}],"wp:term":[{"taxonomy":"product_brand","embeddable":true,"href":"https:\/\/laserdiode-ld.com\/pt\/wp-json\/wp\/v2\/product_brand?post=1932"},{"taxonomy":"product_cat","embeddable":true,"href":"https:\/\/laserdiode-ld.com\/pt\/wp-json\/wp\/v2\/product_cat?post=1932"},{"taxonomy":"product_tag","embeddable":true,"href":"https:\/\/laserdiode-ld.com\/pt\/wp-json\/wp\/v2\/product_tag?post=1932"}],"curies":[{"name":"wp","href":"https:\/\/api.w.org\/{rel}","templated":true}]}}