{"id":1877,"date":"2025-10-28T14:09:17","date_gmt":"2025-10-28T06:09:17","guid":{"rendered":"http:\/\/aserdiode-ld.com\/?post_type=product&#038;p=1877"},"modified":"2025-10-28T14:09:17","modified_gmt":"2025-10-28T06:09:17","slug":"diodo-laser-de-1550-nm-25-w-montagem-e","status":"publish","type":"product","link":"https:\/\/laserdiode-ld.com\/pt\/produto\/diodo-laser-de-1550-nm-25-w-montagem-e","title":{"rendered":"Diodo laser E-mount de 1550 nm e 2,5 W"},"content":{"rendered":"<p>A Wavespectrum Laser \u00e9 um fabricante de produtos laser de diodo de alta qualidade e desempenho. Estamos empenhados em desenvolver, produzir e vender produtos laser de alto desempenho. A gama de comprimentos de onda \u00e9 ampla, a variedade de embalagens dos produtos \u00e9 grande e est\u00e3o dispon\u00edveis fibras monomodo, multimodo e de manuten\u00e7\u00e3o de polariza\u00e7\u00e3o. Controlamos rigorosamente a qualidade dos produtos e conquist\u00e1mos elogios de clientes em todo o mundo pelo seu excelente desempenho.<br \/>\nA Wavespectrum Laser oferece uma variedade de d\u00edodos laser, incluindo d\u00edodos laser E-mount de 1550 nm e 2,5 W. Al\u00e9m disso, fornecemos diferentes vers\u00f5es de pot\u00eancia de d\u00edodos laser multimodo de 1550 nm. Para os d\u00edodos laser multimodo de comprimento de onda pr\u00f3ximo, podemos oferecer aos clientes d\u00edodos laser de 940 nm, 980 nm, 1064 nm, 1310 nm, 1450 nm, 1470 nm, 1570 nm e 1920 nm.<\/p>","protected":false},"excerpt":{"rendered":"<p>O d\u00edodo laser E-mount de 1550 nm e 2,5 W \u00e9 um d\u00edodo laser semicondutor multimodo que pode ser equipado com a lente FAC, oferecendo a op\u00e7\u00e3o de feixe quadrado ou linear. Este d\u00edodo laser E-mount de 1550 nm e 2,5 W \u00e9 um produto laser infravermelho com alto desempenho e longa vida \u00fatil. A Wavespectrum Laser tamb\u00e9m pode fornecer aos clientes outras vers\u00f5es de pot\u00eancia dos d\u00edodos laser multimodo de 1550 nm.<\/p>","protected":false},"featured_media":1876,"comment_status":"open","ping_status":"closed","template":"","meta":{"themepark_post_bcolor":"#f5f5f5","themepark_post_width":"1022px","themepark_post_img":"","themepark_post_img_po":"left","themepark_post_img_re":false,"themepark_post_img_cover":false,"themepark_post_img_fixed":false,"themepark_post_hide_title":false,"themepark_post_main_b":"","themepark_post_main_p":100,"themepark_paddingblock":false,"_wpscp_schedule_draft_date":"","_wpscp_schedule_republish_date":"","_wpscppro_advance_schedule":false,"_wpscppro_advance_schedule_date":"","_wpscppro_dont_share_socialmedia":false,"_wpscppro_custom_social_share_image":0,"_facebook_share_type":"","_twitter_share_type":"","_linkedin_share_type":"","_pinterest_share_type":"","_linkedin_share_type_page":"","_instagram_share_type":"","_medium_share_type":"","_threads_share_type":"","_google_business_share_type":"","_selected_social_profile":[],"_wpsp_enable_custom_social_template":false,"_wpsp_social_scheduling":{"enabled":false,"datetime":null,"platforms":[],"status":"template_only","dateOption":"today","timeOption":"now","customDays":"","customHours":"","customDate":"","customTime":"","schedulingType":"absolute"},"_wpsp_active_default_template":true},"product_brand":[],"product_cat":[85,36],"product_tag":[],"class_list":{"0":"post-1877","1":"product","2":"type-product","3":"status-publish","4":"has-post-thumbnail","6":"product_cat-1550nm-multi-mode-laser-diode","7":"product_cat-multi-mode-laser-diode","9":"first","10":"instock","11":"shipping-taxable","12":"product-type-simple"},"aioseo_notices":[],"_links":{"self":[{"href":"https:\/\/laserdiode-ld.com\/pt\/wp-json\/wp\/v2\/product\/1877","targetHints":{"allow":["GET"]}}],"collection":[{"href":"https:\/\/laserdiode-ld.com\/pt\/wp-json\/wp\/v2\/product"}],"about":[{"href":"https:\/\/laserdiode-ld.com\/pt\/wp-json\/wp\/v2\/types\/product"}],"replies":[{"embeddable":true,"href":"https:\/\/laserdiode-ld.com\/pt\/wp-json\/wp\/v2\/comments?post=1877"}],"wp:featuredmedia":[{"embeddable":true,"href":"https:\/\/laserdiode-ld.com\/pt\/wp-json\/wp\/v2\/media\/1876"}],"wp:attachment":[{"href":"https:\/\/laserdiode-ld.com\/pt\/wp-json\/wp\/v2\/media?parent=1877"}],"wp:term":[{"taxonomy":"product_brand","embeddable":true,"href":"https:\/\/laserdiode-ld.com\/pt\/wp-json\/wp\/v2\/product_brand?post=1877"},{"taxonomy":"product_cat","embeddable":true,"href":"https:\/\/laserdiode-ld.com\/pt\/wp-json\/wp\/v2\/product_cat?post=1877"},{"taxonomy":"product_tag","embeddable":true,"href":"https:\/\/laserdiode-ld.com\/pt\/wp-json\/wp\/v2\/product_tag?post=1877"}],"curies":[{"name":"wp","href":"https:\/\/api.w.org\/{rel}","templated":true}]}}