{"id":70,"date":"2025-08-26T14:34:50","date_gmt":"2025-08-26T06:34:50","guid":{"rendered":"http:\/\/themetest6.local\/?page_id=70"},"modified":"2025-11-28T13:23:34","modified_gmt":"2025-11-28T05:23:34","slug":"sobre-nos","status":"publish","type":"page","link":"https:\/\/laserdiode-ld.com\/pt\/sobre-nos","title":{"rendered":"Sobre n\u00f3s"},"content":{"rendered":"<section class=\"wp-block-themepark-block-themepark-area block_layout thempark-block undefined bom50 top50\" id=\"\" style=\"padding-bottom:84px;padding-top:200px;height:500px;box-sizing: border-box;width: 100%;\" data-swiper-parallax=\"-700\"><div class=\"block_layout_in\" style=\"\"><div class=\"post_in_list_head modle_title3\"><h3><span style=\"color:#ffffff;font-size:40px;\" class=\"main-title\">SOBRE N\u00d3S<\/span><\/h3><div class=\"title_boout\"><div class=\"title_bo\" style=\"border-bottom:2px solid #ccc;\"><\/div><\/div><\/div>\n<div class=\"wp-block-column block_layout_in is-layout-flow wp-block-column-is-layout-flow\"><\/div>\n<\/div><div class=\"layout_badh\"><div class=\"shizhezhao\" style=\"opacity:0.49;background-color:;\"><\/div><div class=\"PcOnly themepark-block_layout_ba lazyload swiper-lazy  jttj\" style=\"background-repeat:no-repeat;background-size:cover;background-attachment:fixed;background-position:center;\" data-background=\"https:\/\/laserdiode-ld.com\/wp-content\/uploads\/2025\/11\/about-us-banner.jpg\"><\/div><div class=\"MovePnly themepark-block_layout_ba lazyload swiper-move-lazy jttj\" style=\"background-repeat:no-repeat;background-size:cover;background-attachment:fixed;background-position:center;\" data-background=\"https:\/\/laserdiode-ld.com\/wp-content\/uploads\/2025\/11\/about-us-banner.jpg\"><\/div><\/div><\/section>\n\n\n\n<section class=\"wp-block-themepark-block-themepark-area block_layout thempark-block undefined bom20 top20\" id=\"padingmax\" style=\"background-color:#ffffff;padding-bottom:17px;padding-top:74px;\" data-swiper-parallax=\"-700\"><div class=\"block_layout_in\" style=\"max-width:1400px;\">\n<div class=\"wp-block-column block_layout_in is-layout-flow wp-block-column-is-layout-flow\">\n<div class=\"wp-block-themepark-block-themepark-wright content-super-p\" style=\"font-size:12px;line-height:60px;padding:10px 10px;\">\n<div class=\"wp-block-column is-layout-flow wp-block-column-is-layout-flow\">\n<h2 class=\"wp-block-heading has-text-align-center has-bonkers-font-size\">Como come\u00e7\u00e1mos<\/h2>\n\n\n\n<div class=\"wp-block-themepark-block-themepark-xian theme_fang_out\" style=\"text-align:center;padding-top:1px;padding-bottom:10px;\"><div class=\"fangbox\" style=\"width:116px;height:2px;background:linear-gradient(90deg, #ff3a3a, #000000);\"><\/div><\/div>\n<\/div>\n<\/div>\n\n\n\n<div class=\"wp-block-themepark-block-themepark-wright content-super-p\" style=\"font-size:16px;line-height:29px;padding:10px 1px;\">\n<div class=\"wp-block-column is-layout-flow wp-block-column-is-layout-flow\">\n<p>A equipa principal da Wavespectrum Laser \u00e9 composta por profissionais experientes que regressaram do estrangeiro, com membros-chave provenientes principalmente de \u00e1reas como semicondutores, optoeletr\u00f3nica, lasers, \u00f3tica e instrumentos de precis\u00e3o. A empresa estabeleceu rela\u00e7\u00f5es de coopera\u00e7\u00e3o estreitas com v\u00e1rias universidades, institutos de investiga\u00e7\u00e3o e setores militares no pa\u00eds e no estrangeiro, e alcan\u00e7ou resultados de aplica\u00e7\u00e3o extensivos em \u00e1reas que incluem ci\u00eancia espacial, aplica\u00e7\u00f5es militares, medicina, ci\u00eancias da vida e comunica\u00e7\u00f5es \u00f3ticas.<br>\u00c0 medida que a empresa cresce e se expande, criou centros de I&amp;D e instala\u00e7\u00f5es de fabrico na China, al\u00e9m de ter uma equipa de I&amp;D na Europa. A sua gama de produtos inclui d\u00edodos laser semicondutores, m\u00f3dulos laser acoplados a fibra, m\u00f3dulos laser conect\u00e1veis a fibra, m\u00f3dulos laser m\u00e9dicos, m\u00f3dulos laser biol\u00f3gicos e sistemas laser semicondutores, com comprimentos de onda que abrangem 375 nm a 1920 nm. Esses produtos s\u00e3o amplamente utilizados em \u00e1reas como impress\u00e3o a laser, corte a laser, medicina a laser, exibi\u00e7\u00e3o a laser e comunica\u00e7\u00e3o a laser.<br><\/p>\n<\/div>\n<\/div>\n\n\n\n<section class=\"wp-block-themepark-block-themepark-imgtext thempark-block themepark_imgtext updonwmodle undefined\" style=\"padding-top:21px;\"><div class=\"themepark_imgtext_img\" style=\"border-radius:15px;\" data-swiper-parallax=\"-1800\"><img class=\"lazyload  swiper-lazy swiper-move-lazy\" style=\"\" data-src=\"https:\/\/laserdiode-ld.com\/wp-content\/uploads\/2025\/09\/p1-1.jpg\" alt=\"\"\/><\/div><div class=\"themepark_imgtext_text\" style=\"\" data-swiper-parallax=\"-1600\">\n<div class=\"wp-block-column is-layout-flow wp-block-column-is-layout-flow\">\n<div class=\"wp-block-themepark-block-themepark-wright content-super-p\" style=\"font-size:16px;line-height:27px;color:#0b0b0b;padding:10px 0px;\">\n<div class=\"wp-block-column is-layout-flow wp-block-column-is-layout-flow\">\n<p>Seguindo rigorosos padr\u00f5es de controlo de qualidade e crit\u00e9rios de design de produ\u00e7\u00e3o de n\u00edvel militar, os produtos da empresa s\u00e3o vendidos para pa\u00edses desenvolvidos, como Alemanha, \u00c1ustria, Su\u00ed\u00e7a, Fran\u00e7a, Reino Unido, Estados Unidos e Jap\u00e3o, e ela estabeleceu parcerias de coopera\u00e7\u00e3o de longo prazo com v\u00e1rias empresas locais de renome.<br>Guiada pelas exig\u00eancias do mercado, a empresa est\u00e1 comprometida com a inova\u00e7\u00e3o cont\u00ednua e dedicada a fornecer aos clientes solu\u00e7\u00f5es de laser semicondutor com a mais alta rela\u00e7\u00e3o custo-benef\u00edcio, o que constitui o seu princ\u00edpio fundamental.<\/p>\n\n\n\n<p><\/p>\n<\/div>\n<\/div>\n<\/div>\n<\/div><div class=\"themepark_imgtext_ba\" style=\"opacity:1;\"><\/div><\/section>\n<\/div>\n<\/div><div class=\"layout_badh\"><\/div><\/section>\n\n\n\n<section class=\"wp-block-themepark-block-themepark-area block_layout thempark-block undefined bom20 top20\" id=\"padingmax\" style=\"background-color:#ff3b3b05;padding-bottom:44px;padding-top:46px;\" data-swiper-parallax=\"-700\"><div class=\"block_layout_in clomnsmal\" style=\"max-width:1400px;\">\n<div class=\"wp-block-column block_layout_in is-layout-flow wp-block-column-is-layout-flow\">\n<div class=\"wp-block-columns is-layout-flex wp-container-core-columns-is-layout-9d6595d7 wp-block-columns-is-layout-flex\">\n<div class=\"wp-block-column is-layout-flow wp-block-column-is-layout-flow\">\n<div class=\"wp-block-themepark-block-themepark-radiusimgbox themepark-radiusimgbox\" style=\"background:#d9eaea;height:672px;\"><div class=\"radiusimgboximg\"><img loading=\"lazy\" decoding=\"async\" src=\"https:\/\/laserdiode-ld.com\/wp-content\/uploads\/2025\/09\/1.jpg\" width=\"591\" height=\"639\" alt=\"\"\/><\/div><div class=\"radiusimgbox\" style=\"background:#d9eaea;width:384px;\"><div class=\"radiusimgbox_in\" style=\"box-shadow: 0 0 7px 7px #0000001a;\">\n<div class=\"wp-block-column block_layout_in is-layout-flow wp-block-column-is-layout-flow\">\n<p class=\"has-medium-font-size\"><strong>Garantia de qualidade<\/strong><\/p>\n\n\n\n<section class=\"wp-block-themepark-block-themepark-bili thempark-block themepark_imgtext dsxws  updonwmodle undefined\" style=\"\"><div class=\"themepark_bili\" style=\"\"><div class=\"bili_box\"><span class=\"bili_box_title\" style=\"font-size:26px;color:#333;\">Taxa de avalia\u00e7\u00e3o do cliente<\/span><span class=\"bili_box_title2\" style=\"font-size:16px;color:#666;\">90%<\/span><div class=\"bili_box_jd\" style=\"border:1px solid #fff;background:#fff;border-radius:0px;\"><div class=\"bili_box_jd_in\" style=\"width:90%;border-radius:0px;height:10px;background:#1e73be;\"><\/div><\/div><\/div><div class=\"bili_box\"><span class=\"bili_box_title\" style=\"font-size:26px;color:#333;\">\u00cdndice de satisfa\u00e7\u00e3o p\u00f3s-venda<\/span><span class=\"bili_box_title2\" style=\"font-size:16px;color:#666;\">95%<\/span><div class=\"bili_box_jd\" style=\"border:1px solid #fff;background:#fff;border-radius:0px;\"><div class=\"bili_box_jd_in\" style=\"width:95%;border-radius:0px;height:10px;background:#1e73be;\"><\/div><\/div><\/div><div class=\"bili_box\"><span class=\"bili_box_title\" style=\"font-size:26px;color:#333;\">Desenvolvido de forma independente<\/span><span class=\"bili_box_title2\" style=\"font-size:16px;color:#666;\">56%<\/span><div class=\"bili_box_jd\" style=\"border:1px solid #fff;background:#fff;border-radius:0px;\"><div class=\"bili_box_jd_in\" style=\"width:56%;border-radius:0px;height:10px;background:#1e73be;\"><\/div><\/div><\/div><\/div><div class=\"themepark_imgtext_text\" style=\"\">\n<div class=\"wp-block-column is-layout-flow wp-block-column-is-layout-flow\"><\/div>\n<\/div><div class=\"themepark_imgtext_ba\" style=\"opacity:1;\"><\/div><\/section>\n<\/div>\n<\/div><div class=\"radiusimgbox_j1\"><svg viewbox=\"0 0 11 11\" fill=\"none\" xmlns=\"http:\/\/www.w3.org\/2000\/svg\"><path d=\"M11 1.54972e-06L0 0L2.38419e-07 11C1.65973e-07 4.92487 4.92487 1.62217e-06 11 1.54972e-06Z\" fill=\"#d9eaea\"><\/path><\/svg><\/div><div class=\"radiusimgbox_j2\"><svg viewbox=\"0 0 11 11\" fill=\"none\" xmlns=\"http:\/\/www.w3.org\/2000\/svg\"><path d=\"M11 1.54972e-06L0 0L2.38419e-07 11C1.65973e-07 4.92487 4.92487 1.62217e-06 11 1.54972e-06Z\" fill=\"#d9eaea\"><\/path><\/svg><\/div><\/div><\/div>\n<\/div>\n\n\n\n<div class=\"wp-block-column is-layout-flow wp-block-column-is-layout-flow\">\n<div class=\"wp-block-themepark-block-themepark-wright content-super-p\" style=\"font-size:16px;line-height:27px;background-color:#ffffff;padding:40px 25px;border-radius:15px;\">\n<div class=\"wp-block-column is-layout-flow wp-block-column-is-layout-flow\">\n<p class=\"has-bonkers-font-size\"><strong>Miss\u00e3o e Vis\u00e3o<\/strong><\/p>\n\n\n\n<div class=\"wp-block-themepark-block-themepark-xian theme_fang_out\" style=\"text-align:left;padding-top:10px;padding-bottom:10px;\"><div class=\"fangbox\" style=\"width:254px;height:2px;background:linear-gradient(90deg, #ff3a3a, #000000);\"><\/div><\/div>\n\n\n\n<p>Os primeiros dias foram repletos de desafios \u2014 noites sem dormir dedicadas \u00e0 pesquisa, prototipagem e testes. Mas a perseveran\u00e7a nos impulsionou para a frente. A nossa grande conquista veio com o primeiro prot\u00f3tipo funcional, um dispositivo compacto que chamou a aten\u00e7\u00e3o das comunidades tecnol\u00f3gicas locais. <\/p>\n<\/div>\n<\/div>\n\n\n\n<p><\/p>\n\n\n\n<div class=\"wp-block-columns is-layout-flex wp-container-core-columns-is-layout-9d6595d7 wp-block-columns-is-layout-flex\">\n<div class=\"wp-block-column is-layout-flow wp-block-column-is-layout-flow\">\n<div class=\"wp-block-themepark-block-themepark-wright content-super-p\" style=\"font-size:16px;line-height:27px;background-color:#ffffff;padding:40px 25px;border-radius:15px;\">\n<div class=\"wp-block-column is-layout-flow wp-block-column-is-layout-flow\">\n<p class=\"has-themecolor-2-color has-text-color has-link-color has-medium-font-size wp-elements-d15ecd3658eb2651e2cc7afc1feab589\"><strong>A nossa miss\u00e3o<\/strong><\/p>\n\n\n\n<p><\/p>\n\n\n\n<p>A nossa miss\u00e3o \u00e9 capacitar as empresas atrav\u00e9s de solu\u00e7\u00f5es inovadoras e servi\u00e7os excepcionais.<\/p>\n\n\n\n<p><\/p>\n\n\n\n<section class=\"wp-block-themepark-block-themepark-listbox thempark-block themepark_listbox\" style=\"text-align:left;\"><ul class=\"themepark_listbox_list\" style=\"padding-left:0%;padding-right:2%;\"><li style=\"font-size:16px;line-height:26px;margin-bottom:3px;padding-left:31px;\"><i class=\"fas fa-arrow-circle-right\" style=\"line-height:26px\"><\/i><span>Inova\u00e7\u00e3o e Excel\u00eancia<\/span><\/li><li style=\"font-size:16px;line-height:26px;margin-bottom:3px;padding-left:31px;\"><i class=\"fas fa-arrow-circle-right\" style=\"line-height:26px\"><\/i><span>Cliente excecional<\/span><\/li><li style=\"font-size:16px;line-height:26px;margin-bottom:3px;padding-left:31px;\"><i class=\"fas fa-arrow-circle-right\" style=\"line-height:26px\"><\/i><span>Crescimento dos neg\u00f3cios<\/span><\/li><\/ul><div class=\"themepark_listbox_ba\" style=\"opacity:1;\"><\/div><\/section>\n<\/div>\n<\/div>\n<\/div>\n\n\n\n<div class=\"wp-block-column is-layout-flow wp-block-column-is-layout-flow\">\n<div class=\"wp-block-themepark-block-themepark-wright content-super-p\" style=\"font-size:16px;line-height:27px;background-color:#ffffff;padding:40px 25px;border-radius:15px;\">\n<div class=\"wp-block-column is-layout-flow wp-block-column-is-layout-flow\">\n<p class=\"has-themecolor-2-color has-text-color has-link-color has-medium-font-size wp-elements-53414e8f7c95c89e7a3d04ee52106ea0\"><strong>A nossa vis\u00e3o<\/strong><\/p>\n\n\n\n<p><\/p>\n\n\n\n<p>A nossa vis\u00e3o \u00e9 tornar-nos l\u00edderes globais no fornecimento de solu\u00e7\u00f5es empresariais transformadoras.<\/p>\n\n\n\n<p><\/p>\n\n\n\n<section class=\"wp-block-themepark-block-themepark-listbox thempark-block themepark_listbox\" style=\"text-align:left;\"><ul class=\"themepark_listbox_list\" style=\"padding-left:0%;padding-right:2%;\"><li style=\"font-size:16px;line-height:26px;margin-bottom:3px;padding-left:31px;\"><i class=\"fas fa-arrow-circle-right\" style=\"line-height:26px\"><\/i><span>Lideran\u00e7a global<\/span><\/li><li style=\"font-size:16px;line-height:26px;margin-bottom:3px;padding-left:31px;\"><i class=\"fas fa-arrow-circle-right\" style=\"line-height:26px\"><\/i><span>Impacto transformador<\/span><\/li><li style=\"font-size:16px;line-height:26px;margin-bottom:3px;padding-left:31px;\"><i class=\"fas fa-arrow-circle-right\" style=\"line-height:26px\"><\/i><span>Sucesso sustent\u00e1vel<\/span><\/li><\/ul><div class=\"themepark_listbox_ba\" style=\"opacity:1;\"><\/div><\/section>\n<\/div>\n<\/div>\n<\/div>\n<\/div>\n<\/div>\n<\/div>\n<\/div>\n<\/div><div class=\"layout_badh\"><\/div><\/section>\n\n\n\n<section class=\"wp-block-themepark-block-themepark-area block_layout thempark-block undefined bom20 top20\" id=\"padingmax\" style=\"padding-bottom:17px;padding-top:74px;\" data-swiper-parallax=\"-700\"><div class=\"block_layout_in\" style=\"max-width:1400px;\">\n<div class=\"wp-block-column block_layout_in is-layout-flow wp-block-column-is-layout-flow\">\n<div class=\"wp-block-themepark-block-themepark-wright content-super-p\" style=\"font-size:12px;line-height:60px;padding:10px 10px;\">\n<div class=\"wp-block-column is-layout-flow wp-block-column-is-layout-flow\">\n<h2 class=\"wp-block-heading has-text-align-center has-bonkers-font-size\">Em que acreditamos?<\/h2>\n\n\n\n<div class=\"wp-block-themepark-block-themepark-xian theme_fang_out\" style=\"text-align:center;padding-top:1px;padding-bottom:10px;\"><div class=\"fangbox\" style=\"width:116px;height:2px;background:linear-gradient(90deg,rgb(22,185,185) 0%,rgb(16,227,177) 50%,rgb(15,102,96) 100%);\"><\/div><\/div>\n<\/div>\n<\/div>\n\n\n\n<section class=\"wp-block-themepark-block-themepark-icon thempark-block themepark_icon_list_out undefined  fontm18\" id=\"nomo1\" style=\"padding-bottom:20px;padding-top:20px;\"><div class=\"themepark_icon_list_in\" style=\"\"><div class=\"themepark_icon_lists iconl4 iconls1\" style=\"\"><a class=\"themepark_icon_box bhclas\"><div class=\"themepark_icon_box_i\"><div class=\"themepark_icon_box_i_out\"><i class=\"fas fa-laptop-code\" style=\"color:#fff;font-size:24px;width:64px;height:64px;line-height:64px;background:#9d0a10;\"><\/i><div style=\"background:#9d0a10;\" class=\"themepark_icon_box_i_b\"><\/div><\/div><b style=\"font-size:22px;color:#040404;\">Prioridade do cliente<\/b><\/div><div class=\"themepark_icon_box_d\" style=\"font-size:14px;height:88px;\"><span>Na Themepark, o nosso foco principal s\u00e3o os nossos clientes. Ouvimos e valorizamos as suas opini\u00f5es.<\/span><\/div><div class=\"themepark_icon_box_bac\" style=\"background:#ffffff;border-radius:25px;\"><\/div><\/a><a class=\"themepark_icon_box bhclas\"><div class=\"themepark_icon_box_i\"><div class=\"themepark_icon_box_i_out\"><i class=\"fas fa-pen-alt\" style=\"color:#fff;font-size:24px;width:64px;height:64px;line-height:64px;background:#9d0a10;\"><\/i><div style=\"background:#9d0a10;\" class=\"themepark_icon_box_i_b\"><\/div><\/div><b style=\"font-size:22px;color:#040404;\">Impulsionando a inova\u00e7\u00e3o<\/b><\/div><div class=\"themepark_icon_box_d\" style=\"font-size:14px;height:88px;\"><span>A inova\u00e7\u00e3o est\u00e1 no centro da MINISFORUM. Estamos empenhados em desenvolver tecnologia e design de ponta.<\/span><\/div><div class=\"themepark_icon_box_bac\" style=\"background:#ffffff;border-radius:25px;\"><\/div><\/a><a class=\"themepark_icon_box bhclas\"><div class=\"themepark_icon_box_i\"><div class=\"themepark_icon_box_i_out\"><i class=\"fas fa-camera-retro\" style=\"color:#fff;font-size:24px;width:64px;height:64px;line-height:64px;background:#9d0a10;\"><\/i><div style=\"background:#9d0a10;\" class=\"themepark_icon_box_i_b\"><\/div><\/div><b style=\"font-size:22px;color:#040404;\">Padr\u00f5es de alta qualidade<\/b><\/div><div class=\"themepark_icon_box_d\" style=\"font-size:14px;height:88px;\"><span>A qualidade \u00e9 a base dos produtos da MINISFORUM. Fabricamos cada mini PC com materiais de qualidade superior e aten\u00e7\u00e3o meticulosa aos detalhes.<\/span><\/div><div class=\"themepark_icon_box_bac\" style=\"background:#ffffff;border-radius:25px;\"><\/div><\/a><a class=\"themepark_icon_box bhclas\"><div class=\"themepark_icon_box_i\"><div class=\"themepark_icon_box_i_out\"><i class=\"fas fa-photo-video\" style=\"color:#fff;font-size:24px;width:64px;height:64px;line-height:64px;background:#9d0a10;\"><\/i><div style=\"background:#9d0a10;\" class=\"themepark_icon_box_i_b\"><\/div><\/div><b style=\"font-size:22px;color:#040404;\">Excel\u00eancia no servi\u00e7o<\/b><\/div><div class=\"themepark_icon_box_d\" style=\"font-size:14px;height:88px;\"><span>A MINISFORUM est\u00e1 empenhada em fornecer um servi\u00e7o p\u00f3s-venda e assist\u00eancia t\u00e9cnica de excel\u00eancia.<\/span><\/div><div class=\"themepark_icon_box_bac\" style=\"background:#ffffff;border-radius:25px;\"><\/div><\/a><\/div><\/div><\/section>\n<\/div>\n<\/div><div class=\"layout_badh\"><\/div><\/section>","protected":false},"excerpt":{"rendered":"","protected":false},"author":1,"featured_media":0,"parent":0,"menu_order":0,"comment_status":"closed","ping_status":"closed","template":"","meta":{"themepark_post_bcolor":"#f5f5f5","themepark_post_width":"100% dong","themepark_post_img":"","themepark_post_img_po":"left","themepark_post_img_re":false,"themepark_post_img_cover":false,"themepark_post_img_fixed":false,"themepark_post_hide_title":true,"themepark_post_main_b":"#ecf0f0","themepark_post_main_p":100,"themepark_paddingblock":true,"footnotes":"","_wpscp_schedule_draft_date":"","_wpscp_schedule_republish_date":"","_wpscppro_advance_schedule":false,"_wpscppro_advance_schedule_date":"","_wpscppro_dont_share_socialmedia":false,"_wpscppro_custom_social_share_image":0,"_facebook_share_type":"","_twitter_share_type":"","_linkedin_share_type":"","_pinterest_share_type":"","_linkedin_share_type_page":"","_instagram_share_type":"","_medium_share_type":"","_threads_share_type":"","_google_business_share_type":"","_selected_social_profile":[],"_wpsp_enable_custom_social_template":false,"_wpsp_social_scheduling":{"enabled":false,"datetime":null,"platforms":[],"status":"template_only","dateOption":"today","timeOption":"now","customDays":"","customHours":"","customDate":"","customTime":"","schedulingType":"absolute"},"_wpsp_active_default_template":true},"class_list":["post-70","page","type-page","status-publish","hentry"],"aioseo_notices":[],"_links":{"self":[{"href":"https:\/\/laserdiode-ld.com\/pt\/wp-json\/wp\/v2\/pages\/70","targetHints":{"allow":["GET"]}}],"collection":[{"href":"https:\/\/laserdiode-ld.com\/pt\/wp-json\/wp\/v2\/pages"}],"about":[{"href":"https:\/\/laserdiode-ld.com\/pt\/wp-json\/wp\/v2\/types\/page"}],"author":[{"embeddable":true,"href":"https:\/\/laserdiode-ld.com\/pt\/wp-json\/wp\/v2\/users\/1"}],"replies":[{"embeddable":true,"href":"https:\/\/laserdiode-ld.com\/pt\/wp-json\/wp\/v2\/comments?post=70"}],"version-history":[{"count":14,"href":"https:\/\/laserdiode-ld.com\/pt\/wp-json\/wp\/v2\/pages\/70\/revisions"}],"predecessor-version":[{"id":3783,"href":"https:\/\/laserdiode-ld.com\/pt\/wp-json\/wp\/v2\/pages\/70\/revisions\/3783"}],"wp:attachment":[{"href":"https:\/\/laserdiode-ld.com\/pt\/wp-json\/wp\/v2\/media?parent=70"}],"curies":[{"name":"wp","href":"https:\/\/api.w.org\/{rel}","templated":true}]}}