{"id":3372,"date":"2025-11-13T16:13:44","date_gmt":"2025-11-13T08:13:44","guid":{"rendered":"http:\/\/aserdiode-ld.com\/?post_type=product&#038;p=3372"},"modified":"2025-11-18T11:10:08","modified_gmt":"2025-11-18T03:10:08","slug":"modulo-diodo-laser-accoppiato-a-fibra-ottica-da-808-nm-7-w-15-pin-con-raggio-di-puntamento-rosso-da-650-nm","status":"publish","type":"product","link":"https:\/\/laserdiode-ld.com\/it\/prodotto\/modulo-diodo-laser-accoppiato-a-fibra-ottica-da-808-nm-7-w-15-pin-con-raggio-di-puntamento-rosso-da-650-nm","title":{"rendered":"808 nm 7 W 15 pin con raggio di puntamento rosso da 650 nm"},"content":{"rendered":"<p>Wavespectrum Laser \u00e8 un produttore di prodotti laser a diodi di alta qualit\u00e0 e prestazioni elevate. Ci impegniamo a sviluppare, produrre e vendere prodotti laser ad alte prestazioni. La gamma di lunghezze d'onda \u00e8 ampia, la variet\u00e0 di confezioni dei prodotti \u00e8 ampia, sono disponibili fibre monomodali, multimodali e a polarizzazione mantenuta. Controlliamo rigorosamente la qualit\u00e0 dei prodotti e abbiamo ottenuto ampi consensi dai clienti di tutto il mondo grazie alle loro prestazioni eccezionali.<\/p>\n<p>Wavespectrum Laser \u00e8 specializzata nella fornitura di moduli diodi laser accoppiati a fibra da 808 nm, 7 W e 15 pin, dotati di un raggio di puntamento rosso integrato da 650 nm. Offriamo inoltre un'ampia gamma di configurazioni di potenza per moduli diodi laser accoppiati a fibra multimodale da 808 nm e 15 pin, in grado di soddisfare le diverse esigenze dei clienti. Inoltre, forniamo anche prodotti laser a lunghezza d'onda vicina, tra cui prodotti laser a 635 nm, 660 nm, 755 nm, 785 nm, 830 nm, 850 nm, 880 nm e 1270 nm.<\/p>","protected":false},"excerpt":{"rendered":"<p>Il modulo diodo laser accoppiato a fibra da 808 nm, 7 W, 15 pin con raggio di puntamento rosso da 650 nm \u00e8 dotato di 1 fibra multimodale da 200 um e include un dispositivo di raffreddamento TE, un termistore e un fotodiodo per un controllo e un monitoraggio avanzati. Il modulo offre la flessibilit\u00e0 di scegliere connettori FC, SMA905 o ST. Questo modulo laser a diodo accoppiato a fibra da 808 nm, 7 W e 15 pin offre prestazioni elevate e una lunga durata. Questo modulo laser integra il raggio di puntamento rosso da 650 nm, molto comodo per i clienti che desiderano controllare il raggio laser. Inoltre, possiamo anche fornire moduli laser con fibra staccabile per soddisfare le esigenze specifiche dei clienti.<br \/>\nWavespectrum Laser pu\u00f2 anche personalizzare altri moduli diodi laser accoppiati a fibra da 808 nm a 15 pin con potenza diversa per soddisfare le esigenze specifiche dei clienti.<\/p>","protected":false},"featured_media":3374,"comment_status":"open","ping_status":"closed","template":"","meta":{"themepark_post_bcolor":"#f5f5f5","themepark_post_width":"1022px","themepark_post_img":"","themepark_post_img_po":"left","themepark_post_img_re":false,"themepark_post_img_cover":false,"themepark_post_img_fixed":false,"themepark_post_hide_title":false,"themepark_post_main_b":"","themepark_post_main_p":100,"themepark_paddingblock":false,"_wpscp_schedule_draft_date":"","_wpscp_schedule_republish_date":"","_wpscppro_advance_schedule":false,"_wpscppro_advance_schedule_date":"","_wpscppro_dont_share_socialmedia":false,"_wpscppro_custom_social_share_image":0,"_facebook_share_type":"","_twitter_share_type":"","_linkedin_share_type":"","_pinterest_share_type":"","_linkedin_share_type_page":"","_instagram_share_type":"","_medium_share_type":"","_threads_share_type":"","_google_business_share_type":"","_selected_social_profile":[],"_wpsp_enable_custom_social_template":false,"_wpsp_social_scheduling":{"enabled":false,"datetime":null,"platforms":[],"status":"template_only","dateOption":"today","timeOption":"now","customDays":"","customHours":"","customDate":"","customTime":"","schedulingType":"absolute"},"_wpsp_active_default_template":true},"product_brand":[],"product_cat":[53,194],"product_tag":[],"class_list":{"0":"post-3372","1":"product","2":"type-product","3":"status-publish","4":"has-post-thumbnail","6":"product_cat-medical-laser-module","7":"product_cat-808nm-7w-200um-fiber-15pin-tec-pd-aiming-beam","9":"first","10":"instock","11":"shipping-taxable","12":"product-type-simple"},"aioseo_notices":[],"_links":{"self":[{"href":"https:\/\/laserdiode-ld.com\/it\/wp-json\/wp\/v2\/product\/3372","targetHints":{"allow":["GET"]}}],"collection":[{"href":"https:\/\/laserdiode-ld.com\/it\/wp-json\/wp\/v2\/product"}],"about":[{"href":"https:\/\/laserdiode-ld.com\/it\/wp-json\/wp\/v2\/types\/product"}],"replies":[{"embeddable":true,"href":"https:\/\/laserdiode-ld.com\/it\/wp-json\/wp\/v2\/comments?post=3372"}],"wp:featuredmedia":[{"embeddable":true,"href":"https:\/\/laserdiode-ld.com\/it\/wp-json\/wp\/v2\/media\/3374"}],"wp:attachment":[{"href":"https:\/\/laserdiode-ld.com\/it\/wp-json\/wp\/v2\/media?parent=3372"}],"wp:term":[{"taxonomy":"product_brand","embeddable":true,"href":"https:\/\/laserdiode-ld.com\/it\/wp-json\/wp\/v2\/product_brand?post=3372"},{"taxonomy":"product_cat","embeddable":true,"href":"https:\/\/laserdiode-ld.com\/it\/wp-json\/wp\/v2\/product_cat?post=3372"},{"taxonomy":"product_tag","embeddable":true,"href":"https:\/\/laserdiode-ld.com\/it\/wp-json\/wp\/v2\/product_tag?post=3372"}],"curies":[{"name":"wp","href":"https:\/\/api.w.org\/{rel}","templated":true}]}}