{"id":3367,"date":"2025-11-13T16:08:01","date_gmt":"2025-11-13T08:08:01","guid":{"rendered":"http:\/\/aserdiode-ld.com\/?post_type=product&#038;p=3367"},"modified":"2025-12-09T14:11:24","modified_gmt":"2025-12-09T06:11:24","slug":"445-nm-520-nm-635-nm-785-nm-20-mw-4-lunghezze-donda-modulo-diodo-laser-accoppiato-a-fibra-monomodale","status":"publish","type":"product","link":"https:\/\/laserdiode-ld.com\/it\/prodotto\/445-nm-520-nm-635-nm-785-nm-20-mw-4-lunghezze-donda-modulo-diodo-laser-accoppiato-a-fibra-monomodale","title":{"rendered":"445 nm 520 nm 635 nm 785 nm 20 mW"},"content":{"rendered":"<p>Wavespectrum Laser \u00e8 un produttore di prodotti laser a diodi di alta qualit\u00e0 e prestazioni elevate. Ci impegniamo a sviluppare, produrre e vendere prodotti laser ad alte prestazioni. La gamma di lunghezze d'onda \u00e8 ampia, la variet\u00e0 di confezioni dei prodotti \u00e8 ampia, sono disponibili fibre monomodali, multimodali e a polarizzazione mantenuta. Controlliamo rigorosamente la qualit\u00e0 dei prodotti e abbiamo ottenuto ampi consensi dai clienti di tutto il mondo grazie alle loro prestazioni eccezionali.<\/p>\n<p>Wavespectrum Laser \u00e8 in grado di offrire il modulo diodo laser accoppiato a fibra monomodale a 4 lunghezze d'onda 445 nm, 520 nm, 635 nm e 785 nm da 20 mW, e pu\u00f2 anche fornire ai clienti il modulo diodo laser accoppiato a fibra monomodale a 4 lunghezze d'onda 445 nm, 520 nm, 635 nm e 785 nm in diverse versioni di potenza. Per i prodotti laser a lunghezza d'onda vicina, possiamo anche personalizzare i moduli laser a 4 lunghezze d'onda 488 nm + 520 nm + 635 nm + 785 nm per i clienti.<\/p>","protected":false},"excerpt":{"rendered":"<p>Il modulo diodo laser accoppiato a fibra monomodale a 4 lunghezze d'onda 445 nm, 520 nm, 635 nm, 785 nm e 20 mW \u00e8 dotato di 1 fibra monomodale da 3 um e include laser rosso + laser verde + laser blu + laser a infrarossi, in grado di ottenere un fascio gaussiano. Questo modulo laser \u00e8 compatto e integra un dispositivo di raffreddamento TE e un termistore. Questo modulo laser a diodo accoppiato a fibra monomodale a 4 lunghezze d'onda 445 nm + 520 nm + 635 nm + 785 nm 20 mW offre prestazioni elevate e una lunga durata, \u00e8 in grado di ottenere una luce laser a 4 lunghezze d'onda da 1 fibra SM da 3 um, le quattro lunghezze d'onda del laser possono essere azionate separatamente o simultaneamente e possono essere utilizzate come luce di lavoro o raggio di puntamento. Il modulo laser a 4 lunghezze d'onda include il raffreddatore TE, che sar\u00e0 molto comodo per i clienti per controllare la temperatura di funzionamento.<br \/>\nWavespectrum Laser pu\u00f2 anche offrire l'altra versione di potenza 445 nm 520 nm 635 nm 785 nm modulo diodo laser accoppiato a fibra monomodale a 4 lunghezze d'onda in base alle esigenze del cliente.<\/p>","protected":false},"featured_media":3369,"comment_status":"open","ping_status":"closed","template":"","meta":{"themepark_post_bcolor":"#f5f5f5","themepark_post_width":"1022px","themepark_post_img":"","themepark_post_img_po":"left","themepark_post_img_re":false,"themepark_post_img_cover":false,"themepark_post_img_fixed":false,"themepark_post_hide_title":false,"themepark_post_main_b":"","themepark_post_main_p":100,"themepark_paddingblock":false,"_wpscp_schedule_draft_date":"","_wpscp_schedule_republish_date":"","_wpscppro_advance_schedule":false,"_wpscppro_advance_schedule_date":"","_wpscppro_dont_share_socialmedia":false,"_wpscppro_custom_social_share_image":0,"_facebook_share_type":"","_twitter_share_type":"","_linkedin_share_type":"","_pinterest_share_type":"","_linkedin_share_type_page":"","_instagram_share_type":"","_medium_share_type":"","_threads_share_type":"","_google_business_share_type":"","_selected_social_profile":[],"_wpsp_enable_custom_social_template":false,"_wpsp_social_scheduling":{"enabled":false,"datetime":null,"platforms":[],"status":"template_only","dateOption":"today","timeOption":"now","customDays":"","customHours":"","customDate":"","customTime":"","schedulingType":"absolute"},"_wpsp_active_default_template":true},"product_brand":[],"product_cat":[52,192],"product_tag":[],"class_list":{"0":"post-3367","1":"product","2":"type-product","3":"status-publish","4":"has-post-thumbnail","6":"product_cat-quplex-4-wavelength-fiber-coupled-laser-module","7":"product_cat-445nm-520nm-635nm-785nm-quplex-fiber-coupled-laser-module","9":"first","10":"instock","11":"shipping-taxable","12":"product-type-simple"},"aioseo_notices":[],"_links":{"self":[{"href":"https:\/\/laserdiode-ld.com\/it\/wp-json\/wp\/v2\/product\/3367","targetHints":{"allow":["GET"]}}],"collection":[{"href":"https:\/\/laserdiode-ld.com\/it\/wp-json\/wp\/v2\/product"}],"about":[{"href":"https:\/\/laserdiode-ld.com\/it\/wp-json\/wp\/v2\/types\/product"}],"replies":[{"embeddable":true,"href":"https:\/\/laserdiode-ld.com\/it\/wp-json\/wp\/v2\/comments?post=3367"}],"wp:featuredmedia":[{"embeddable":true,"href":"https:\/\/laserdiode-ld.com\/it\/wp-json\/wp\/v2\/media\/3369"}],"wp:attachment":[{"href":"https:\/\/laserdiode-ld.com\/it\/wp-json\/wp\/v2\/media?parent=3367"}],"wp:term":[{"taxonomy":"product_brand","embeddable":true,"href":"https:\/\/laserdiode-ld.com\/it\/wp-json\/wp\/v2\/product_brand?post=3367"},{"taxonomy":"product_cat","embeddable":true,"href":"https:\/\/laserdiode-ld.com\/it\/wp-json\/wp\/v2\/product_cat?post=3367"},{"taxonomy":"product_tag","embeddable":true,"href":"https:\/\/laserdiode-ld.com\/it\/wp-json\/wp\/v2\/product_tag?post=3367"}],"curies":[{"name":"wp","href":"https:\/\/api.w.org\/{rel}","templated":true}]}}