{"id":3349,"date":"2025-11-13T15:23:59","date_gmt":"2025-11-13T07:23:59","guid":{"rendered":"http:\/\/aserdiode-ld.com\/?post_type=product&#038;p=3349"},"modified":"2025-11-17T15:57:30","modified_gmt":"2025-11-17T07:57:30","slug":"diodo-laser-con-finestra-a-9-pin-da-1550-nm-e-3-w","status":"publish","type":"product","link":"https:\/\/laserdiode-ld.com\/it\/prodotto\/diodo-laser-con-finestra-a-9-pin-da-1550-nm-e-3-w","title":{"rendered":"1550 nm 3 W 9 pin"},"content":{"rendered":"<p>Wavespectrum Laser \u00e8 un produttore di prodotti laser a diodi di alta qualit\u00e0 e prestazioni elevate. Ci impegniamo a sviluppare, produrre e vendere prodotti laser ad alte prestazioni. La gamma di lunghezze d'onda \u00e8 ampia, la variet\u00e0 di confezioni dei prodotti \u00e8 ampia, sono disponibili fibre monomodali, multimodali e a polarizzazione mantenuta. Controlliamo rigorosamente la qualit\u00e0 dei prodotti e abbiamo ottenuto ampi consensi dai clienti di tutto il mondo grazie alle loro prestazioni eccezionali.<br \/>\nWavespectrum Laser offre una vasta gamma di diodi laser, compresi i diodi laser con finestra da 1550 nm, 3 W e 9 pin. Inoltre, forniamo varie versioni di potenza per i diodi laser con finestra da 1550 nm e 9 pin. Per i diodi laser multimodali a lunghezza d'onda vicina, sono disponibili opzioni a 915 nm, 940 nm, 980 nm, 1064 nm, 1310 nm, 1470 nm e 1920 nm, in grado di soddisfare le diverse esigenze dei clienti.<\/p>","protected":false},"excerpt":{"rendered":"<p>Il diodo laser con finestra a 9 pin da 1550 nm e 3 W \u00e8 un diodo laser a semiconduttore multimodale che pu\u00f2 essere dotato di lente FAC per ottenere un fascio quadrato o lineare. Il diodo laser con finestra a 9 pin \u00e8 un pacchetto ermetico, comodo da conservare e utilizzare per i clienti. Questo diodo laser con finestra a 9 pin da 1550 nm e 3 W fa parte della nostra gamma di prodotti laser a infrarossi, offre prestazioni elevate e una lunga durata. Wavespectrum Laser offre varie opzioni di potenza per i diodi laser con finestra a 9 pin da 1550 nm per soddisfare le diverse esigenze dei clienti.<\/p>","protected":false},"featured_media":3348,"comment_status":"open","ping_status":"closed","template":"","meta":{"themepark_post_bcolor":"#f5f5f5","themepark_post_width":"1022px","themepark_post_img":"","themepark_post_img_po":"left","themepark_post_img_re":false,"themepark_post_img_cover":false,"themepark_post_img_fixed":false,"themepark_post_hide_title":false,"themepark_post_main_b":"","themepark_post_main_p":100,"themepark_paddingblock":false,"_wpscp_schedule_draft_date":"","_wpscp_schedule_republish_date":"","_wpscppro_advance_schedule":false,"_wpscppro_advance_schedule_date":"","_wpscppro_dont_share_socialmedia":false,"_wpscppro_custom_social_share_image":0,"_facebook_share_type":"","_twitter_share_type":"","_linkedin_share_type":"","_pinterest_share_type":"","_linkedin_share_type_page":"","_instagram_share_type":"","_medium_share_type":"","_threads_share_type":"","_google_business_share_type":"","_selected_social_profile":[],"_wpsp_enable_custom_social_template":false,"_wpsp_social_scheduling":{"enabled":false,"datetime":null,"platforms":[],"status":"template_only","dateOption":"today","timeOption":"now","customDays":"","customHours":"","customDate":"","customTime":"","schedulingType":"absolute"},"_wpsp_active_default_template":true},"product_brand":[],"product_cat":[48,185],"product_tag":[],"class_list":{"0":"post-3349","1":"product","2":"type-product","3":"status-publish","4":"has-post-thumbnail","6":"product_cat-window-package-high-power-laser-diode","7":"product_cat-1550nm-window-package-high-power-laser-diode","9":"first","10":"instock","11":"shipping-taxable","12":"product-type-simple"},"aioseo_notices":[],"_links":{"self":[{"href":"https:\/\/laserdiode-ld.com\/it\/wp-json\/wp\/v2\/product\/3349","targetHints":{"allow":["GET"]}}],"collection":[{"href":"https:\/\/laserdiode-ld.com\/it\/wp-json\/wp\/v2\/product"}],"about":[{"href":"https:\/\/laserdiode-ld.com\/it\/wp-json\/wp\/v2\/types\/product"}],"replies":[{"embeddable":true,"href":"https:\/\/laserdiode-ld.com\/it\/wp-json\/wp\/v2\/comments?post=3349"}],"wp:featuredmedia":[{"embeddable":true,"href":"https:\/\/laserdiode-ld.com\/it\/wp-json\/wp\/v2\/media\/3348"}],"wp:attachment":[{"href":"https:\/\/laserdiode-ld.com\/it\/wp-json\/wp\/v2\/media?parent=3349"}],"wp:term":[{"taxonomy":"product_brand","embeddable":true,"href":"https:\/\/laserdiode-ld.com\/it\/wp-json\/wp\/v2\/product_brand?post=3349"},{"taxonomy":"product_cat","embeddable":true,"href":"https:\/\/laserdiode-ld.com\/it\/wp-json\/wp\/v2\/product_cat?post=3349"},{"taxonomy":"product_tag","embeddable":true,"href":"https:\/\/laserdiode-ld.com\/it\/wp-json\/wp\/v2\/product_tag?post=3349"}],"curies":[{"name":"wp","href":"https:\/\/api.w.org\/{rel}","templated":true}]}}