{"id":3332,"date":"2025-11-13T14:57:57","date_gmt":"2025-11-13T06:57:57","guid":{"rendered":"http:\/\/aserdiode-ld.com\/?post_type=product&#038;p=3332"},"modified":"2025-12-09T14:21:06","modified_gmt":"2025-12-09T06:21:06","slug":"modulo-diodo-laser-accoppiato-a-fibra-ottica-tec-da-1064-nm-8-w-9-pin","status":"publish","type":"product","link":"https:\/\/laserdiode-ld.com\/it\/prodotto\/modulo-diodo-laser-accoppiato-a-fibra-ottica-tec-da-1064-nm-8-w-9-pin","title":{"rendered":"1064 nm 8 W 9 pin con TEC"},"content":{"rendered":"<p>Wavespectrum Laser \u00e8 un produttore di prodotti laser a diodi di alta qualit\u00e0 e prestazioni elevate. Ci impegniamo a sviluppare, produrre e vendere prodotti laser ad alte prestazioni. La gamma di lunghezze d'onda \u00e8 ampia, la variet\u00e0 di confezioni dei prodotti \u00e8 ampia, sono disponibili fibre monomodali, multimodali e a polarizzazione mantenuta. Controlliamo rigorosamente la qualit\u00e0 dei prodotti e abbiamo ottenuto ampi consensi dai clienti di tutto il mondo grazie alle loro prestazioni eccezionali.<\/p>\n<p>Wavespectrum Laser \u00e8 in grado di offrire il modulo diodo laser accoppiato a fibra TEC da 1064 nm 8 W 9 pin e pu\u00f2 anche fornire ai clienti la versione con potenza diversa da 1064 nm 9 pin con modulo diodo laser accoppiato a fibra TEC. Per i prodotti laser a lunghezza d'onda vicina, possiamo anche offrire ai clienti prodotti laser da 375 nm, 750 nm, 760 nm, 780 nm, 808 nm, 820 nm, 830 nm, 850 nm e 980 nm.<\/p>","protected":false},"excerpt":{"rendered":"<p>Il modulo diodo laser accoppiato a fibra TEC da 1064 nm 8 W a 9 pin include il raffreddatore TE, il termistore e il fotodiodo, ed \u00e8 utilizzato principalmente in apparecchiature ad alta precisione e stabilit\u00e0. Il nucleo in fibra del modulo laser \u00e8 di 105um e l'apertura numerica della fibra \u00e8 0,22; il connettore in fibra SMA905, FC, ST e SC \u00e8 opzionale. Questo modulo diodo laser accoppiato a fibra TEC da 1064 nm 8 W 9 pin ha un'elevata efficienza di accoppiamento e prestazioni elevate, che lo rendono facile da usare in molti campi. Questo modulo laser \u00e8 dotato di raffreddatore TE e termistore, che consentono ai clienti di controllare facilmente la temperatura di funzionamento, e include il fotodiodo, che consente ai clienti di monitorare facilmente la potenza di uscita. Wavespectrum Laser pu\u00f2 anche personalizzare l'altra versione di potenza 1064 nm 9 pin con modulo diodo laser accoppiato a fibra TEC in base alle esigenze del cliente.<\/p>","protected":false},"featured_media":2858,"comment_status":"open","ping_status":"closed","template":"","meta":{"themepark_post_bcolor":"#f5f5f5","themepark_post_width":"1022px","themepark_post_img":"","themepark_post_img_po":"left","themepark_post_img_re":false,"themepark_post_img_cover":false,"themepark_post_img_fixed":false,"themepark_post_hide_title":false,"themepark_post_main_b":"","themepark_post_main_p":100,"themepark_paddingblock":false,"_wpscp_schedule_draft_date":"","_wpscp_schedule_republish_date":"","_wpscppro_advance_schedule":false,"_wpscppro_advance_schedule_date":"","_wpscppro_dont_share_socialmedia":false,"_wpscppro_custom_social_share_image":0,"_facebook_share_type":"","_twitter_share_type":"","_linkedin_share_type":"","_pinterest_share_type":"","_linkedin_share_type_page":"","_instagram_share_type":"","_medium_share_type":"","_threads_share_type":"","_google_business_share_type":"","_selected_social_profile":[],"_wpsp_enable_custom_social_template":false,"_wpsp_social_scheduling":{"enabled":false,"datetime":null,"platforms":[],"status":"template_only","dateOption":"today","timeOption":"now","customDays":"","customHours":"","customDate":"","customTime":"","schedulingType":"absolute"},"_wpsp_active_default_template":true},"product_brand":[],"product_cat":[42,177],"product_tag":[],"class_list":{"0":"post-3332","1":"product","2":"type-product","3":"status-publish","4":"has-post-thumbnail","6":"product_cat-multi-mode-fiber-coupled-laser-module","7":"product_cat-1064nm-multi-mode-fiber-coupled-laser-module","9":"first","10":"instock","11":"shipping-taxable","12":"product-type-simple"},"aioseo_notices":[],"_links":{"self":[{"href":"https:\/\/laserdiode-ld.com\/it\/wp-json\/wp\/v2\/product\/3332","targetHints":{"allow":["GET"]}}],"collection":[{"href":"https:\/\/laserdiode-ld.com\/it\/wp-json\/wp\/v2\/product"}],"about":[{"href":"https:\/\/laserdiode-ld.com\/it\/wp-json\/wp\/v2\/types\/product"}],"replies":[{"embeddable":true,"href":"https:\/\/laserdiode-ld.com\/it\/wp-json\/wp\/v2\/comments?post=3332"}],"wp:featuredmedia":[{"embeddable":true,"href":"https:\/\/laserdiode-ld.com\/it\/wp-json\/wp\/v2\/media\/2858"}],"wp:attachment":[{"href":"https:\/\/laserdiode-ld.com\/it\/wp-json\/wp\/v2\/media?parent=3332"}],"wp:term":[{"taxonomy":"product_brand","embeddable":true,"href":"https:\/\/laserdiode-ld.com\/it\/wp-json\/wp\/v2\/product_brand?post=3332"},{"taxonomy":"product_cat","embeddable":true,"href":"https:\/\/laserdiode-ld.com\/it\/wp-json\/wp\/v2\/product_cat?post=3332"},{"taxonomy":"product_tag","embeddable":true,"href":"https:\/\/laserdiode-ld.com\/it\/wp-json\/wp\/v2\/product_tag?post=3332"}],"curies":[{"name":"wp","href":"https:\/\/api.w.org\/{rel}","templated":true}]}}