{"id":3292,"date":"2025-11-13T14:10:17","date_gmt":"2025-11-13T06:10:17","guid":{"rendered":"http:\/\/aserdiode-ld.com\/?post_type=product&#038;p=3292"},"modified":"2025-12-09T14:24:13","modified_gmt":"2025-12-09T06:24:13","slug":"880-nm-2-w-con-modulo-diodo-laser-accoppiato-a-fibra-a-farfalla-a-14-pin-tec","status":"publish","type":"product","link":"https:\/\/laserdiode-ld.com\/it\/prodotto\/880-nm-2-w-con-modulo-diodo-laser-accoppiato-a-fibra-a-farfalla-a-14-pin-tec","title":{"rendered":"880 nm 2 W con TEC a 14 pin a farfalla"},"content":{"rendered":"<p>Wavespectrum Laser \u00e8 un produttore di prodotti laser a diodi di alta qualit\u00e0 e prestazioni elevate. Ci impegniamo a sviluppare, produrre e vendere prodotti laser ad alte prestazioni. La gamma di lunghezze d'onda \u00e8 ampia, la variet\u00e0 di confezioni dei prodotti \u00e8 ampia, sono disponibili fibre monomodali, multimodali e a polarizzazione mantenuta. Controlliamo rigorosamente la qualit\u00e0 dei prodotti e abbiamo ottenuto ampi consensi dai clienti di tutto il mondo grazie alle loro prestazioni eccezionali.<\/p>\n<p>Wavespectrum Laser \u00e8 orgogliosa di offrire il modulo laser a diodo accoppiato a fibra butterfly TEC 14-Pin da 880 nm e 2 W. Inoltre, siamo in grado di fornire varianti di potenza personalizzate del modulo laser a diodo accoppiato a fibra butterfly TEC 14-Pin da 880 nm in base alle esigenze del cliente. Inoltre, offriamo una vasta gamma di prodotti laser a lunghezza d'onda vicina, tra cui laser a 940 nm, 950 nm, 976 nm, 980 nm, 1060 nm, 1064 nm, 1510 nm e 1520 nm.<\/p>","protected":false},"excerpt":{"rendered":"<p>Il modulo laser a diodo accoppiato a fibra butterfly TEC 14-Pin da 880 nm 2 W \u00e8 un prodotto laser a semiconduttore viola. Ha dimensioni compatte e include un dispositivo di raffreddamento TE, un termistore e un fotodiodo, che rendono molto comodo per i clienti controllare la temperatura di funzionamento e monitorare la potenza di uscita. Il modulo laser a diodo accoppiato a fibra butterfly TEC 14 pin da 880 nm 2 W offre un'elevata efficienza di accoppiamento e una lunga durata ed \u00e8 molto facile da integrare nelle apparecchiature del cliente. \u00c8 scelto da un gran numero di utenti industriali e scientifici. I moduli laser con pacchetto a farfalla a 14 pin sono ampiamente utilizzati nella lavorazione industriale, nella visualizzazione laser, nel rilevamento, in campo medico, nell'elettronica di consumo, nelle comunicazioni e nella ricerca scientifica. Wavespectrum Laser \u00e8 in grado di fornire soluzioni personalizzate per il modulo laser a diodo accoppiato a fibra a farfalla TEC 14 pin da 880 nm, progettato per soddisfare le esigenze specifiche dei nostri clienti.<\/p>","protected":false},"featured_media":2858,"comment_status":"open","ping_status":"closed","template":"","meta":{"themepark_post_bcolor":"#f5f5f5","themepark_post_width":"1022px","themepark_post_img":"","themepark_post_img_po":"left","themepark_post_img_re":false,"themepark_post_img_cover":false,"themepark_post_img_fixed":false,"themepark_post_hide_title":false,"themepark_post_main_b":"","themepark_post_main_p":100,"themepark_paddingblock":false,"_wpscp_schedule_draft_date":"","_wpscp_schedule_republish_date":"","_wpscppro_advance_schedule":false,"_wpscppro_advance_schedule_date":"","_wpscppro_dont_share_socialmedia":false,"_wpscppro_custom_social_share_image":0,"_facebook_share_type":"","_twitter_share_type":"","_linkedin_share_type":"","_pinterest_share_type":"","_linkedin_share_type_page":"","_instagram_share_type":"","_medium_share_type":"","_threads_share_type":"","_google_business_share_type":"","_selected_social_profile":[],"_wpsp_enable_custom_social_template":false,"_wpsp_social_scheduling":{"enabled":false,"datetime":null,"platforms":[],"status":"template_only","dateOption":"today","timeOption":"now","customDays":"","customHours":"","customDate":"","customTime":"","schedulingType":"absolute"},"_wpsp_active_default_template":true},"product_brand":[],"product_cat":[42,172],"product_tag":[],"class_list":{"0":"post-3292","1":"product","2":"type-product","3":"status-publish","4":"has-post-thumbnail","6":"product_cat-multi-mode-fiber-coupled-laser-module","7":"product_cat-880nm-multi-mode-fiber-coupled-laser-module","9":"first","10":"instock","11":"shipping-taxable","12":"product-type-simple"},"aioseo_notices":[],"_links":{"self":[{"href":"https:\/\/laserdiode-ld.com\/it\/wp-json\/wp\/v2\/product\/3292","targetHints":{"allow":["GET"]}}],"collection":[{"href":"https:\/\/laserdiode-ld.com\/it\/wp-json\/wp\/v2\/product"}],"about":[{"href":"https:\/\/laserdiode-ld.com\/it\/wp-json\/wp\/v2\/types\/product"}],"replies":[{"embeddable":true,"href":"https:\/\/laserdiode-ld.com\/it\/wp-json\/wp\/v2\/comments?post=3292"}],"wp:featuredmedia":[{"embeddable":true,"href":"https:\/\/laserdiode-ld.com\/it\/wp-json\/wp\/v2\/media\/2858"}],"wp:attachment":[{"href":"https:\/\/laserdiode-ld.com\/it\/wp-json\/wp\/v2\/media?parent=3292"}],"wp:term":[{"taxonomy":"product_brand","embeddable":true,"href":"https:\/\/laserdiode-ld.com\/it\/wp-json\/wp\/v2\/product_brand?post=3292"},{"taxonomy":"product_cat","embeddable":true,"href":"https:\/\/laserdiode-ld.com\/it\/wp-json\/wp\/v2\/product_cat?post=3292"},{"taxonomy":"product_tag","embeddable":true,"href":"https:\/\/laserdiode-ld.com\/it\/wp-json\/wp\/v2\/product_tag?post=3292"}],"curies":[{"name":"wp","href":"https:\/\/api.w.org\/{rel}","templated":true}]}}