{"id":3241,"date":"2025-11-13T11:03:07","date_gmt":"2025-11-13T03:03:07","guid":{"rendered":"http:\/\/aserdiode-ld.com\/?post_type=product&#038;p=3241"},"modified":"2026-04-16T13:51:30","modified_gmt":"2026-04-16T05:51:30","slug":"808nm-150mw-62-5um-fiber-coaxial-pd","status":"publish","type":"product","link":"https:\/\/laserdiode-ld.com\/it\/prodotto\/808nm-150mw-62-5um-fiber-coaxial-pd","title":{"rendered":"808nm | 150mW | 62.5um Fiber | Coaxial | PD"},"content":{"rendered":"<p>Wavespectrum Laser \u00e8 un produttore di prodotti laser a diodi di alta qualit\u00e0 e prestazioni elevate. Ci impegniamo a sviluppare, produrre e vendere prodotti laser ad alte prestazioni. La gamma di lunghezze d'onda \u00e8 ampia, la variet\u00e0 di confezioni dei prodotti \u00e8 ampia, sono disponibili fibre monomodali, multimodali e a polarizzazione mantenuta. Controlliamo rigorosamente la qualit\u00e0 dei prodotti e abbiamo ottenuto ampi consensi dai clienti di tutto il mondo grazie alle loro prestazioni eccezionali.<\/p>\n<p>Wavespectrum Laser \u00e8 lieta di presentare il nostro modulo LD accoppiato a fibra multimodale da 808 nm, 150 mW e 62,5 um. Inoltre, siamo in grado di fornire varianti di potenza personalizzate del modulo LD accoppiato a fibra multimodale da 808 nm e 62,5 um in base alle esigenze del cliente. Inoltre, offriamo una vasta gamma di prodotti laser a lunghezza d'onda vicina, tra cui laser a 808 nm, 810 nm, 820 nm, 830 nm, 850 nm, 860 nm, 870 nm, 880 nm, 905 nm e 940 nm.<\/p>","protected":false},"excerpt":{"rendered":"<p>Il modulo LD accoppiato a fibra multimodale da 808 nm, 150 mW e 62,5 um \u00e8 progettato con un pacchetto coassiale che garantisce un design efficiente in termini di spazio. Offre funzionalit\u00e0 aggiuntive come un fotodiodo e un dispositivo di raffreddamento TE. Il nucleo della fibra di questo modulo laser \u00e8 di 62,5um, l'apertura numerica della fibra \u00e8 di 0,12. Per migliorare la flessibilit\u00e0 del cliente, sono disponibili in alternativa fibre multimodali da 105um, 200um e 400um. Il modulo LD accoppiato a fibra multimodale da 808 nm, 150 mW e 62,5 um si distingue per l'elevata efficienza di accoppiamento, le prestazioni eccezionali e la lunga durata. Facilita l'integrazione diretta nelle apparecchiature del cliente. Molti di questi moduli laser hanno ottenuto un'ampia diffusione in diversi settori e sono stati ampiamente apprezzati dai clienti per la loro grande affidabilit\u00e0. Wavespectrum Laser offre una personalizzazione su misura per il modulo LD accoppiato a fibra multimodale da 808 nm e 62,5 um, progettato per soddisfare le esigenze specifiche di ogni cliente.<\/p>","protected":false},"featured_media":2858,"comment_status":"open","ping_status":"closed","template":"","meta":{"themepark_post_bcolor":"#f5f5f5","themepark_post_width":"1022px","themepark_post_img":"","themepark_post_img_po":"left","themepark_post_img_re":false,"themepark_post_img_cover":false,"themepark_post_img_fixed":false,"themepark_post_hide_title":false,"themepark_post_main_b":"","themepark_post_main_p":100,"themepark_paddingblock":false,"_wpscp_schedule_draft_date":"","_wpscp_schedule_republish_date":"","_wpscppro_advance_schedule":false,"_wpscppro_advance_schedule_date":"","_wpscppro_dont_share_socialmedia":false,"_wpscppro_custom_social_share_image":0,"_facebook_share_type":"","_twitter_share_type":"","_linkedin_share_type":"","_pinterest_share_type":"","_linkedin_share_type_page":"","_instagram_share_type":"","_medium_share_type":"","_threads_share_type":"","_google_business_share_type":"","_selected_social_profile":[],"_wpsp_enable_custom_social_template":false,"_wpsp_social_scheduling":{"enabled":false,"datetime":null,"platforms":[],"status":"template_only","dateOption":"today","timeOption":"now","customDays":"","customHours":"","customDate":"","customTime":"","schedulingType":"absolute"},"_wpsp_active_default_template":true},"product_brand":[],"product_cat":[42,168],"product_tag":[],"class_list":{"0":"post-3241","1":"product","2":"type-product","3":"status-publish","4":"has-post-thumbnail","6":"product_cat-multi-mode-fiber-coupled-laser-module","7":"product_cat-808nm-multi-mode-fiber-coupled-laser-module","9":"first","10":"instock","11":"shipping-taxable","12":"product-type-simple"},"aioseo_notices":[],"_links":{"self":[{"href":"https:\/\/laserdiode-ld.com\/it\/wp-json\/wp\/v2\/product\/3241","targetHints":{"allow":["GET"]}}],"collection":[{"href":"https:\/\/laserdiode-ld.com\/it\/wp-json\/wp\/v2\/product"}],"about":[{"href":"https:\/\/laserdiode-ld.com\/it\/wp-json\/wp\/v2\/types\/product"}],"replies":[{"embeddable":true,"href":"https:\/\/laserdiode-ld.com\/it\/wp-json\/wp\/v2\/comments?post=3241"}],"wp:featuredmedia":[{"embeddable":true,"href":"https:\/\/laserdiode-ld.com\/it\/wp-json\/wp\/v2\/media\/2858"}],"wp:attachment":[{"href":"https:\/\/laserdiode-ld.com\/it\/wp-json\/wp\/v2\/media?parent=3241"}],"wp:term":[{"taxonomy":"product_brand","embeddable":true,"href":"https:\/\/laserdiode-ld.com\/it\/wp-json\/wp\/v2\/product_brand?post=3241"},{"taxonomy":"product_cat","embeddable":true,"href":"https:\/\/laserdiode-ld.com\/it\/wp-json\/wp\/v2\/product_cat?post=3241"},{"taxonomy":"product_tag","embeddable":true,"href":"https:\/\/laserdiode-ld.com\/it\/wp-json\/wp\/v2\/product_tag?post=3241"}],"curies":[{"name":"wp","href":"https:\/\/api.w.org\/{rel}","templated":true}]}}