{"id":3121,"date":"2025-11-12T13:44:45","date_gmt":"2025-11-12T05:44:45","guid":{"rendered":"http:\/\/aserdiode-ld.com\/?post_type=product&#038;p=3121"},"modified":"2025-11-17T15:20:19","modified_gmt":"2025-11-17T07:20:19","slug":"modulo-laser-a-diodo-con-pigtail-mmf-da-635-nm-20-mw-105-%c2%b5m","status":"publish","type":"product","link":"https:\/\/laserdiode-ld.com\/it\/prodotto\/modulo-laser-a-diodo-con-pigtail-mmf-da-635-nm-20-mw-105-%c2%b5m","title":{"rendered":"635 nm 20 mW 105 um MMF con pigtail"},"content":{"rendered":"<p>Wavespectrum Laser \u00e8 un produttore di prodotti laser a diodi di alta qualit\u00e0 e prestazioni elevate. Ci impegniamo a sviluppare, produrre e vendere prodotti laser ad alte prestazioni. La gamma di lunghezze d'onda \u00e8 ampia, la variet\u00e0 di confezioni dei prodotti \u00e8 ampia, sono disponibili fibre monomodali, multimodali e a polarizzazione mantenuta. Controlliamo rigorosamente la qualit\u00e0 dei prodotti e abbiamo ottenuto ampi consensi dai clienti di tutto il mondo grazie alle loro prestazioni eccezionali.<\/p>\n<p>Wavespectrum Laser \u00e8 lieta di offrire un modulo laser a diodo con pigtail MMF da 635 nm, 20 mW e 105 um, ed \u00e8 inoltre in grado di fornire varie versioni di potenza del modulo laser a diodo con pigtail MMF da 635 nm e 105 um per soddisfare le diverse esigenze dei propri clienti. Inoltre, forniamo un'ampia selezione di prodotti laser a lunghezza d'onda vicina, quali: prodotti laser da 630 nm, 640 nm, 655 nm, 660 nm, 670 nm e 685 nm.<\/p>","protected":false},"excerpt":{"rendered":"<p>Il modulo laser a diodo con pigtail MMF da 635 nm, 20 mW e 105 um \u00e8 progettato con un pacchetto coassiale che garantisce una forma compatta. Offre funzioni opzionali come il fotodiodo e il raffreddatore TE. Il diametro del nucleo della fibra del modulo laser \u00e8 di 105um e l'apertura numerica \u00e8 di 0,22. Per comodit\u00e0 del cliente, sono disponibili in alternativa fibre multimodali da 50um, 200um e 400um. Il modulo laser a diodo con pigtail MMF da 635 nm, 20 mW e 105 um vanta un'elevata efficienza di accoppiamento, prestazioni superiori e una lunga durata. \u00c8 progettato per una facile integrazione nei dispositivi dei clienti. Questo tipo di modulo laser \u00e8 ora ampiamente utilizzato in diversi settori industriali e ha guadagnato una buona reputazione tra i clienti. Wavespectrum Laser offre servizi di personalizzazione su misura per il modulo laser a diodo con pigtail MMF da 635 nm e 105 um, soddisfacendo le esigenze specifiche di ogni cliente.<\/p>","protected":false},"featured_media":2858,"comment_status":"open","ping_status":"closed","template":"","meta":{"themepark_post_bcolor":"#f5f5f5","themepark_post_width":"1022px","themepark_post_img":"","themepark_post_img_po":"left","themepark_post_img_re":false,"themepark_post_img_cover":false,"themepark_post_img_fixed":false,"themepark_post_hide_title":false,"themepark_post_main_b":"","themepark_post_main_p":100,"themepark_paddingblock":false,"_wpscp_schedule_draft_date":"","_wpscp_schedule_republish_date":"","_wpscppro_advance_schedule":false,"_wpscppro_advance_schedule_date":"","_wpscppro_dont_share_socialmedia":false,"_wpscppro_custom_social_share_image":0,"_facebook_share_type":"","_twitter_share_type":"","_linkedin_share_type":"","_pinterest_share_type":"","_linkedin_share_type_page":"","_instagram_share_type":"","_medium_share_type":"","_threads_share_type":"","_google_business_share_type":"","_selected_social_profile":[],"_wpsp_enable_custom_social_template":false,"_wpsp_social_scheduling":{"enabled":false,"datetime":null,"platforms":[],"status":"template_only","dateOption":"today","timeOption":"now","customDays":"","customHours":"","customDate":"","customTime":"","schedulingType":"absolute"},"_wpsp_active_default_template":true},"product_brand":[],"product_cat":[42,158],"product_tag":[],"class_list":{"0":"post-3121","1":"product","2":"type-product","3":"status-publish","4":"has-post-thumbnail","6":"product_cat-multi-mode-fiber-coupled-laser-module","7":"product_cat-635nm-multi-mode-fiber-coupled-laser-module","9":"first","10":"instock","11":"shipping-taxable","12":"product-type-simple"},"aioseo_notices":[],"_links":{"self":[{"href":"https:\/\/laserdiode-ld.com\/it\/wp-json\/wp\/v2\/product\/3121","targetHints":{"allow":["GET"]}}],"collection":[{"href":"https:\/\/laserdiode-ld.com\/it\/wp-json\/wp\/v2\/product"}],"about":[{"href":"https:\/\/laserdiode-ld.com\/it\/wp-json\/wp\/v2\/types\/product"}],"replies":[{"embeddable":true,"href":"https:\/\/laserdiode-ld.com\/it\/wp-json\/wp\/v2\/comments?post=3121"}],"wp:featuredmedia":[{"embeddable":true,"href":"https:\/\/laserdiode-ld.com\/it\/wp-json\/wp\/v2\/media\/2858"}],"wp:attachment":[{"href":"https:\/\/laserdiode-ld.com\/it\/wp-json\/wp\/v2\/media?parent=3121"}],"wp:term":[{"taxonomy":"product_brand","embeddable":true,"href":"https:\/\/laserdiode-ld.com\/it\/wp-json\/wp\/v2\/product_brand?post=3121"},{"taxonomy":"product_cat","embeddable":true,"href":"https:\/\/laserdiode-ld.com\/it\/wp-json\/wp\/v2\/product_cat?post=3121"},{"taxonomy":"product_tag","embeddable":true,"href":"https:\/\/laserdiode-ld.com\/it\/wp-json\/wp\/v2\/product_tag?post=3121"}],"curies":[{"name":"wp","href":"https:\/\/api.w.org\/{rel}","templated":true}]}}