{"id":2890,"date":"2025-11-10T14:00:02","date_gmt":"2025-11-10T06:00:02","guid":{"rendered":"http:\/\/aserdiode-ld.com\/?post_type=product&#038;p=2890"},"modified":"2025-11-17T15:04:09","modified_gmt":"2025-11-17T07:04:09","slug":"modulo-ld-accoppiato-a-fibra-multimodale-405-nm-400-mw-50-um","status":"publish","type":"product","link":"https:\/\/laserdiode-ld.com\/it\/prodotto\/modulo-ld-accoppiato-a-fibra-multimodale-405-nm-400-mw-50-um","title":{"rendered":"405 nm 400 mW 50 um"},"content":{"rendered":"<p>Wavespectrum Laser \u00e8 un produttore di prodotti laser a diodi di alta qualit\u00e0 e prestazioni elevate. Ci impegniamo a sviluppare, produrre e vendere prodotti laser ad alte prestazioni. La gamma di lunghezze d'onda \u00e8 ampia, la variet\u00e0 di confezioni dei prodotti \u00e8 ampia, sono disponibili fibre monomodali, multimodali e a polarizzazione mantenuta. Controlliamo rigorosamente la qualit\u00e0 dei prodotti e abbiamo ottenuto ampi consensi dai clienti di tutto il mondo grazie alle loro prestazioni eccezionali.<\/p>\n<p>Wavespectrum Laser \u00e8 lieta di presentare il nostro modulo LD accoppiato a fibra multimodale da 405 nm, 400 mW e 50 um. Inoltre, siamo in grado di fornire varianti di potenza personalizzate del modulo LD accoppiato a fibra multimodale da 405 nm e 50 um in base alle esigenze del cliente. Inoltre, offriamo una vasta gamma di prodotti laser a lunghezza d'onda vicina, tra cui laser a 375 nm, 395 nm, 400 nm, 420 nm, 435 nm, 445 nm, 455 nm, 465 nm, 488 nm e 505 nm.<\/p>","protected":false},"excerpt":{"rendered":"<p>Il modulo LD accoppiato a fibra multimodale da 405 nm, 400 mW e 50 um \u00e8 progettato con un pacchetto coassiale che garantisce un design efficiente in termini di spazio. Offre funzionalit\u00e0 aggiuntive come un fotodiodo e un dispositivo di raffreddamento TE. Il nucleo della fibra di questo modulo laser \u00e8 di 50um, l'apertura numerica della fibra \u00e8 0,12. Per aumentare la flessibilit\u00e0 del cliente, sono disponibili opzioni alternative di fibra multimodale da 105um, 200um e 400um. Il modulo LD accoppiato a fibra multimodale da 405 nm, 400 mW e 50 um si distingue per l'elevata efficienza di accoppiamento, le prestazioni eccezionali e la lunga durata. Facilita l'integrazione diretta nelle apparecchiature del cliente. Molti di questi moduli laser hanno ottenuto un'ampia diffusione in diversi settori e sono stati ampiamente apprezzati dai clienti per la loro grande affidabilit\u00e0. Wavespectrum Laser offre una personalizzazione su misura per il modulo LD accoppiato a fibra multimodale da 405 nm e 50 um, progettato per soddisfare le esigenze specifiche di ogni cliente.<\/p>","protected":false},"featured_media":2858,"comment_status":"open","ping_status":"closed","template":"","meta":{"themepark_post_bcolor":"#f5f5f5","themepark_post_width":"1022px","themepark_post_img":"","themepark_post_img_po":"left","themepark_post_img_re":false,"themepark_post_img_cover":false,"themepark_post_img_fixed":false,"themepark_post_hide_title":false,"themepark_post_main_b":"","themepark_post_main_p":100,"themepark_paddingblock":false,"_wpscp_schedule_draft_date":"","_wpscp_schedule_republish_date":"","_wpscppro_advance_schedule":false,"_wpscppro_advance_schedule_date":"","_wpscppro_dont_share_socialmedia":false,"_wpscppro_custom_social_share_image":0,"_facebook_share_type":"","_twitter_share_type":"","_linkedin_share_type":"","_pinterest_share_type":"","_linkedin_share_type_page":"","_instagram_share_type":"","_medium_share_type":"","_threads_share_type":"","_google_business_share_type":"","_selected_social_profile":[],"_wpsp_enable_custom_social_template":false,"_wpsp_social_scheduling":{"enabled":false,"datetime":null,"platforms":[],"status":"template_only","dateOption":"today","timeOption":"now","customDays":"","customHours":"","customDate":"","customTime":"","schedulingType":"absolute"},"_wpsp_active_default_template":true},"product_brand":[],"product_cat":[42,140],"product_tag":[],"class_list":{"0":"post-2890","1":"product","2":"type-product","3":"status-publish","4":"has-post-thumbnail","6":"product_cat-multi-mode-fiber-coupled-laser-module","7":"product_cat-405nm-multi-mode-fiber-coupled-laser-module","9":"first","10":"instock","11":"shipping-taxable","12":"product-type-simple"},"aioseo_notices":[],"_links":{"self":[{"href":"https:\/\/laserdiode-ld.com\/it\/wp-json\/wp\/v2\/product\/2890","targetHints":{"allow":["GET"]}}],"collection":[{"href":"https:\/\/laserdiode-ld.com\/it\/wp-json\/wp\/v2\/product"}],"about":[{"href":"https:\/\/laserdiode-ld.com\/it\/wp-json\/wp\/v2\/types\/product"}],"replies":[{"embeddable":true,"href":"https:\/\/laserdiode-ld.com\/it\/wp-json\/wp\/v2\/comments?post=2890"}],"wp:featuredmedia":[{"embeddable":true,"href":"https:\/\/laserdiode-ld.com\/it\/wp-json\/wp\/v2\/media\/2858"}],"wp:attachment":[{"href":"https:\/\/laserdiode-ld.com\/it\/wp-json\/wp\/v2\/media?parent=2890"}],"wp:term":[{"taxonomy":"product_brand","embeddable":true,"href":"https:\/\/laserdiode-ld.com\/it\/wp-json\/wp\/v2\/product_brand?post=2890"},{"taxonomy":"product_cat","embeddable":true,"href":"https:\/\/laserdiode-ld.com\/it\/wp-json\/wp\/v2\/product_cat?post=2890"},{"taxonomy":"product_tag","embeddable":true,"href":"https:\/\/laserdiode-ld.com\/it\/wp-json\/wp\/v2\/product_tag?post=2890"}],"curies":[{"name":"wp","href":"https:\/\/api.w.org\/{rel}","templated":true}]}}