{"id":2879,"date":"2025-11-10T13:53:06","date_gmt":"2025-11-10T05:53:06","guid":{"rendered":"http:\/\/aserdiode-ld.com\/?post_type=product&#038;p=2879"},"modified":"2025-11-17T15:03:22","modified_gmt":"2025-11-17T07:03:22","slug":"modulo-diodo-laser-accoppiato-a-fibra-da-405-nm-200-mw-105-%c2%b5m","status":"publish","type":"product","link":"https:\/\/laserdiode-ld.com\/it\/prodotto\/modulo-diodo-laser-accoppiato-a-fibra-da-405-nm-200-mw-105-%c2%b5m","title":{"rendered":"405 nm 200 mW 105 um"},"content":{"rendered":"<p>Wavespectrum Laser \u00e8 un produttore di prodotti laser a diodi di alta qualit\u00e0 e prestazioni elevate. Ci impegniamo a sviluppare, produrre e vendere prodotti laser ad alte prestazioni. La gamma di lunghezze d'onda \u00e8 ampia, la variet\u00e0 di confezioni dei prodotti \u00e8 ampia, sono disponibili fibre monomodali, multimodali e a polarizzazione mantenuta. Controlliamo rigorosamente la qualit\u00e0 dei prodotti e abbiamo ottenuto ampi consensi dai clienti di tutto il mondo grazie alle loro prestazioni eccezionali.<\/p>\n<p>Wavespectrum Laser offre il modulo diodo laser accoppiato a fibra da 405 nm, 200 mW e 105 um, oltre a versioni con potenze diverse da 405 nm e 105 um. Per i prodotti laser a lunghezza d'onda vicina, possiamo anche offrire ai clienti prodotti laser da 375 nm, 395 nm, 400 nm, 420 nm, 435 nm, 445 nm, 465 nm, 505 nm e 520 nm.<\/p>","protected":false},"excerpt":{"rendered":"<p>Il modulo diodo laser accoppiato a fibra da 405 nm, 200 mW e 105 um \u00e8 dotato di un pacchetto coassiale, le dimensioni del prodotto sono compatte, il fotodiodo e il TE Cooler sono opzionali. Il nucleo della fibra di questo modulo laser \u00e8 di 105um, l'apertura numerica della fibra \u00e8 0,22. Se i clienti desiderano cambiare la fibra, \u00e8 possibile, sono disponibili anche fibre multimodali da 50um, 200um e 400um. Questo modulo diodo laser accoppiato a fibra da 405 nm, 200 mW e 105 um presenta un'elevata efficienza di accoppiamento, prestazioni elevate e lunga durata ed \u00e8 facile da integrare nei dispositivi dei clienti. Attualmente questo tipo di modulo laser \u00e8 ampiamente utilizzato in una variet\u00e0 di campi ed \u00e8 molto apprezzato dai clienti. Wavespectrum Laser pu\u00f2 anche personalizzare altri moduli diodi laser accoppiati a fibra da 405 nm e 105 um in base alle esigenze del cliente.<\/p>","protected":false},"featured_media":2858,"comment_status":"open","ping_status":"closed","template":"","meta":{"themepark_post_bcolor":"#f5f5f5","themepark_post_width":"1022px","themepark_post_img":"","themepark_post_img_po":"left","themepark_post_img_re":false,"themepark_post_img_cover":false,"themepark_post_img_fixed":false,"themepark_post_hide_title":false,"themepark_post_main_b":"","themepark_post_main_p":100,"themepark_paddingblock":false,"_wpscp_schedule_draft_date":"","_wpscp_schedule_republish_date":"","_wpscppro_advance_schedule":false,"_wpscppro_advance_schedule_date":"","_wpscppro_dont_share_socialmedia":false,"_wpscppro_custom_social_share_image":0,"_facebook_share_type":"","_twitter_share_type":"","_linkedin_share_type":"","_pinterest_share_type":"","_linkedin_share_type_page":"","_instagram_share_type":"","_medium_share_type":"","_threads_share_type":"","_google_business_share_type":"","_selected_social_profile":[],"_wpsp_enable_custom_social_template":false,"_wpsp_social_scheduling":{"enabled":false,"datetime":null,"platforms":[],"status":"template_only","dateOption":"today","timeOption":"now","customDays":"","customHours":"","customDate":"","customTime":"","schedulingType":"absolute"},"_wpsp_active_default_template":true},"product_brand":[],"product_cat":[42,140],"product_tag":[],"class_list":{"0":"post-2879","1":"product","2":"type-product","3":"status-publish","4":"has-post-thumbnail","6":"product_cat-multi-mode-fiber-coupled-laser-module","7":"product_cat-405nm-multi-mode-fiber-coupled-laser-module","9":"first","10":"instock","11":"shipping-taxable","12":"product-type-simple"},"aioseo_notices":[],"_links":{"self":[{"href":"https:\/\/laserdiode-ld.com\/it\/wp-json\/wp\/v2\/product\/2879","targetHints":{"allow":["GET"]}}],"collection":[{"href":"https:\/\/laserdiode-ld.com\/it\/wp-json\/wp\/v2\/product"}],"about":[{"href":"https:\/\/laserdiode-ld.com\/it\/wp-json\/wp\/v2\/types\/product"}],"replies":[{"embeddable":true,"href":"https:\/\/laserdiode-ld.com\/it\/wp-json\/wp\/v2\/comments?post=2879"}],"wp:featuredmedia":[{"embeddable":true,"href":"https:\/\/laserdiode-ld.com\/it\/wp-json\/wp\/v2\/media\/2858"}],"wp:attachment":[{"href":"https:\/\/laserdiode-ld.com\/it\/wp-json\/wp\/v2\/media?parent=2879"}],"wp:term":[{"taxonomy":"product_brand","embeddable":true,"href":"https:\/\/laserdiode-ld.com\/it\/wp-json\/wp\/v2\/product_brand?post=2879"},{"taxonomy":"product_cat","embeddable":true,"href":"https:\/\/laserdiode-ld.com\/it\/wp-json\/wp\/v2\/product_cat?post=2879"},{"taxonomy":"product_tag","embeddable":true,"href":"https:\/\/laserdiode-ld.com\/it\/wp-json\/wp\/v2\/product_tag?post=2879"}],"curies":[{"name":"wp","href":"https:\/\/api.w.org\/{rel}","templated":true}]}}