{"id":2795,"date":"2025-11-07T15:28:13","date_gmt":"2025-11-07T07:28:13","guid":{"rendered":"http:\/\/aserdiode-ld.com\/?post_type=product&#038;p=2795"},"modified":"2025-11-17T14:57:39","modified_gmt":"2025-11-17T06:57:39","slug":"modulo-laser-a-diodo-con-fibra-pigtail-smf-28-9um-da-905-nm-e-80-mw","status":"publish","type":"product","link":"https:\/\/laserdiode-ld.com\/it\/prodotto\/modulo-laser-a-diodo-con-fibra-pigtail-smf-28-9um-da-905-nm-e-80-mw","title":{"rendered":"905 nm 80 mW 28 9 um con connettore pigtail"},"content":{"rendered":"<p>Wavespectrum Laser \u00e8 un produttore di prodotti laser a diodi di alta qualit\u00e0 e prestazioni elevate. Ci impegniamo a sviluppare, produrre e vendere prodotti laser ad alte prestazioni. La gamma di lunghezze d'onda \u00e8 ampia, la variet\u00e0 di confezioni dei prodotti \u00e8 ampia, sono disponibili fibre monomodali, multimodali e a polarizzazione mantenuta. Controlliamo rigorosamente la qualit\u00e0 dei prodotti e abbiamo ottenuto ampi consensi dai clienti di tutto il mondo grazie alle loro prestazioni eccezionali.<br \/>\nWavespectrum Laser \u00e8 lieta di offrire il modulo laser a diodo con fibra pigtail SMF-28 9um da 905 nm e 80 mW, che trova ampia applicazione in vari settori, tra cui laser a fibra, laser medicali, stampa laser, taglio laser, rilevamento, display, comunicazione e monitoraggio biologico. Inoltre, soddisfiamo una vasta gamma di esigenze con la nostra gamma di prodotti laser a lunghezza d'onda vicina, disponibili a 808 nm, 820 nm, 830 nm, 850 nm, 860 nm, 880 nm, 940 nm, 980 nm e 1064 nm.<\/p>\n<p>&nbsp;<\/p>","protected":false},"excerpt":{"rendered":"<p>Il modulo laser a diodo con fibra pigtail SMF-28 9um da 905 nm e 80 mW, compatibile con fibra SM da 9um, \u00e8 progettato con un pacchetto coassiale per garantire compattezza. Offre caratteristiche opzionali quali un fotodiodo e un raffreddatore termoelettrico. Il modulo laser a diodo con fibra pigtail SMF-28 9um da 905 nm e 80 mW si distingue per le sue elevate prestazioni e la lunga durata. Inoltre, forniamo la versione con pacchetto della serie B8, dotata di un piccolo dissipatore di calore per una maggiore praticit\u00e0 nel fissaggio e nel raffreddamento del modulo.<br \/>\nIl modulo laser a diodo con fibra pigtail SMF-28 da 905 nm e 9 um \u00e8 in grado di fornire una potenza di uscita superiore rispetto ai moduli dotati di fibra monomodale da 5 um. Questo prodotto \u00e8 particolarmente indicato per applicazioni in cui \u00e8 essenziale un nucleo di fibra piccolo e i requisiti di qualit\u00e0 del fascio non sono rigorosi.<\/p>","protected":false},"featured_media":1917,"comment_status":"open","ping_status":"closed","template":"","meta":{"themepark_post_bcolor":"#f5f5f5","themepark_post_width":"1022px","themepark_post_img":"","themepark_post_img_po":"left","themepark_post_img_re":false,"themepark_post_img_cover":false,"themepark_post_img_fixed":false,"themepark_post_hide_title":false,"themepark_post_main_b":"","themepark_post_main_p":100,"themepark_paddingblock":false,"_wpscp_schedule_draft_date":"","_wpscp_schedule_republish_date":"","_wpscppro_advance_schedule":false,"_wpscppro_advance_schedule_date":"","_wpscppro_dont_share_socialmedia":false,"_wpscppro_custom_social_share_image":0,"_facebook_share_type":"","_twitter_share_type":"","_linkedin_share_type":"","_pinterest_share_type":"","_linkedin_share_type_page":"","_instagram_share_type":"","_medium_share_type":"","_threads_share_type":"","_google_business_share_type":"","_selected_social_profile":[],"_wpsp_enable_custom_social_template":false,"_wpsp_social_scheduling":{"enabled":false,"datetime":null,"platforms":[],"status":"template_only","dateOption":"today","timeOption":"now","customDays":"","customHours":"","customDate":"","customTime":"","schedulingType":"absolute"},"_wpsp_active_default_template":true},"product_brand":[],"product_cat":[113,35],"product_tag":[],"class_list":{"0":"post-2795","1":"product","2":"type-product","3":"status-publish","4":"has-post-thumbnail","6":"product_cat-905nm-single-mode-fiber-coupled-laser-module","7":"product_cat-single-mode-fiber-coupled-laser-module","9":"first","10":"instock","11":"shipping-taxable","12":"product-type-simple"},"aioseo_notices":[],"_links":{"self":[{"href":"https:\/\/laserdiode-ld.com\/it\/wp-json\/wp\/v2\/product\/2795","targetHints":{"allow":["GET"]}}],"collection":[{"href":"https:\/\/laserdiode-ld.com\/it\/wp-json\/wp\/v2\/product"}],"about":[{"href":"https:\/\/laserdiode-ld.com\/it\/wp-json\/wp\/v2\/types\/product"}],"replies":[{"embeddable":true,"href":"https:\/\/laserdiode-ld.com\/it\/wp-json\/wp\/v2\/comments?post=2795"}],"wp:featuredmedia":[{"embeddable":true,"href":"https:\/\/laserdiode-ld.com\/it\/wp-json\/wp\/v2\/media\/1917"}],"wp:attachment":[{"href":"https:\/\/laserdiode-ld.com\/it\/wp-json\/wp\/v2\/media?parent=2795"}],"wp:term":[{"taxonomy":"product_brand","embeddable":true,"href":"https:\/\/laserdiode-ld.com\/it\/wp-json\/wp\/v2\/product_brand?post=2795"},{"taxonomy":"product_cat","embeddable":true,"href":"https:\/\/laserdiode-ld.com\/it\/wp-json\/wp\/v2\/product_cat?post=2795"},{"taxonomy":"product_tag","embeddable":true,"href":"https:\/\/laserdiode-ld.com\/it\/wp-json\/wp\/v2\/product_tag?post=2795"}],"curies":[{"name":"wp","href":"https:\/\/api.w.org\/{rel}","templated":true}]}}