{"id":2783,"date":"2025-11-07T15:22:45","date_gmt":"2025-11-07T07:22:45","guid":{"rendered":"http:\/\/aserdiode-ld.com\/?post_type=product&#038;p=2783"},"modified":"2025-11-17T14:56:53","modified_gmt":"2025-11-17T06:56:53","slug":"modulo-laser-a-diodo-con-cavo-pigtail-pmf-da-905-nm-e-30-mw","status":"publish","type":"product","link":"https:\/\/laserdiode-ld.com\/it\/prodotto\/modulo-laser-a-diodo-con-cavo-pigtail-pmf-da-905-nm-e-30-mw","title":{"rendered":"905 nm 30 mW PMF con connettore pigtail"},"content":{"rendered":"<p>Wavespectrum Laser \u00e8 un produttore di prodotti laser a diodi di alta qualit\u00e0 e prestazioni elevate. Ci impegniamo a sviluppare, produrre e vendere prodotti laser ad alte prestazioni. La gamma di lunghezze d'onda \u00e8 ampia, la variet\u00e0 di confezioni dei prodotti \u00e8 ampia, sono disponibili fibre monomodali, multimodali e a polarizzazione mantenuta. Controlliamo rigorosamente la qualit\u00e0 dei prodotti e abbiamo ottenuto ampi consensi dai clienti di tutto il mondo grazie alle loro prestazioni eccezionali.<br \/>\nWavespectrum Laser \u00e8 specializzata nella fornitura di moduli laser a diodi con pigtail PMF da 905 nm e 30 mW, e soddisfa anche esigenze diverse offrendo varie versioni di potenza dei moduli laser a diodi con pigtail PMF da 905 nm. Inoltre, disponiamo di moduli laser con valori PER pi\u00f9 elevati per i clienti che necessitano di prestazioni migliorate. La nostra linea di prodotti comprende una gamma di moduli laser PM a lunghezza d'onda vicina, come: prodotti laser a 940 nm, 960 nm, 980 nm e 1060 nm, offrendo una scelta diversificata per i clienti.<\/p>","protected":false},"excerpt":{"rendered":"<p>Il modulo laser a diodo con pigtail PMF da 905 nm e 30 mW \u00e8 dotato di una fibra a mantenimento di polarizzazione da 4 um e presenta un PER superiore a 13 dB. Su richiesta \u00e8 disponibile una versione aggiornata con un valore PER ancora pi\u00f9 elevato. Questo modulo laser PM \u00e8 in grado di emettere un fascio gaussiano ed \u00e8 progettato con un pacchetto coassiale, che contribuisce alle sue dimensioni compatte. Include un fotodiodo e il TE Cooler \u00e8 opzionale. Questo modulo laser a diodo con pigtail PMF da 905 nm e 30 mW vanta prestazioni e durata superiori. Inoltre, possiamo anche offrire ai clienti i moduli laser nella versione con pacchetto della serie B8, dotati di un piccolo dissipatore di calore che semplifica il processo di fissaggio e raffreddamento del modulo laser, migliorando la praticit\u00e0 per i clienti.<br \/>\nWavespectrum Laser \u00e8 in grado di fornire una variet\u00e0 di opzioni di potenza per i moduli laser a diodo pigtail PMF da 905 nm, personalizzati per soddisfare le esigenze specifiche dei clienti.<\/p>","protected":false},"featured_media":1917,"comment_status":"open","ping_status":"closed","template":"","meta":{"themepark_post_bcolor":"#f5f5f5","themepark_post_width":"1022px","themepark_post_img":"","themepark_post_img_po":"left","themepark_post_img_re":false,"themepark_post_img_cover":false,"themepark_post_img_fixed":false,"themepark_post_hide_title":false,"themepark_post_main_b":"","themepark_post_main_p":100,"themepark_paddingblock":false,"_wpscp_schedule_draft_date":"","_wpscp_schedule_republish_date":"","_wpscppro_advance_schedule":false,"_wpscppro_advance_schedule_date":"","_wpscppro_dont_share_socialmedia":false,"_wpscppro_custom_social_share_image":0,"_facebook_share_type":"","_twitter_share_type":"","_linkedin_share_type":"","_pinterest_share_type":"","_linkedin_share_type_page":"","_instagram_share_type":"","_medium_share_type":"","_threads_share_type":"","_google_business_share_type":"","_selected_social_profile":[],"_wpsp_enable_custom_social_template":false,"_wpsp_social_scheduling":{"enabled":false,"datetime":null,"platforms":[],"status":"template_only","dateOption":"today","timeOption":"now","customDays":"","customHours":"","customDate":"","customTime":"","schedulingType":"absolute"},"_wpsp_active_default_template":true},"product_brand":[],"product_cat":[113,35],"product_tag":[],"class_list":{"0":"post-2783","1":"product","2":"type-product","3":"status-publish","4":"has-post-thumbnail","6":"product_cat-905nm-single-mode-fiber-coupled-laser-module","7":"product_cat-single-mode-fiber-coupled-laser-module","9":"first","10":"instock","11":"shipping-taxable","12":"product-type-simple"},"aioseo_notices":[],"_links":{"self":[{"href":"https:\/\/laserdiode-ld.com\/it\/wp-json\/wp\/v2\/product\/2783","targetHints":{"allow":["GET"]}}],"collection":[{"href":"https:\/\/laserdiode-ld.com\/it\/wp-json\/wp\/v2\/product"}],"about":[{"href":"https:\/\/laserdiode-ld.com\/it\/wp-json\/wp\/v2\/types\/product"}],"replies":[{"embeddable":true,"href":"https:\/\/laserdiode-ld.com\/it\/wp-json\/wp\/v2\/comments?post=2783"}],"wp:featuredmedia":[{"embeddable":true,"href":"https:\/\/laserdiode-ld.com\/it\/wp-json\/wp\/v2\/media\/1917"}],"wp:attachment":[{"href":"https:\/\/laserdiode-ld.com\/it\/wp-json\/wp\/v2\/media?parent=2783"}],"wp:term":[{"taxonomy":"product_brand","embeddable":true,"href":"https:\/\/laserdiode-ld.com\/it\/wp-json\/wp\/v2\/product_brand?post=2783"},{"taxonomy":"product_cat","embeddable":true,"href":"https:\/\/laserdiode-ld.com\/it\/wp-json\/wp\/v2\/product_cat?post=2783"},{"taxonomy":"product_tag","embeddable":true,"href":"https:\/\/laserdiode-ld.com\/it\/wp-json\/wp\/v2\/product_tag?post=2783"}],"curies":[{"name":"wp","href":"https:\/\/api.w.org\/{rel}","templated":true}]}}