{"id":2778,"date":"2025-11-07T15:07:49","date_gmt":"2025-11-07T07:07:49","guid":{"rendered":"http:\/\/aserdiode-ld.com\/?post_type=product&#038;p=2778"},"modified":"2025-11-17T14:56:45","modified_gmt":"2025-11-17T06:56:45","slug":"diodo-laser-con-pigtail-smf-da-905-nm-e-70-mw","status":"publish","type":"product","link":"https:\/\/laserdiode-ld.com\/it\/prodotto\/diodo-laser-con-pigtail-smf-da-905-nm-e-70-mw","title":{"rendered":"905 nm 70 mW SMF con pigtail"},"content":{"rendered":"<p>Wavespectrum Laser \u00e8 un produttore di prodotti laser a diodi di alta qualit\u00e0 e prestazioni elevate. Ci impegniamo a sviluppare, produrre e vendere prodotti laser ad alte prestazioni. La gamma di lunghezze d'onda \u00e8 ampia, la variet\u00e0 di confezioni dei prodotti \u00e8 ampia, sono disponibili fibre monomodali, multimodali e a polarizzazione mantenuta. Controlliamo rigorosamente la qualit\u00e0 dei prodotti e abbiamo ottenuto ampi consensi dai clienti di tutto il mondo grazie alle loro prestazioni eccezionali.<br \/>\nWavespectrum Laser \u00e8 lieta di presentare il nostro diodo laser pigtail SMF da 905 nm e 70 mW. Siamo inoltre in grado di fornire diverse configurazioni di potenza del diodo laser SMF pigtail da 905 nm, garantendo cos\u00ec la soddisfazione delle diverse esigenze dei nostri clienti. Offriamo inoltre una gamma completa di prodotti laser a lunghezza d'onda vicina, che comprende opzioni laser da 905 nm, 940 nm, 985 nm e 1060 nm.<\/p>","protected":false},"excerpt":{"rendered":"<p>Il diodo laser SMF pigtailed da 905 nm e 70 mW, che incorpora una fibra monomodale da 4 um, \u00e8 progettato con precisione per emettere un fascio gaussiano. Racchiuso in un involucro coassiale, offre un fattore di forma compatto, un fotodiodo integrato (PD) e l'opzione di un raffreddatore termoelettrico (TE Cooler).<br \/>\nQuesto diodo laser SMF pigtail da 905 nm e 70 mW si distingue per le sue prestazioni superiori e la durata prolungata. Inoltre, offriamo un'opzione di confezione della serie B8, completa di un dissipatore di calore miniaturizzato, progettato per facilitare l'installazione del modulo laser e ottimizzare la gestione termica per i nostri clienti.<br \/>\nWavespectrum Laser \u00e8 specializzata nell'offerta di soluzioni personalizzate per diodi laser pigtail SMF a 905 nm, garantendo la soddisfazione delle esigenze specifiche di ogni cliente.<\/p>","protected":false},"featured_media":1917,"comment_status":"open","ping_status":"closed","template":"","meta":{"themepark_post_bcolor":"#f5f5f5","themepark_post_width":"1022px","themepark_post_img":"","themepark_post_img_po":"left","themepark_post_img_re":false,"themepark_post_img_cover":false,"themepark_post_img_fixed":false,"themepark_post_hide_title":false,"themepark_post_main_b":"","themepark_post_main_p":100,"themepark_paddingblock":false,"_wpscp_schedule_draft_date":"","_wpscp_schedule_republish_date":"","_wpscppro_advance_schedule":false,"_wpscppro_advance_schedule_date":"","_wpscppro_dont_share_socialmedia":false,"_wpscppro_custom_social_share_image":0,"_facebook_share_type":"","_twitter_share_type":"","_linkedin_share_type":"","_pinterest_share_type":"","_linkedin_share_type_page":"","_instagram_share_type":"","_medium_share_type":"","_threads_share_type":"","_google_business_share_type":"","_selected_social_profile":[],"_wpsp_enable_custom_social_template":false,"_wpsp_social_scheduling":{"enabled":false,"datetime":null,"platforms":[],"status":"template_only","dateOption":"today","timeOption":"now","customDays":"","customHours":"","customDate":"","customTime":"","schedulingType":"absolute"},"_wpsp_active_default_template":true},"product_brand":[],"product_cat":[113,35],"product_tag":[],"class_list":{"0":"post-2778","1":"product","2":"type-product","3":"status-publish","4":"has-post-thumbnail","6":"product_cat-905nm-single-mode-fiber-coupled-laser-module","7":"product_cat-single-mode-fiber-coupled-laser-module","9":"first","10":"instock","11":"shipping-taxable","12":"product-type-simple"},"aioseo_notices":[],"_links":{"self":[{"href":"https:\/\/laserdiode-ld.com\/it\/wp-json\/wp\/v2\/product\/2778","targetHints":{"allow":["GET"]}}],"collection":[{"href":"https:\/\/laserdiode-ld.com\/it\/wp-json\/wp\/v2\/product"}],"about":[{"href":"https:\/\/laserdiode-ld.com\/it\/wp-json\/wp\/v2\/types\/product"}],"replies":[{"embeddable":true,"href":"https:\/\/laserdiode-ld.com\/it\/wp-json\/wp\/v2\/comments?post=2778"}],"wp:featuredmedia":[{"embeddable":true,"href":"https:\/\/laserdiode-ld.com\/it\/wp-json\/wp\/v2\/media\/1917"}],"wp:attachment":[{"href":"https:\/\/laserdiode-ld.com\/it\/wp-json\/wp\/v2\/media?parent=2778"}],"wp:term":[{"taxonomy":"product_brand","embeddable":true,"href":"https:\/\/laserdiode-ld.com\/it\/wp-json\/wp\/v2\/product_brand?post=2778"},{"taxonomy":"product_cat","embeddable":true,"href":"https:\/\/laserdiode-ld.com\/it\/wp-json\/wp\/v2\/product_cat?post=2778"},{"taxonomy":"product_tag","embeddable":true,"href":"https:\/\/laserdiode-ld.com\/it\/wp-json\/wp\/v2\/product_tag?post=2778"}],"curies":[{"name":"wp","href":"https:\/\/api.w.org\/{rel}","templated":true}]}}