{"id":2460,"date":"2025-11-04T15:33:28","date_gmt":"2025-11-04T07:33:28","guid":{"rendered":"http:\/\/aserdiode-ld.com\/?post_type=product&#038;p=2460"},"modified":"2025-11-17T14:29:12","modified_gmt":"2025-11-17T06:29:12","slug":"modulo-diodo-laser-accoppiato-a-fibra-con-mantenimento-della-polarizzazione-da-785-nm-e-5-mw","status":"publish","type":"product","link":"https:\/\/laserdiode-ld.com\/it\/prodotto\/modulo-diodo-laser-accoppiato-a-fibra-con-mantenimento-della-polarizzazione-da-785-nm-e-5-mw","title":{"rendered":"785 nm 5 mW con mantenimento della polarizzazione"},"content":{"rendered":"<p>Wavespectrum Laser \u00e8 un produttore di prodotti laser a diodi di alta qualit\u00e0 e prestazioni elevate. Ci impegniamo a sviluppare, produrre e vendere prodotti laser ad alte prestazioni. La gamma di lunghezze d'onda \u00e8 ampia, la variet\u00e0 di confezioni dei prodotti \u00e8 ampia, sono disponibili fibre monomodali, multimodali e a polarizzazione mantenuta. Controlliamo rigorosamente la qualit\u00e0 dei prodotti e abbiamo ottenuto ampi consensi dai clienti di tutto il mondo grazie alle loro prestazioni eccezionali.<br \/>\nWavespectrum Laser \u00e8 in grado di offrire moduli diodi laser accoppiati a fibra con mantenimento della polarizzazione da 785 nm e 5 mW, oltre a fornire ai clienti moduli diodi laser accoppiati a fibra PM da 785 nm con diverse potenze; sono disponibili anche moduli laser con valori PER pi\u00f9 elevati. Per i prodotti laser a lunghezza d'onda vicina, siamo in grado di offrire ai clienti anche prodotti laser da 780 nm e 785 nm.<\/p>","protected":false},"excerpt":{"rendered":"<p>Il modulo laser a diodo accoppiato a fibra con mantenimento della polarizzazione da 785 nm e 5 mW \u00e8 dotato di fibra PM da 4 um, il PER \u00e8 \uff1e13 dB ed \u00e8 disponibile come opzione una versione del modulo laser con valore PER pi\u00f9 elevato. Il modulo laser PM \u00e8 in grado di ottenere un fascio gaussiano, \u00e8 dotato di pacchetto coassiale, le dimensioni del prodotto sono compatte, \u00e8 dotato di PD integrato e il raffreddatore TE \u00e8 opzionale. Questo modulo laser a diodo accoppiato a fibra con mantenimento della polarizzazione da 785 nm e 5 mW offre prestazioni elevate e una lunga durata. Possiamo anche offrire ai clienti i moduli laser con pacchetto della serie B8. Il modulo laser con pacchetto della serie B8 \u00e8 dotato di un piccolo dissipatore di calore, che render\u00e0 pi\u00f9 comodo per i clienti fissare e raffreddare il modulo laser.<br \/>\nWavespectrum Laser pu\u00f2 anche personalizzare gli altri moduli diodi laser accoppiati a fibra PM da 785 nm in base alle esigenze del cliente.<\/p>","protected":false},"featured_media":1917,"comment_status":"open","ping_status":"closed","template":"","meta":{"themepark_post_bcolor":"#f5f5f5","themepark_post_width":"1022px","themepark_post_img":"","themepark_post_img_po":"left","themepark_post_img_re":false,"themepark_post_img_cover":false,"themepark_post_img_fixed":false,"themepark_post_hide_title":false,"themepark_post_main_b":"","themepark_post_main_p":100,"themepark_paddingblock":false,"_wpscp_schedule_draft_date":"","_wpscp_schedule_republish_date":"","_wpscppro_advance_schedule":false,"_wpscppro_advance_schedule_date":"","_wpscppro_dont_share_socialmedia":false,"_wpscppro_custom_social_share_image":0,"_facebook_share_type":"","_twitter_share_type":"","_linkedin_share_type":"","_pinterest_share_type":"","_linkedin_share_type_page":"","_instagram_share_type":"","_medium_share_type":"","_threads_share_type":"","_google_business_share_type":"","_selected_social_profile":[],"_wpsp_enable_custom_social_template":false,"_wpsp_social_scheduling":{"enabled":false,"datetime":null,"platforms":[],"status":"template_only","dateOption":"today","timeOption":"now","customDays":"","customHours":"","customDate":"","customTime":"","schedulingType":"absolute"},"_wpsp_active_default_template":true},"product_brand":[],"product_cat":[107,35],"product_tag":[],"class_list":{"0":"post-2460","1":"product","2":"type-product","3":"status-publish","4":"has-post-thumbnail","6":"product_cat-785nm-single-mode-fiber-coupled-laser-module","7":"product_cat-single-mode-fiber-coupled-laser-module","9":"first","10":"instock","11":"shipping-taxable","12":"product-type-simple"},"aioseo_notices":[],"_links":{"self":[{"href":"https:\/\/laserdiode-ld.com\/it\/wp-json\/wp\/v2\/product\/2460","targetHints":{"allow":["GET"]}}],"collection":[{"href":"https:\/\/laserdiode-ld.com\/it\/wp-json\/wp\/v2\/product"}],"about":[{"href":"https:\/\/laserdiode-ld.com\/it\/wp-json\/wp\/v2\/types\/product"}],"replies":[{"embeddable":true,"href":"https:\/\/laserdiode-ld.com\/it\/wp-json\/wp\/v2\/comments?post=2460"}],"wp:featuredmedia":[{"embeddable":true,"href":"https:\/\/laserdiode-ld.com\/it\/wp-json\/wp\/v2\/media\/1917"}],"wp:attachment":[{"href":"https:\/\/laserdiode-ld.com\/it\/wp-json\/wp\/v2\/media?parent=2460"}],"wp:term":[{"taxonomy":"product_brand","embeddable":true,"href":"https:\/\/laserdiode-ld.com\/it\/wp-json\/wp\/v2\/product_brand?post=2460"},{"taxonomy":"product_cat","embeddable":true,"href":"https:\/\/laserdiode-ld.com\/it\/wp-json\/wp\/v2\/product_cat?post=2460"},{"taxonomy":"product_tag","embeddable":true,"href":"https:\/\/laserdiode-ld.com\/it\/wp-json\/wp\/v2\/product_tag?post=2460"}],"curies":[{"name":"wp","href":"https:\/\/api.w.org\/{rel}","templated":true}]}}