{"id":2389,"date":"2025-11-04T10:19:07","date_gmt":"2025-11-04T02:19:07","guid":{"rendered":"http:\/\/aserdiode-ld.com\/?post_type=product&#038;p=2389"},"modified":"2025-11-17T14:22:26","modified_gmt":"2025-11-17T06:22:26","slug":"modulo-diodo-laser-accoppiato-a-fibra-monomodale-650-nm-20-mw-9-um","status":"publish","type":"product","link":"https:\/\/laserdiode-ld.com\/it\/prodotto\/modulo-diodo-laser-accoppiato-a-fibra-monomodale-650-nm-20-mw-9-um","title":{"rendered":"650 nm 20 mW 9 um"},"content":{"rendered":"<p>Wavespectrum Laser \u00e8 un produttore di prodotti laser a diodi di alta qualit\u00e0 e prestazioni elevate. Ci impegniamo a sviluppare, produrre e vendere prodotti laser ad alte prestazioni. La gamma di lunghezze d'onda \u00e8 ampia, la variet\u00e0 di confezioni dei prodotti \u00e8 ampia, sono disponibili fibre monomodali, multimodali e a polarizzazione mantenuta. Controlliamo rigorosamente la qualit\u00e0 dei prodotti e abbiamo ottenuto ampi consensi dai clienti di tutto il mondo grazie alle loro prestazioni eccezionali.<br \/>\nWavespectrum Laser offre il modulo diodo laser accoppiato a fibra SM da 650 nm, 20 mW e 9 um. Questo modulo laser da 650 nm \u00e8 ampiamente utilizzato in molti campi, quali: laser a fibra, laser medicale, stampa laser, taglio laser, rilevamento, display, comunicazione e monitoraggio biologico, ecc. Per i prodotti laser a lunghezza d'onda vicina, possiamo anche offrire ai clienti prodotti laser da 405 nm, 445 nm, 488 nm, 520 nm, 635 nm, 658 nm, 660 nm, 785 nm e 808 nm.<\/p>","protected":false},"excerpt":{"rendered":"<p>Il modulo diodo laser accoppiato a fibra SM da 650 nm, 20 mW e 9 um \u00e8 dotato di fibra SMF-28, presenta un design coassiale, dimensioni compatte e fotodiodo e raffreddatore TE opzionali. Questo modulo diodo laser accoppiato a fibra SM da 650 nm, 20 mW e 9 um offre prestazioni elevate e una lunga durata. Possiamo anche offrire ai clienti la versione con pacchetto B8. Il modulo laser con pacchetto B8 \u00e8 dotato di un piccolo dissipatore di calore, che render\u00e0 pi\u00f9 comodo per i clienti fissare e raffreddare il modulo laser.<br \/>\nIl modulo a diodo laser accoppiato a fibra SM da 650 nm e 9 um pu\u00f2 ottenere una potenza di uscita superiore rispetto al modulo laser con fibra monomodale da 4 um. Questo prodotto laser \u00e8 adatto ai clienti che necessitano di una potenza maggiore e non hanno requisiti rigorosi in termini di qualit\u00e0 del fascio.<\/p>","protected":false},"featured_media":1917,"comment_status":"open","ping_status":"closed","template":"","meta":{"themepark_post_bcolor":"#f5f5f5","themepark_post_width":"1022px","themepark_post_img":"","themepark_post_img_po":"left","themepark_post_img_re":false,"themepark_post_img_cover":false,"themepark_post_img_fixed":false,"themepark_post_hide_title":false,"themepark_post_main_b":"","themepark_post_main_p":100,"themepark_paddingblock":false,"_wpscp_schedule_draft_date":"","_wpscp_schedule_republish_date":"","_wpscppro_advance_schedule":false,"_wpscppro_advance_schedule_date":"","_wpscppro_dont_share_socialmedia":false,"_wpscppro_custom_social_share_image":0,"_facebook_share_type":"","_twitter_share_type":"","_linkedin_share_type":"","_pinterest_share_type":"","_linkedin_share_type_page":"","_instagram_share_type":"","_medium_share_type":"","_threads_share_type":"","_google_business_share_type":"","_selected_social_profile":[],"_wpsp_enable_custom_social_template":false,"_wpsp_social_scheduling":{"enabled":false,"datetime":null,"platforms":[],"status":"template_only","dateOption":"today","timeOption":"now","customDays":"","customHours":"","customDate":"","customTime":"","schedulingType":"absolute"},"_wpsp_active_default_template":true},"product_brand":[],"product_cat":[101,35],"product_tag":[],"class_list":{"0":"post-2389","1":"product","2":"type-product","3":"status-publish","4":"has-post-thumbnail","6":"product_cat-650nm-single-mode-fiber-coupled-laser-module","7":"product_cat-single-mode-fiber-coupled-laser-module","9":"first","10":"instock","11":"shipping-taxable","12":"product-type-simple"},"aioseo_notices":[],"_links":{"self":[{"href":"https:\/\/laserdiode-ld.com\/it\/wp-json\/wp\/v2\/product\/2389","targetHints":{"allow":["GET"]}}],"collection":[{"href":"https:\/\/laserdiode-ld.com\/it\/wp-json\/wp\/v2\/product"}],"about":[{"href":"https:\/\/laserdiode-ld.com\/it\/wp-json\/wp\/v2\/types\/product"}],"replies":[{"embeddable":true,"href":"https:\/\/laserdiode-ld.com\/it\/wp-json\/wp\/v2\/comments?post=2389"}],"wp:featuredmedia":[{"embeddable":true,"href":"https:\/\/laserdiode-ld.com\/it\/wp-json\/wp\/v2\/media\/1917"}],"wp:attachment":[{"href":"https:\/\/laserdiode-ld.com\/it\/wp-json\/wp\/v2\/media?parent=2389"}],"wp:term":[{"taxonomy":"product_brand","embeddable":true,"href":"https:\/\/laserdiode-ld.com\/it\/wp-json\/wp\/v2\/product_brand?post=2389"},{"taxonomy":"product_cat","embeddable":true,"href":"https:\/\/laserdiode-ld.com\/it\/wp-json\/wp\/v2\/product_cat?post=2389"},{"taxonomy":"product_tag","embeddable":true,"href":"https:\/\/laserdiode-ld.com\/it\/wp-json\/wp\/v2\/product_tag?post=2389"}],"curies":[{"name":"wp","href":"https:\/\/api.w.org\/{rel}","templated":true}]}}