{"id":2384,"date":"2025-11-04T10:17:18","date_gmt":"2025-11-04T02:17:18","guid":{"rendered":"http:\/\/aserdiode-ld.com\/?post_type=product&#038;p=2384"},"modified":"2025-11-17T14:21:59","modified_gmt":"2025-11-17T06:21:59","slug":"diodo-laser-pigtail-a-polarizzazione-mantenuta-da-650-nm-e-50-mw","status":"publish","type":"product","link":"https:\/\/laserdiode-ld.com\/it\/prodotto\/diodo-laser-pigtail-a-polarizzazione-mantenuta-da-650-nm-e-50-mw","title":{"rendered":"650 nm 50 mW con mantenimento della polarizzazione e connettore pigtail"},"content":{"rendered":"<p>Wavespectrum Laser \u00e8 un produttore di prodotti laser a diodi di alta qualit\u00e0 e prestazioni elevate. Ci impegniamo a sviluppare, produrre e vendere prodotti laser ad alte prestazioni. La gamma di lunghezze d'onda \u00e8 ampia, la variet\u00e0 di confezioni dei prodotti \u00e8 ampia, sono disponibili fibre monomodali, multimodali e a polarizzazione mantenuta. Controlliamo rigorosamente la qualit\u00e0 dei prodotti e abbiamo ottenuto ampi consensi dai clienti di tutto il mondo grazie alle loro prestazioni eccezionali.<br \/>\nWavespectrum Laser \u00e8 specializzata nell'offerta di diodi laser pigtail a polarizzazione mantenuta da 650 nm e 50 mW. Siamo in grado di soddisfare un'ampia gamma di esigenze fornendo diverse opzioni di potenza per i diodi laser pigtail a polarizzazione mantenuta da 650 nm. Inoltre, per i clienti che desiderano prestazioni migliori, disponiamo di moduli laser con valori PER pi\u00f9 elevati. Il nostro portafoglio prodotti si estende fino a includere una vasta gamma di moduli laser PM a lunghezza d'onda vicina. Questi moduli sono disponibili a lunghezze d'onda di 400 nm, 445 nm, 480 nm, 488 nm, 495 nm, 505 nm, 520 nm e 635 nm, offrendo cos\u00ec ai nostri clienti una selezione completa per soddisfare le loro esigenze specifiche.<\/p>","protected":false},"excerpt":{"rendered":"<p>Il diodo laser pigtail a polarizzazione mantenuta da 650 nm e 50 mW \u00e8 dotato di una fibra a polarizzazione mantenuta da 4 um e presenta un rapporto di estinzione della polarizzazione (PER) superiore a 13 dB. Su richiesta \u00e8 possibile ottenere una versione pi\u00f9 avanzata con un valore PER pi\u00f9 elevato. Questo modulo laser PM \u00e8 progettato per emettere un fascio gaussiano ed \u00e8 racchiuso in un involucro coassiale che gli conferisce una forma elegante e compatta. Il raffreddatore termoelettrico (TE Cooler) \u00e8 disponibile come opzione. Il diodo laser pigtail a polarizzazione mantenuta da 650 nm e 50 mW \u00e8 progettato per garantire prestazioni eccezionali e una maggiore durata. Inoltre, forniamo i moduli laser della serie B8, dotati di un dissipatore di calore miniaturizzato progettato per facilitare l'installazione e il raffreddamento del modulo laser, migliorando cos\u00ec la comodit\u00e0 dell'utente.<br \/>\nWavespectrum Laser \u00e8 in grado di fornire diodi laser pigtail personalizzati a 650 nm con mantenimento della polarizzazione per soddisfare le specifiche esigenze di potenza dei nostri clienti.<\/p>","protected":false},"featured_media":1917,"comment_status":"open","ping_status":"closed","template":"","meta":{"themepark_post_bcolor":"#f5f5f5","themepark_post_width":"1022px","themepark_post_img":"","themepark_post_img_po":"left","themepark_post_img_re":false,"themepark_post_img_cover":false,"themepark_post_img_fixed":false,"themepark_post_hide_title":false,"themepark_post_main_b":"","themepark_post_main_p":100,"themepark_paddingblock":false,"_wpscp_schedule_draft_date":"","_wpscp_schedule_republish_date":"","_wpscppro_advance_schedule":false,"_wpscppro_advance_schedule_date":"","_wpscppro_dont_share_socialmedia":false,"_wpscppro_custom_social_share_image":0,"_facebook_share_type":"","_twitter_share_type":"","_linkedin_share_type":"","_pinterest_share_type":"","_linkedin_share_type_page":"","_instagram_share_type":"","_medium_share_type":"","_threads_share_type":"","_google_business_share_type":"","_selected_social_profile":[],"_wpsp_enable_custom_social_template":false,"_wpsp_social_scheduling":{"enabled":false,"datetime":null,"platforms":[],"status":"template_only","dateOption":"today","timeOption":"now","customDays":"","customHours":"","customDate":"","customTime":"","schedulingType":"absolute"},"_wpsp_active_default_template":true},"product_brand":[],"product_cat":[101,35],"product_tag":[],"class_list":{"0":"post-2384","1":"product","2":"type-product","3":"status-publish","4":"has-post-thumbnail","6":"product_cat-650nm-single-mode-fiber-coupled-laser-module","7":"product_cat-single-mode-fiber-coupled-laser-module","9":"first","10":"instock","11":"shipping-taxable","12":"product-type-simple"},"aioseo_notices":[],"_links":{"self":[{"href":"https:\/\/laserdiode-ld.com\/it\/wp-json\/wp\/v2\/product\/2384","targetHints":{"allow":["GET"]}}],"collection":[{"href":"https:\/\/laserdiode-ld.com\/it\/wp-json\/wp\/v2\/product"}],"about":[{"href":"https:\/\/laserdiode-ld.com\/it\/wp-json\/wp\/v2\/types\/product"}],"replies":[{"embeddable":true,"href":"https:\/\/laserdiode-ld.com\/it\/wp-json\/wp\/v2\/comments?post=2384"}],"wp:featuredmedia":[{"embeddable":true,"href":"https:\/\/laserdiode-ld.com\/it\/wp-json\/wp\/v2\/media\/1917"}],"wp:attachment":[{"href":"https:\/\/laserdiode-ld.com\/it\/wp-json\/wp\/v2\/media?parent=2384"}],"wp:term":[{"taxonomy":"product_brand","embeddable":true,"href":"https:\/\/laserdiode-ld.com\/it\/wp-json\/wp\/v2\/product_brand?post=2384"},{"taxonomy":"product_cat","embeddable":true,"href":"https:\/\/laserdiode-ld.com\/it\/wp-json\/wp\/v2\/product_cat?post=2384"},{"taxonomy":"product_tag","embeddable":true,"href":"https:\/\/laserdiode-ld.com\/it\/wp-json\/wp\/v2\/product_tag?post=2384"}],"curies":[{"name":"wp","href":"https:\/\/api.w.org\/{rel}","templated":true}]}}