{"id":2370,"date":"2025-11-03T17:04:36","date_gmt":"2025-11-03T09:04:36","guid":{"rendered":"http:\/\/aserdiode-ld.com\/?post_type=product&#038;p=2370"},"modified":"2025-11-17T14:21:26","modified_gmt":"2025-11-17T06:21:26","slug":"diodo-laser-accoppiato-a-fibra-smf-da-650-nm-e-40-mw","status":"publish","type":"product","link":"https:\/\/laserdiode-ld.com\/it\/prodotto\/diodo-laser-accoppiato-a-fibra-smf-da-650-nm-e-40-mw","title":{"rendered":"650 nm 40 mW"},"content":{"rendered":"<p>Wavespectrum Laser \u00e8 un produttore di prodotti laser a diodi di alta qualit\u00e0 e prestazioni elevate. Ci impegniamo a sviluppare, produrre e vendere prodotti laser ad alte prestazioni. La gamma di lunghezze d'onda \u00e8 ampia, la variet\u00e0 di confezioni dei prodotti \u00e8 ampia, sono disponibili fibre monomodali, multimodali e a polarizzazione mantenuta. Controlliamo rigorosamente la qualit\u00e0 dei prodotti e abbiamo ottenuto ampi consensi dai clienti di tutto il mondo grazie alle loro prestazioni eccezionali.<br \/>\nWavespectrum Laser \u00e8 lieta di presentare il nostro diodo laser pigtail SMF da 650 nm e 30 mW. Siamo inoltre in grado di fornire varie configurazioni di potenza del diodo laser pigtail SMF da 650 nm, garantendo cos\u00ec di soddisfare le diverse esigenze dei nostri clienti. Inoltre, offriamo una gamma completa di prodotti laser a lunghezza d'onda vicina, che comprende opzioni laser da 400 nm, 445 nm, 480 nm, 488 nm, 495 nm, 505 nm, 520 nm, 635 nm, 660 nm e 670 nm.<\/p>","protected":false},"excerpt":{"rendered":"<p>Il diodo laser accoppiato a fibra SMF da 650 nm e 40 mW \u00e8 dotato di una fibra SM da 4 um, in grado di produrre un fascio gaussiano. \u00c8 progettato con un pacchetto coassiale, che garantisce dimensioni compatte.\u00a0Il modulo offre un dispositivo di raffreddamento termoelettrico opzionale. Questo diodo laser accoppiato a fibra SMF da 650 nm e 40 mW offre prestazioni eccellenti e una lunga durata. Inoltre, forniamo una versione con pacchetto della serie B8, dotata di un dissipatore di calore compatto, che migliora la praticit\u00e0 nell'installazione del modulo e la gestione termica per i nostri clienti.<br \/>\nWavespectrum Laser offre una personalizzazione su misura per il diodo laser accoppiato a fibra SMF da 650 nm, progettato per soddisfare le esigenze specifiche di ogni cliente.<\/p>","protected":false},"featured_media":1917,"comment_status":"open","ping_status":"closed","template":"","meta":{"themepark_post_bcolor":"#f5f5f5","themepark_post_width":"1022px","themepark_post_img":"","themepark_post_img_po":"left","themepark_post_img_re":false,"themepark_post_img_cover":false,"themepark_post_img_fixed":false,"themepark_post_hide_title":false,"themepark_post_main_b":"","themepark_post_main_p":100,"themepark_paddingblock":false,"_wpscp_schedule_draft_date":"","_wpscp_schedule_republish_date":"","_wpscppro_advance_schedule":false,"_wpscppro_advance_schedule_date":"","_wpscppro_dont_share_socialmedia":false,"_wpscppro_custom_social_share_image":0,"_facebook_share_type":"","_twitter_share_type":"","_linkedin_share_type":"","_pinterest_share_type":"","_linkedin_share_type_page":"","_instagram_share_type":"","_medium_share_type":"","_threads_share_type":"","_google_business_share_type":"","_selected_social_profile":[],"_wpsp_enable_custom_social_template":false,"_wpsp_social_scheduling":{"enabled":false,"datetime":null,"platforms":[],"status":"template_only","dateOption":"today","timeOption":"now","customDays":"","customHours":"","customDate":"","customTime":"","schedulingType":"absolute"},"_wpsp_active_default_template":true},"product_brand":[],"product_cat":[101,35],"product_tag":[],"class_list":{"0":"post-2370","1":"product","2":"type-product","3":"status-publish","4":"has-post-thumbnail","6":"product_cat-650nm-single-mode-fiber-coupled-laser-module","7":"product_cat-single-mode-fiber-coupled-laser-module","9":"first","10":"instock","11":"shipping-taxable","12":"product-type-simple"},"aioseo_notices":[],"_links":{"self":[{"href":"https:\/\/laserdiode-ld.com\/it\/wp-json\/wp\/v2\/product\/2370","targetHints":{"allow":["GET"]}}],"collection":[{"href":"https:\/\/laserdiode-ld.com\/it\/wp-json\/wp\/v2\/product"}],"about":[{"href":"https:\/\/laserdiode-ld.com\/it\/wp-json\/wp\/v2\/types\/product"}],"replies":[{"embeddable":true,"href":"https:\/\/laserdiode-ld.com\/it\/wp-json\/wp\/v2\/comments?post=2370"}],"wp:featuredmedia":[{"embeddable":true,"href":"https:\/\/laserdiode-ld.com\/it\/wp-json\/wp\/v2\/media\/1917"}],"wp:attachment":[{"href":"https:\/\/laserdiode-ld.com\/it\/wp-json\/wp\/v2\/media?parent=2370"}],"wp:term":[{"taxonomy":"product_brand","embeddable":true,"href":"https:\/\/laserdiode-ld.com\/it\/wp-json\/wp\/v2\/product_brand?post=2370"},{"taxonomy":"product_cat","embeddable":true,"href":"https:\/\/laserdiode-ld.com\/it\/wp-json\/wp\/v2\/product_cat?post=2370"},{"taxonomy":"product_tag","embeddable":true,"href":"https:\/\/laserdiode-ld.com\/it\/wp-json\/wp\/v2\/product_tag?post=2370"}],"curies":[{"name":"wp","href":"https:\/\/api.w.org\/{rel}","templated":true}]}}