{"id":1962,"date":"2025-10-29T14:54:05","date_gmt":"2025-10-29T06:54:05","guid":{"rendered":"http:\/\/aserdiode-ld.com\/?post_type=product&#038;p=1962"},"modified":"2025-11-17T13:58:13","modified_gmt":"2025-11-17T05:58:13","slug":"diodo-laser-accoppiato-a-fibra-pmf-da-445-nm-e-50-mw","status":"publish","type":"product","link":"https:\/\/laserdiode-ld.com\/it\/prodotto\/diodo-laser-accoppiato-a-fibra-pmf-da-445-nm-e-50-mw","title":{"rendered":"445 nm 50 mW con mantenimento della polarizzazione"},"content":{"rendered":"<p>Wavespectrum Laser \u00e8 un produttore di prodotti laser a diodi di alta qualit\u00e0 e prestazioni elevate. Ci impegniamo a sviluppare, produrre e vendere prodotti laser ad alte prestazioni. La gamma di lunghezze d'onda \u00e8 ampia, la variet\u00e0 di confezioni dei prodotti \u00e8 ampia, sono disponibili fibre monomodali, multimodali e a polarizzazione mantenuta. Controlliamo rigorosamente la qualit\u00e0 dei prodotti e abbiamo ottenuto ampi consensi dai clienti di tutto il mondo grazie alle loro prestazioni eccezionali.<br \/>\nWavespectrum Laser eccelle nella fornitura di diodi laser accoppiati a fibra PMF da 445 nm e 50 mW. Siamo inoltre in grado di soddisfare esigenze diverse offrendo una selezione di configurazioni di potenza per i diodi laser accoppiati a fibra PMF da 445 nm. Offriamo inoltre moduli laser con valori PER elevati, per soddisfare le esigenze dei clienti che richiedono prestazioni superiori. Oltre alle nostre offerte esistenti, siamo lieti di informarvi che ora forniamo una selezione completa di prodotti laser a lunghezza d'onda vicina, che comprendono lunghezze d'onda di 400 nm, 445 nm, 488 nm, 505 nm, 520 nm, 635 nm, 660 nm e 785 nm, per soddisfare le diverse esigenze della nostra clientela.<\/p>","protected":false},"excerpt":{"rendered":"<p>Il diodo laser accoppiato a fibra PMF da 445 nm e 50 mW \u00e8 caratterizzato dall'integrazione di una fibra PM da 3 um e da un rapporto di estinzione della polarizzazione (PER) superiore a 13 dB. Offriamo anche una versione premium con un PER aumentato per applicazioni specializzate. Il design del modulo facilita la generazione di un fascio gaussiano ed \u00e8 incapsulato in un pacchetto coassiale compatto. Include un raffreddatore termoelettrico (TE Cooler) disponibile come funzione opzionale. Il diodo laser accoppiato a fibra PMF da 445 nm e 50 mW \u00e8 progettato per garantire prestazioni e longevit\u00e0 superiori. Inoltre, forniamo i moduli laser della serie B8, dotati di un piccolo dissipatore di calore che semplifica il fissaggio e il raffreddamento del modulo laser, rendendolo pi\u00f9 comodo per gli utenti.<br \/>\nWavespectrum Laser \u00e8 in grado di fornire una vasta gamma di configurazioni di potenza per il diodo laser accoppiato a fibra PMF da 445 nm, garantendo che siano perfettamente allineate alle specifiche individuali dei clienti.<\/p>","protected":false},"featured_media":1917,"comment_status":"open","ping_status":"closed","template":"","meta":{"themepark_post_bcolor":"#f5f5f5","themepark_post_width":"1022px","themepark_post_img":"","themepark_post_img_po":"left","themepark_post_img_re":false,"themepark_post_img_cover":false,"themepark_post_img_fixed":false,"themepark_post_hide_title":false,"themepark_post_main_b":"","themepark_post_main_p":100,"themepark_paddingblock":false,"_wpscp_schedule_draft_date":"","_wpscp_schedule_republish_date":"","_wpscppro_advance_schedule":false,"_wpscppro_advance_schedule_date":"","_wpscppro_dont_share_socialmedia":false,"_wpscppro_custom_social_share_image":0,"_facebook_share_type":"","_twitter_share_type":"","_linkedin_share_type":"","_pinterest_share_type":"","_linkedin_share_type_page":"","_instagram_share_type":"","_medium_share_type":"","_threads_share_type":"","_google_business_share_type":"","_selected_social_profile":[],"_wpsp_enable_custom_social_template":false,"_wpsp_social_scheduling":{"enabled":false,"datetime":null,"platforms":[],"status":"template_only","dateOption":"today","timeOption":"now","customDays":"","customHours":"","customDate":"","customTime":"","schedulingType":"absolute"},"_wpsp_active_default_template":true},"product_brand":[],"product_cat":[89,35],"product_tag":[],"class_list":{"0":"post-1962","1":"product","2":"type-product","3":"status-publish","4":"has-post-thumbnail","6":"product_cat-445nm-single-mode-fiber-coupled-laser-module","7":"product_cat-single-mode-fiber-coupled-laser-module","9":"first","10":"instock","11":"shipping-taxable","12":"product-type-simple"},"aioseo_notices":[],"_links":{"self":[{"href":"https:\/\/laserdiode-ld.com\/it\/wp-json\/wp\/v2\/product\/1962","targetHints":{"allow":["GET"]}}],"collection":[{"href":"https:\/\/laserdiode-ld.com\/it\/wp-json\/wp\/v2\/product"}],"about":[{"href":"https:\/\/laserdiode-ld.com\/it\/wp-json\/wp\/v2\/types\/product"}],"replies":[{"embeddable":true,"href":"https:\/\/laserdiode-ld.com\/it\/wp-json\/wp\/v2\/comments?post=1962"}],"wp:featuredmedia":[{"embeddable":true,"href":"https:\/\/laserdiode-ld.com\/it\/wp-json\/wp\/v2\/media\/1917"}],"wp:attachment":[{"href":"https:\/\/laserdiode-ld.com\/it\/wp-json\/wp\/v2\/media?parent=1962"}],"wp:term":[{"taxonomy":"product_brand","embeddable":true,"href":"https:\/\/laserdiode-ld.com\/it\/wp-json\/wp\/v2\/product_brand?post=1962"},{"taxonomy":"product_cat","embeddable":true,"href":"https:\/\/laserdiode-ld.com\/it\/wp-json\/wp\/v2\/product_cat?post=1962"},{"taxonomy":"product_tag","embeddable":true,"href":"https:\/\/laserdiode-ld.com\/it\/wp-json\/wp\/v2\/product_tag?post=1962"}],"curies":[{"name":"wp","href":"https:\/\/api.w.org\/{rel}","templated":true}]}}