{"id":1950,"date":"2025-10-29T14:40:23","date_gmt":"2025-10-29T06:40:23","guid":{"rendered":"http:\/\/aserdiode-ld.com\/?post_type=product&#038;p=1950"},"modified":"2025-11-17T13:57:26","modified_gmt":"2025-11-17T05:57:26","slug":"diodo-laser-accoppiato-a-fibra-smf-da-445-nm-e-40-mw","status":"publish","type":"product","link":"https:\/\/laserdiode-ld.com\/it\/prodotto\/diodo-laser-accoppiato-a-fibra-smf-da-445-nm-e-40-mw","title":{"rendered":"445 nm 50 mW con cavo pigtail"},"content":{"rendered":"<p>Wavespectrum Laser \u00e8 un produttore di prodotti laser a diodi di alta qualit\u00e0 e prestazioni elevate. Ci impegniamo a sviluppare, produrre e vendere prodotti laser ad alte prestazioni. La gamma di lunghezze d'onda \u00e8 ampia, la variet\u00e0 di confezioni dei prodotti \u00e8 ampia, sono disponibili fibre monomodali, multimodali e a polarizzazione mantenuta. Controlliamo rigorosamente la qualit\u00e0 dei prodotti e abbiamo ottenuto ampi consensi dai clienti di tutto il mondo grazie alle loro prestazioni eccezionali.<br \/>\nWavespectrum Laser \u00e8 lieta di presentare il nostro SMF da 445 nm e 50 mW. <a href=\"https:\/\/laserdiode-ld.com\/\"   title=\"diodo laser a coda di maiale\"  data-wpil-monitor-id=\"18\">diodo laser a coda di maiale<\/a>. Siamo anche ben preparati a fornire diverse configurazioni di potenza del diodo laser SMF pigtailed da 445 nm, per soddisfare le diverse esigenze dei nostri clienti. Inoltre, offriamo un portafoglio completo di prodotti laser a lunghezza d'onda ridotta, che comprende opzioni laser a 400nm, 445nm, 480nm, 488nm, 495nm, 505nm, 520nm, 635nm, 660nm e 670nm.<\/p>","protected":false},"excerpt":{"rendered":"<p>Il diodo laser SMF pigtail da 445 nm e 50 mW, che incorpora una fibra monomodale da 3 um, \u00e8 progettato con precisione per emettere un fascio gaussiano. Racchiuso in un involucro coassiale, offre un fattore di forma compatto e la possibilit\u00e0 di aggiungere un dispositivo di raffreddamento termoelettrico (TE Cooler).<br \/>\nQuesto diodo laser SMF con pigtail da 445 nm e 50 mW si distingue per le sue prestazioni superiori e la durata prolungata. Inoltre, offriamo un'opzione di confezione della serie B8, completa di un dissipatore di calore miniaturizzato, progettato per facilitare l'installazione del modulo laser e ottimizzare la gestione termica per i nostri clienti.<br \/>\nWavespectrum Laser \u00e8 specializzata nell'offerta di soluzioni personalizzate per diodi laser pigtail SMF a 445 nm, garantendo la soddisfazione delle esigenze specifiche di ogni cliente.<\/p>","protected":false},"featured_media":1917,"comment_status":"open","ping_status":"closed","template":"","meta":{"themepark_post_bcolor":"#f5f5f5","themepark_post_width":"1022px","themepark_post_img":"","themepark_post_img_po":"left","themepark_post_img_re":false,"themepark_post_img_cover":false,"themepark_post_img_fixed":false,"themepark_post_hide_title":false,"themepark_post_main_b":"","themepark_post_main_p":100,"themepark_paddingblock":false,"_wpscp_schedule_draft_date":"","_wpscp_schedule_republish_date":"","_wpscppro_advance_schedule":false,"_wpscppro_advance_schedule_date":"","_wpscppro_dont_share_socialmedia":false,"_wpscppro_custom_social_share_image":0,"_facebook_share_type":"","_twitter_share_type":"","_linkedin_share_type":"","_pinterest_share_type":"","_linkedin_share_type_page":"","_instagram_share_type":"","_medium_share_type":"","_threads_share_type":"","_google_business_share_type":"","_selected_social_profile":[],"_wpsp_enable_custom_social_template":false,"_wpsp_social_scheduling":{"enabled":false,"datetime":null,"platforms":[],"status":"template_only","dateOption":"today","timeOption":"now","customDays":"","customHours":"","customDate":"","customTime":"","schedulingType":"absolute"},"_wpsp_active_default_template":true},"product_brand":[],"product_cat":[89,35],"product_tag":[],"class_list":{"0":"post-1950","1":"product","2":"type-product","3":"status-publish","4":"has-post-thumbnail","6":"product_cat-445nm-single-mode-fiber-coupled-laser-module","7":"product_cat-single-mode-fiber-coupled-laser-module","9":"first","10":"instock","11":"shipping-taxable","12":"product-type-simple"},"aioseo_notices":[],"_links":{"self":[{"href":"https:\/\/laserdiode-ld.com\/it\/wp-json\/wp\/v2\/product\/1950","targetHints":{"allow":["GET"]}}],"collection":[{"href":"https:\/\/laserdiode-ld.com\/it\/wp-json\/wp\/v2\/product"}],"about":[{"href":"https:\/\/laserdiode-ld.com\/it\/wp-json\/wp\/v2\/types\/product"}],"replies":[{"embeddable":true,"href":"https:\/\/laserdiode-ld.com\/it\/wp-json\/wp\/v2\/comments?post=1950"}],"wp:featuredmedia":[{"embeddable":true,"href":"https:\/\/laserdiode-ld.com\/it\/wp-json\/wp\/v2\/media\/1917"}],"wp:attachment":[{"href":"https:\/\/laserdiode-ld.com\/it\/wp-json\/wp\/v2\/media?parent=1950"}],"wp:term":[{"taxonomy":"product_brand","embeddable":true,"href":"https:\/\/laserdiode-ld.com\/it\/wp-json\/wp\/v2\/product_brand?post=1950"},{"taxonomy":"product_cat","embeddable":true,"href":"https:\/\/laserdiode-ld.com\/it\/wp-json\/wp\/v2\/product_cat?post=1950"},{"taxonomy":"product_tag","embeddable":true,"href":"https:\/\/laserdiode-ld.com\/it\/wp-json\/wp\/v2\/product_tag?post=1950"}],"curies":[{"name":"wp","href":"https:\/\/api.w.org\/{rel}","templated":true}]}}