{"id":3380,"date":"2025-11-13T16:21:01","date_gmt":"2025-11-13T08:21:01","guid":{"rendered":"http:\/\/aserdiode-ld.com\/?post_type=product&#038;p=3380"},"modified":"2025-11-17T16:55:04","modified_gmt":"2025-11-17T08:55:04","slug":"source-laser-a-diode-couplee-a-fibre-optique-de-1470-nm-et-15-w-avec-faisceau-de-visee-rouge","status":"publish","type":"product","link":"https:\/\/laserdiode-ld.com\/fr\/produit\/source-laser-a-diode-couplee-a-fibre-optique-de-1470-nm-et-15-w-avec-faisceau-de-visee-rouge","title":{"rendered":"1470 nm, 15 W avec faisceau de vis\u00e9e rouge"},"content":{"rendered":"<p>Wavespectrum Laser est un fabricant de produits laser \u00e0 diode de haute qualit\u00e9 et haute performance. Nous nous engageons \u00e0 d\u00e9velopper, produire et commercialiser des produits laser haute performance. La gamme de longueurs d'onde est large, les produits sont disponibles dans diff\u00e9rents conditionnements, en fibre monomode, multimode et \u00e0 maintien de polarisation. Nous contr\u00f4lons rigoureusement la qualit\u00e9 de nos produits et avons gagn\u00e9 la reconnaissance de clients du monde entier gr\u00e2ce \u00e0 leurs performances exceptionnelles.<br \/>\nWavespectrum Laser est en mesure de fournir une source laser \u00e0 diode coupl\u00e9e \u00e0 fibre optique de 1470 nm et 15 W avec faisceau de vis\u00e9e rouge. De plus, nous proposons diff\u00e9rentes configurations de puissance pour la source laser \u00e0 diode coupl\u00e9e \u00e0 fibre optique de 1470 nm afin de r\u00e9pondre aux divers besoins de nos clients. En plus de cela, notre gamme de produits laser \u00e0 longueur d'onde proche comprend des produits laser de 880 nm, 915 nm, 980 nm, 1064 nm, 1310 nm, 1450 nm, 1490 nm et 1550 nm.<\/p>","protected":false},"excerpt":{"rendered":"<p>La source laser \u00e0 diode coupl\u00e9e \u00e0 fibre optique 1470 nm 15 W avec faisceau de vis\u00e9e rouge est un syst\u00e8me laser complet qui comprend le pilote laser, le syst\u00e8me de refroidissement TE et le faisceau de vis\u00e9e rouge. Elle offre une puissance de sortie r\u00e9glable et fonctionne \u00e0 une temp\u00e9rature fixe, la tension d'entr\u00e9e est de 90 V \u00e0 240 V CA, ce qui la rend tr\u00e8s pratique \u00e0 utiliser pour les clients. Cette source laser \u00e0 diode coupl\u00e9e \u00e0 fibre optique de 1470 nm et 15 W est \u00e9quip\u00e9e d'une fibre multimode de 400 \u00b5m et d'un faisceau de vis\u00e9e rouge int\u00e9gr\u00e9 de 660 nm, ce qui est tr\u00e8s pratique pour les clients qui souhaitent aligner le faisceau laser. Ce syst\u00e8me laser est tr\u00e8s performant et a une longue dur\u00e9e de vie. Cette source laser \u00e0 diode coupl\u00e9e \u00e0 fibre optique de 1470 nm et 15 W est tr\u00e8s s\u00fbre et facile \u00e0 utiliser pour les clients.<\/p>","protected":false},"featured_media":3379,"comment_status":"open","ping_status":"closed","template":"","meta":{"themepark_post_bcolor":"#f5f5f5","themepark_post_width":"1022px","themepark_post_img":"","themepark_post_img_po":"left","themepark_post_img_re":false,"themepark_post_img_cover":false,"themepark_post_img_fixed":false,"themepark_post_hide_title":false,"themepark_post_main_b":"","themepark_post_main_p":100,"themepark_paddingblock":false,"_wpscp_schedule_draft_date":"","_wpscp_schedule_republish_date":"","_wpscppro_advance_schedule":false,"_wpscppro_advance_schedule_date":"","_wpscppro_dont_share_socialmedia":false,"_wpscppro_custom_social_share_image":0,"_facebook_share_type":"","_twitter_share_type":"","_linkedin_share_type":"","_pinterest_share_type":"","_linkedin_share_type_page":"","_instagram_share_type":"","_medium_share_type":"","_threads_share_type":"","_google_business_share_type":"","_selected_social_profile":[],"_wpsp_enable_custom_social_template":false,"_wpsp_social_scheduling":{"enabled":false,"datetime":null,"platforms":[],"status":"template_only","dateOption":"today","timeOption":"now","customDays":"","customHours":"","customDate":"","customTime":"","schedulingType":"absolute"},"_wpsp_active_default_template":true},"product_brand":[],"product_cat":[54,197],"product_tag":[],"class_list":{"0":"post-3380","1":"product","2":"type-product","3":"status-publish","4":"has-post-thumbnail","6":"product_cat-ture-key-fiber-coupled-laser-system","7":"product_cat-1470nm-ture-key-fiber-coupled-laser-system","9":"first","10":"instock","11":"shipping-taxable","12":"product-type-simple"},"aioseo_notices":[],"_links":{"self":[{"href":"https:\/\/laserdiode-ld.com\/fr\/wp-json\/wp\/v2\/product\/3380","targetHints":{"allow":["GET"]}}],"collection":[{"href":"https:\/\/laserdiode-ld.com\/fr\/wp-json\/wp\/v2\/product"}],"about":[{"href":"https:\/\/laserdiode-ld.com\/fr\/wp-json\/wp\/v2\/types\/product"}],"replies":[{"embeddable":true,"href":"https:\/\/laserdiode-ld.com\/fr\/wp-json\/wp\/v2\/comments?post=3380"}],"wp:featuredmedia":[{"embeddable":true,"href":"https:\/\/laserdiode-ld.com\/fr\/wp-json\/wp\/v2\/media\/3379"}],"wp:attachment":[{"href":"https:\/\/laserdiode-ld.com\/fr\/wp-json\/wp\/v2\/media?parent=3380"}],"wp:term":[{"taxonomy":"product_brand","embeddable":true,"href":"https:\/\/laserdiode-ld.com\/fr\/wp-json\/wp\/v2\/product_brand?post=3380"},{"taxonomy":"product_cat","embeddable":true,"href":"https:\/\/laserdiode-ld.com\/fr\/wp-json\/wp\/v2\/product_cat?post=3380"},{"taxonomy":"product_tag","embeddable":true,"href":"https:\/\/laserdiode-ld.com\/fr\/wp-json\/wp\/v2\/product_tag?post=3380"}],"curies":[{"name":"wp","href":"https:\/\/api.w.org\/{rel}","templated":true}]}}