{"id":3375,"date":"2025-11-13T16:15:53","date_gmt":"2025-11-13T08:15:53","guid":{"rendered":"http:\/\/aserdiode-ld.com\/?post_type=product&#038;p=3375"},"modified":"2025-11-18T10:48:19","modified_gmt":"2025-11-18T02:48:19","slug":"module-laser-a-diode-detachable-a-fibre-optique-1550-nm-25-w-14-broches","status":"publish","type":"product","link":"https:\/\/laserdiode-ld.com\/fr\/produit\/module-laser-a-diode-detachable-a-fibre-optique-1550-nm-25-w-14-broches","title":{"rendered":"1550 nm 2,5 W 14 broches"},"content":{"rendered":"<p>Wavespectrum Laser est un fabricant de produits laser \u00e0 diode de haute qualit\u00e9 et haute performance. Nous nous engageons \u00e0 d\u00e9velopper, produire et commercialiser des produits laser haute performance. La gamme de longueurs d'onde est large, les produits sont disponibles dans diff\u00e9rents conditionnements, en fibre monomode, multimode et \u00e0 maintien de polarisation. Nous contr\u00f4lons rigoureusement la qualit\u00e9 de nos produits et avons gagn\u00e9 la reconnaissance de clients du monde entier gr\u00e2ce \u00e0 leurs performances exceptionnelles.<\/p>\n<p>Wavespectrum Laser propose des modules laser d\u00e9tachables \u00e0 fibre optique 1550 nm 2,5 W 14 broches, ainsi que des modules laser d\u00e9tachables \u00e0 fibre optique 1550 nm 14 broches de diff\u00e9rentes puissances. Pour les produits laser \u00e0 longueur d'onde proche, nous pouvons \u00e9galement proposer \u00e0 nos clients des produits laser 915 nm, 940 nm, 980 nm, 1064 nm, 1310 nm, 1470 nm et 1570 nm.<\/p>","protected":false},"excerpt":{"rendered":"<p>Le module laser \u00e0 diode d\u00e9tachable \u00e0 fibre optique 1550 m 2,5 W 14 broches est \u00e9quip\u00e9 d'un connecteur SMA905. Il est facile de changer ou de remplacer le cavalier fibre optique. Il est utilis\u00e9 pour les fibres optiques de 200 \u00b5m ou plus. Ce module laser \u00e0 diode d\u00e9tachable \u00e0 fibre optique 1550 nm 2,5 W 14 broches comprend un refroidisseur TE et une thermistance. La fonction de d\u00e9tection de fibre est en option, tout comme le faisceau de vis\u00e9e rouge 635 nm. Ce module laser offre d'excellentes performances et une longue dur\u00e9e de vie. Wavespectrum Laser peut \u00e9galement personnaliser d'autres modules laser \u00e0 diode d\u00e9tachable \u00e0 fibre optique 1550 nm 14 broches pour ses clients.<\/p>","protected":false},"featured_media":3374,"comment_status":"open","ping_status":"closed","template":"","meta":{"themepark_post_bcolor":"#f5f5f5","themepark_post_width":"1022px","themepark_post_img":"","themepark_post_img_po":"left","themepark_post_img_re":false,"themepark_post_img_cover":false,"themepark_post_img_fixed":false,"themepark_post_hide_title":false,"themepark_post_main_b":"","themepark_post_main_p":100,"themepark_paddingblock":false,"_wpscp_schedule_draft_date":"","_wpscp_schedule_republish_date":"","_wpscppro_advance_schedule":false,"_wpscppro_advance_schedule_date":"","_wpscppro_dont_share_socialmedia":false,"_wpscppro_custom_social_share_image":0,"_facebook_share_type":"","_twitter_share_type":"","_linkedin_share_type":"","_pinterest_share_type":"","_linkedin_share_type_page":"","_instagram_share_type":"","_medium_share_type":"","_threads_share_type":"","_google_business_share_type":"","_selected_social_profile":[],"_wpsp_enable_custom_social_template":false,"_wpsp_social_scheduling":{"enabled":false,"datetime":null,"platforms":[],"status":"template_only","dateOption":"today","timeOption":"now","customDays":"","customHours":"","customDate":"","customTime":"","schedulingType":"absolute"},"_wpsp_active_default_template":true},"product_brand":[],"product_cat":[53,195],"product_tag":[],"class_list":{"0":"post-3375","1":"product","2":"type-product","3":"status-publish","4":"has-post-thumbnail","6":"product_cat-medical-laser-module","7":"product_cat-1550nm-2-5w-200um-fiber-14pin-fiber-detachable-sma905-tec-pd-aiming-beam","9":"first","10":"instock","11":"shipping-taxable","12":"product-type-simple"},"aioseo_notices":[],"_links":{"self":[{"href":"https:\/\/laserdiode-ld.com\/fr\/wp-json\/wp\/v2\/product\/3375","targetHints":{"allow":["GET"]}}],"collection":[{"href":"https:\/\/laserdiode-ld.com\/fr\/wp-json\/wp\/v2\/product"}],"about":[{"href":"https:\/\/laserdiode-ld.com\/fr\/wp-json\/wp\/v2\/types\/product"}],"replies":[{"embeddable":true,"href":"https:\/\/laserdiode-ld.com\/fr\/wp-json\/wp\/v2\/comments?post=3375"}],"wp:featuredmedia":[{"embeddable":true,"href":"https:\/\/laserdiode-ld.com\/fr\/wp-json\/wp\/v2\/media\/3374"}],"wp:attachment":[{"href":"https:\/\/laserdiode-ld.com\/fr\/wp-json\/wp\/v2\/media?parent=3375"}],"wp:term":[{"taxonomy":"product_brand","embeddable":true,"href":"https:\/\/laserdiode-ld.com\/fr\/wp-json\/wp\/v2\/product_brand?post=3375"},{"taxonomy":"product_cat","embeddable":true,"href":"https:\/\/laserdiode-ld.com\/fr\/wp-json\/wp\/v2\/product_cat?post=3375"},{"taxonomy":"product_tag","embeddable":true,"href":"https:\/\/laserdiode-ld.com\/fr\/wp-json\/wp\/v2\/product_tag?post=3375"}],"curies":[{"name":"wp","href":"https:\/\/api.w.org\/{rel}","templated":true}]}}