{"id":3372,"date":"2025-11-13T16:13:44","date_gmt":"2025-11-13T08:13:44","guid":{"rendered":"http:\/\/aserdiode-ld.com\/?post_type=product&#038;p=3372"},"modified":"2025-11-18T11:10:08","modified_gmt":"2025-11-18T03:10:08","slug":"module-laser-a-diode-couple-a-fibre-optique-808-nm-7-w-15-broches-avec-faisceau-de-visee-rouge-650-nm","status":"publish","type":"product","link":"https:\/\/laserdiode-ld.com\/fr\/produit\/module-laser-a-diode-couple-a-fibre-optique-808-nm-7-w-15-broches-avec-faisceau-de-visee-rouge-650-nm","title":{"rendered":"808 nm, 7 W, 15 broches avec faisceau de vis\u00e9e rouge de 650 nm"},"content":{"rendered":"<p>Wavespectrum Laser est un fabricant de produits laser \u00e0 diode de haute qualit\u00e9 et haute performance. Nous nous engageons \u00e0 d\u00e9velopper, produire et commercialiser des produits laser haute performance. La gamme de longueurs d'onde est large, les produits sont disponibles dans diff\u00e9rents conditionnements, en fibre monomode, multimode et \u00e0 maintien de polarisation. Nous contr\u00f4lons rigoureusement la qualit\u00e9 de nos produits et avons gagn\u00e9 la reconnaissance de clients du monde entier gr\u00e2ce \u00e0 leurs performances exceptionnelles.<\/p>\n<p>Wavespectrum Laser se consacre \u00e0 la fourniture de modules de diodes laser coupl\u00e9s \u00e0 fibre optique 808 nm 7 W 15 broches, \u00e9quip\u00e9s d'un faisceau de vis\u00e9e rouge 650 nm int\u00e9gr\u00e9. Nous proposons \u00e9galement une large gamme de configurations de puissance pour les modules de diodes laser coupl\u00e9s \u00e0 fibre optique multimode 808 nm 15 broches afin de r\u00e9pondre aux besoins vari\u00e9s de nos clients. De plus, nous fournissons \u00e9galement des produits laser \u00e0 longueur d'onde proche, notamment des produits laser 635 nm, 660 nm, 755 nm, 785 nm, 830 nm, 850 nm, 880 nm et 1270 nm.<\/p>","protected":false},"excerpt":{"rendered":"<p>Le module laser \u00e0 diode coupl\u00e9 \u00e0 fibre optique 808 nm 7 W 15 broches avec faisceau de vis\u00e9e rouge 650 nm est \u00e9quip\u00e9 d'une fibre multimode 200 \u00b5m, d'un refroidisseur TE, d'une thermistance et d'une photodiode pour un contr\u00f4le et une surveillance am\u00e9lior\u00e9s. Le module offre la possibilit\u00e9 de choisir entre des connecteurs FC, SMA905 ou ST. Ce module laser \u00e0 diode coupl\u00e9 \u00e0 fibre optique 808 nm 7 W 15 broches est tr\u00e8s performant et a une longue dur\u00e9e de vie. Il int\u00e8gre un faisceau de vis\u00e9e rouge 650 nm, ce qui est tr\u00e8s pratique pour les clients qui souhaitent contr\u00f4ler le faisceau laser. De plus, nous pouvons \u00e9galement fournir des modules laser \u00e0 fibre optique d\u00e9tachable pour r\u00e9pondre aux besoins sp\u00e9cifiques des clients.<br \/>\nWavespectrum Laser peut \u00e9galement personnaliser d'autres modules de diodes laser coupl\u00e9s \u00e0 fibre optique 808 nm \u00e0 15 broches afin de r\u00e9pondre aux besoins sp\u00e9cifiques des clients.<\/p>","protected":false},"featured_media":3374,"comment_status":"open","ping_status":"closed","template":"","meta":{"themepark_post_bcolor":"#f5f5f5","themepark_post_width":"1022px","themepark_post_img":"","themepark_post_img_po":"left","themepark_post_img_re":false,"themepark_post_img_cover":false,"themepark_post_img_fixed":false,"themepark_post_hide_title":false,"themepark_post_main_b":"","themepark_post_main_p":100,"themepark_paddingblock":false,"_wpscp_schedule_draft_date":"","_wpscp_schedule_republish_date":"","_wpscppro_advance_schedule":false,"_wpscppro_advance_schedule_date":"","_wpscppro_dont_share_socialmedia":false,"_wpscppro_custom_social_share_image":0,"_facebook_share_type":"","_twitter_share_type":"","_linkedin_share_type":"","_pinterest_share_type":"","_linkedin_share_type_page":"","_instagram_share_type":"","_medium_share_type":"","_threads_share_type":"","_google_business_share_type":"","_selected_social_profile":[],"_wpsp_enable_custom_social_template":false,"_wpsp_social_scheduling":{"enabled":false,"datetime":null,"platforms":[],"status":"template_only","dateOption":"today","timeOption":"now","customDays":"","customHours":"","customDate":"","customTime":"","schedulingType":"absolute"},"_wpsp_active_default_template":true},"product_brand":[],"product_cat":[53,194],"product_tag":[],"class_list":{"0":"post-3372","1":"product","2":"type-product","3":"status-publish","4":"has-post-thumbnail","6":"product_cat-medical-laser-module","7":"product_cat-808nm-7w-200um-fiber-15pin-tec-pd-aiming-beam","9":"first","10":"instock","11":"shipping-taxable","12":"product-type-simple"},"aioseo_notices":[],"_links":{"self":[{"href":"https:\/\/laserdiode-ld.com\/fr\/wp-json\/wp\/v2\/product\/3372","targetHints":{"allow":["GET"]}}],"collection":[{"href":"https:\/\/laserdiode-ld.com\/fr\/wp-json\/wp\/v2\/product"}],"about":[{"href":"https:\/\/laserdiode-ld.com\/fr\/wp-json\/wp\/v2\/types\/product"}],"replies":[{"embeddable":true,"href":"https:\/\/laserdiode-ld.com\/fr\/wp-json\/wp\/v2\/comments?post=3372"}],"wp:featuredmedia":[{"embeddable":true,"href":"https:\/\/laserdiode-ld.com\/fr\/wp-json\/wp\/v2\/media\/3374"}],"wp:attachment":[{"href":"https:\/\/laserdiode-ld.com\/fr\/wp-json\/wp\/v2\/media?parent=3372"}],"wp:term":[{"taxonomy":"product_brand","embeddable":true,"href":"https:\/\/laserdiode-ld.com\/fr\/wp-json\/wp\/v2\/product_brand?post=3372"},{"taxonomy":"product_cat","embeddable":true,"href":"https:\/\/laserdiode-ld.com\/fr\/wp-json\/wp\/v2\/product_cat?post=3372"},{"taxonomy":"product_tag","embeddable":true,"href":"https:\/\/laserdiode-ld.com\/fr\/wp-json\/wp\/v2\/product_tag?post=3372"}],"curies":[{"name":"wp","href":"https:\/\/api.w.org\/{rel}","templated":true}]}}