{"id":3367,"date":"2025-11-13T16:08:01","date_gmt":"2025-11-13T08:08:01","guid":{"rendered":"http:\/\/aserdiode-ld.com\/?post_type=product&#038;p=3367"},"modified":"2025-12-09T14:11:24","modified_gmt":"2025-12-09T06:11:24","slug":"module-laser-a-diode-couple-a-fibre-monomode-a-4-longueurs-donde-445-nm-520-nm-635-nm-et-785-nm-20-mw","status":"publish","type":"product","link":"https:\/\/laserdiode-ld.com\/fr\/produit\/module-laser-a-diode-couple-a-fibre-monomode-a-4-longueurs-donde-445-nm-520-nm-635-nm-et-785-nm-20-mw","title":{"rendered":"445 nm 520 nm 635 nm 785 nm 20 mW"},"content":{"rendered":"<p>Wavespectrum Laser est un fabricant de produits laser \u00e0 diode de haute qualit\u00e9 et haute performance. Nous nous engageons \u00e0 d\u00e9velopper, produire et commercialiser des produits laser haute performance. La gamme de longueurs d'onde est large, les produits sont disponibles dans diff\u00e9rents conditionnements, en fibre monomode, multimode et \u00e0 maintien de polarisation. Nous contr\u00f4lons rigoureusement la qualit\u00e9 de nos produits et avons gagn\u00e9 la reconnaissance de clients du monde entier gr\u00e2ce \u00e0 leurs performances exceptionnelles.<\/p>\n<p>Wavespectrum Laser propose un module laser \u00e0 diode coupl\u00e9 \u00e0 fibre monomode \u00e0 4 longueurs d'onde (445 nm, 520 nm, 635 nm et 785 nm) d'une puissance de 20 mW. Nous pouvons \u00e9galement fournir \u00e0 nos clients des modules laser \u00e0 diode coupl\u00e9s \u00e0 fibre monomode \u00e0 4 longueurs d'onde (445 nm, 520 nm, 635 nm et 785 nm) de diff\u00e9rentes puissances. Pour les produits laser \u00e0 longueur d'onde proche, nous pouvons \u00e9galement personnaliser les modules laser \u00e0 4 longueurs d'onde 488 nm + 520 nm + 635 nm + 785 nm pour nos clients.<\/p>","protected":false},"excerpt":{"rendered":"<p>Le module de diode laser coupl\u00e9 \u00e0 fibre monomode \u00e0 4 longueurs d'onde 445 nm, 520 nm, 635 nm et 785 nm, d'une puissance de 20 mW, est \u00e9quip\u00e9 d'une fibre monomode de 3 \u00b5m. Il comprend un laser rouge, un laser vert, un laser bleu et un laser infrarouge, et peut produire un faisceau gaussien. Ce module laser est compact et int\u00e8gre un refroidisseur TE et une thermistance. Ce module laser \u00e0 diode coupl\u00e9 \u00e0 une fibre monomode \u00e0 4 longueurs d'onde 445 nm + 520 nm + 635 nm + 785 nm 20 mW offre des performances \u00e9lev\u00e9es et une longue dur\u00e9e de vie. Il peut obtenir une lumi\u00e8re laser \u00e0 4 longueurs d'onde \u00e0 partir d'une fibre SM 3 um. Les quatre longueurs d'onde du laser peuvent \u00eatre utilis\u00e9es s\u00e9par\u00e9ment ou simultan\u00e9ment, et peuvent servir de lumi\u00e8re de travail ou de faisceau de vis\u00e9e. Le module laser \u00e0 4 longueurs d'onde comprend un refroidisseur TE, ce qui permet aux clients de contr\u00f4ler tr\u00e8s facilement la temp\u00e9rature de fonctionnement.<br \/>\nWavespectrum Laser peut \u00e9galement proposer d'autres versions de puissance 445 nm, 520 nm, 635 nm et 785 nm, ainsi que des modules \u00e0 diode laser coupl\u00e9s \u00e0 fibre monomode \u00e0 4 longueurs d'onde, selon les besoins du client.<\/p>","protected":false},"featured_media":3369,"comment_status":"open","ping_status":"closed","template":"","meta":{"themepark_post_bcolor":"#f5f5f5","themepark_post_width":"1022px","themepark_post_img":"","themepark_post_img_po":"left","themepark_post_img_re":false,"themepark_post_img_cover":false,"themepark_post_img_fixed":false,"themepark_post_hide_title":false,"themepark_post_main_b":"","themepark_post_main_p":100,"themepark_paddingblock":false,"_wpscp_schedule_draft_date":"","_wpscp_schedule_republish_date":"","_wpscppro_advance_schedule":false,"_wpscppro_advance_schedule_date":"","_wpscppro_dont_share_socialmedia":false,"_wpscppro_custom_social_share_image":0,"_facebook_share_type":"","_twitter_share_type":"","_linkedin_share_type":"","_pinterest_share_type":"","_linkedin_share_type_page":"","_instagram_share_type":"","_medium_share_type":"","_threads_share_type":"","_google_business_share_type":"","_selected_social_profile":[],"_wpsp_enable_custom_social_template":false,"_wpsp_social_scheduling":{"enabled":false,"datetime":null,"platforms":[],"status":"template_only","dateOption":"today","timeOption":"now","customDays":"","customHours":"","customDate":"","customTime":"","schedulingType":"absolute"},"_wpsp_active_default_template":true},"product_brand":[],"product_cat":[52,192],"product_tag":[],"class_list":{"0":"post-3367","1":"product","2":"type-product","3":"status-publish","4":"has-post-thumbnail","6":"product_cat-quplex-4-wavelength-fiber-coupled-laser-module","7":"product_cat-445nm-520nm-635nm-785nm-quplex-fiber-coupled-laser-module","9":"first","10":"instock","11":"shipping-taxable","12":"product-type-simple"},"aioseo_notices":[],"_links":{"self":[{"href":"https:\/\/laserdiode-ld.com\/fr\/wp-json\/wp\/v2\/product\/3367","targetHints":{"allow":["GET"]}}],"collection":[{"href":"https:\/\/laserdiode-ld.com\/fr\/wp-json\/wp\/v2\/product"}],"about":[{"href":"https:\/\/laserdiode-ld.com\/fr\/wp-json\/wp\/v2\/types\/product"}],"replies":[{"embeddable":true,"href":"https:\/\/laserdiode-ld.com\/fr\/wp-json\/wp\/v2\/comments?post=3367"}],"wp:featuredmedia":[{"embeddable":true,"href":"https:\/\/laserdiode-ld.com\/fr\/wp-json\/wp\/v2\/media\/3369"}],"wp:attachment":[{"href":"https:\/\/laserdiode-ld.com\/fr\/wp-json\/wp\/v2\/media?parent=3367"}],"wp:term":[{"taxonomy":"product_brand","embeddable":true,"href":"https:\/\/laserdiode-ld.com\/fr\/wp-json\/wp\/v2\/product_brand?post=3367"},{"taxonomy":"product_cat","embeddable":true,"href":"https:\/\/laserdiode-ld.com\/fr\/wp-json\/wp\/v2\/product_cat?post=3367"},{"taxonomy":"product_tag","embeddable":true,"href":"https:\/\/laserdiode-ld.com\/fr\/wp-json\/wp\/v2\/product_tag?post=3367"}],"curies":[{"name":"wp","href":"https:\/\/api.w.org\/{rel}","templated":true}]}}