{"id":3349,"date":"2025-11-13T15:23:59","date_gmt":"2025-11-13T07:23:59","guid":{"rendered":"http:\/\/aserdiode-ld.com\/?post_type=product&#038;p=3349"},"modified":"2025-11-17T15:57:30","modified_gmt":"2025-11-17T07:57:30","slug":"diode-laser-1550-nm-3-w-a-9-broches-avec-boitier-a-fenetre","status":"publish","type":"product","link":"https:\/\/laserdiode-ld.com\/fr\/produit\/diode-laser-1550-nm-3-w-a-9-broches-avec-boitier-a-fenetre","title":{"rendered":"1550 nm 3 W 9 broches"},"content":{"rendered":"<p>Wavespectrum Laser est un fabricant de produits laser \u00e0 diode de haute qualit\u00e9 et haute performance. Nous nous engageons \u00e0 d\u00e9velopper, produire et commercialiser des produits laser haute performance. La gamme de longueurs d'onde est large, les produits sont disponibles dans diff\u00e9rents conditionnements, en fibre monomode, multimode et \u00e0 maintien de polarisation. Nous contr\u00f4lons rigoureusement la qualit\u00e9 de nos produits et avons gagn\u00e9 la reconnaissance de clients du monde entier gr\u00e2ce \u00e0 leurs performances exceptionnelles.<br \/>\nWavespectrum Laser propose une gamme vari\u00e9e de diodes laser, notamment des diodes laser 1550 nm 3 W \u00e0 bo\u00eetier \u00e0 fen\u00eatre 9 broches. De plus, nous fournissons diff\u00e9rentes versions de puissance pour les diodes laser 1550 nm \u00e0 bo\u00eetier \u00e0 fen\u00eatre 9 broches. Pour les diodes laser multimodes \u00e0 longueur d'onde proche, nous proposons des options \u00e0 915 nm, 940 nm, 980 nm, 1064 nm, 1310 nm, 1470 nm et 1920 nm afin de r\u00e9pondre aux diverses exigences de nos clients.<\/p>","protected":false},"excerpt":{"rendered":"<p>La diode laser \u00e0 bo\u00eetier \u00e0 fen\u00eatre 9 broches de 1550 nm et 3 W est une diode laser \u00e0 semi-conducteur multimode qui peut \u00eatre \u00e9quip\u00e9e d'une lentille FAC pour obtenir un faisceau carr\u00e9 ou lin\u00e9aire. La diode laser \u00e0 bo\u00eetier \u00e0 fen\u00eatre 9 broches est un bo\u00eetier herm\u00e9tique, pratique pour le stockage et l'utilisation par les clients. Cette diode laser \u00e0 bo\u00eetier \u00e0 fen\u00eatre 9 broches 1550 nm 3 W fait partie de notre gamme de produits laser infrarouges. Elle offre des performances \u00e9lev\u00e9es et une longue dur\u00e9e de vie. Wavespectrum Laser propose diff\u00e9rentes options de puissance pour les diodes laser \u00e0 bo\u00eetier \u00e0 fen\u00eatre 9 broches 1550 nm afin de r\u00e9pondre aux diff\u00e9rentes exigences des clients.<\/p>","protected":false},"featured_media":3348,"comment_status":"open","ping_status":"closed","template":"","meta":{"themepark_post_bcolor":"#f5f5f5","themepark_post_width":"1022px","themepark_post_img":"","themepark_post_img_po":"left","themepark_post_img_re":false,"themepark_post_img_cover":false,"themepark_post_img_fixed":false,"themepark_post_hide_title":false,"themepark_post_main_b":"","themepark_post_main_p":100,"themepark_paddingblock":false,"_wpscp_schedule_draft_date":"","_wpscp_schedule_republish_date":"","_wpscppro_advance_schedule":false,"_wpscppro_advance_schedule_date":"","_wpscppro_dont_share_socialmedia":false,"_wpscppro_custom_social_share_image":0,"_facebook_share_type":"","_twitter_share_type":"","_linkedin_share_type":"","_pinterest_share_type":"","_linkedin_share_type_page":"","_instagram_share_type":"","_medium_share_type":"","_threads_share_type":"","_google_business_share_type":"","_selected_social_profile":[],"_wpsp_enable_custom_social_template":false,"_wpsp_social_scheduling":{"enabled":false,"datetime":null,"platforms":[],"status":"template_only","dateOption":"today","timeOption":"now","customDays":"","customHours":"","customDate":"","customTime":"","schedulingType":"absolute"},"_wpsp_active_default_template":true},"product_brand":[],"product_cat":[48,185],"product_tag":[],"class_list":{"0":"post-3349","1":"product","2":"type-product","3":"status-publish","4":"has-post-thumbnail","6":"product_cat-window-package-high-power-laser-diode","7":"product_cat-1550nm-window-package-high-power-laser-diode","9":"first","10":"instock","11":"shipping-taxable","12":"product-type-simple"},"aioseo_notices":[],"_links":{"self":[{"href":"https:\/\/laserdiode-ld.com\/fr\/wp-json\/wp\/v2\/product\/3349","targetHints":{"allow":["GET"]}}],"collection":[{"href":"https:\/\/laserdiode-ld.com\/fr\/wp-json\/wp\/v2\/product"}],"about":[{"href":"https:\/\/laserdiode-ld.com\/fr\/wp-json\/wp\/v2\/types\/product"}],"replies":[{"embeddable":true,"href":"https:\/\/laserdiode-ld.com\/fr\/wp-json\/wp\/v2\/comments?post=3349"}],"wp:featuredmedia":[{"embeddable":true,"href":"https:\/\/laserdiode-ld.com\/fr\/wp-json\/wp\/v2\/media\/3348"}],"wp:attachment":[{"href":"https:\/\/laserdiode-ld.com\/fr\/wp-json\/wp\/v2\/media?parent=3349"}],"wp:term":[{"taxonomy":"product_brand","embeddable":true,"href":"https:\/\/laserdiode-ld.com\/fr\/wp-json\/wp\/v2\/product_brand?post=3349"},{"taxonomy":"product_cat","embeddable":true,"href":"https:\/\/laserdiode-ld.com\/fr\/wp-json\/wp\/v2\/product_cat?post=3349"},{"taxonomy":"product_tag","embeddable":true,"href":"https:\/\/laserdiode-ld.com\/fr\/wp-json\/wp\/v2\/product_tag?post=3349"}],"curies":[{"name":"wp","href":"https:\/\/api.w.org\/{rel}","templated":true}]}}