{"id":3247,"date":"2025-11-13T11:07:06","date_gmt":"2025-11-13T03:07:06","guid":{"rendered":"http:\/\/aserdiode-ld.com\/?post_type=product&#038;p=3247"},"modified":"2026-04-16T13:51:57","modified_gmt":"2026-04-16T05:51:57","slug":"808nm-2w-50um-fiber-14pin-butterfly-tec-pd","status":"publish","type":"product","link":"https:\/\/laserdiode-ld.com\/fr\/produit\/808nm-2w-50um-fiber-14pin-butterfly-tec-pd","title":{"rendered":"808nm | 2W | 50um Fiber | 14PIN Butterfly | TEC | PD"},"content":{"rendered":"<p>Wavespectrum Laser est un fabricant de produits laser \u00e0 diode de haute qualit\u00e9 et haute performance. Nous nous engageons \u00e0 d\u00e9velopper, produire et commercialiser des produits laser haute performance. La gamme de longueurs d'onde est large, les produits sont disponibles dans diff\u00e9rents conditionnements, en fibre monomode, multimode et \u00e0 maintien de polarisation. Nous contr\u00f4lons rigoureusement la qualit\u00e9 de nos produits et avons gagn\u00e9 la reconnaissance de clients du monde entier gr\u00e2ce \u00e0 leurs performances exceptionnelles.<\/p>\n<p>Wavespectrum Laser est fier de proposer le module de diode laser coupl\u00e9 \u00e0 fibre papillon TEC 14 broches 808 nm 2 W 50 um. De plus, nous sommes en mesure de fournir des variantes de puissance personnalis\u00e9es du module de diode laser coupl\u00e9 \u00e0 fibre papillon TEC 14 broches 808 nm, conform\u00e9ment aux exigences des clients. Nous proposons \u00e9galement une large gamme de produits laser \u00e0 longueur d'onde proche, notamment des lasers 375 nm, 395 nm, 400 nm, 420 nm, 435 nm, 455 nm, 465 nm, 488 nm, 495 nm et 505 nm.<\/p>","protected":false},"excerpt":{"rendered":"<p>Le module laser \u00e0 diode coupl\u00e9 \u00e0 fibre papillon TEC 14 broches 808 nm 2 W 50 \u00b5m est un laser \u00e0 semi-conducteur violet. De taille compacte, il comprend un refroidisseur TE, une thermistance et une photodiode, ce qui permet aux clients de contr\u00f4ler tr\u00e8s facilement la temp\u00e9rature de fonctionnement et de surveiller la puissance de sortie. Le module laser \u00e0 diode coupl\u00e9e \u00e0 fibre papillon TEC 14 broches 808 nm 2 W 50 \u00b5m offre un rendement de couplage \u00e9lev\u00e9 et une longue dur\u00e9e de vie, et s'int\u00e8gre tr\u00e8s facilement dans l'\u00e9quipement du client. Il est choisi par un grand nombre d'utilisateurs industriels et scientifiques. Les modules laser \u00e0 bo\u00eetier papillon 14 broches sont largement utilis\u00e9s dans le traitement industriel, l'affichage laser, la d\u00e9tection, le domaine m\u00e9dical, l'\u00e9lectronique grand public, les communications et la recherche scientifique. Wavespectrum Laser est en mesure de fournir des solutions personnalis\u00e9es pour le module de diode laser coupl\u00e9 \u00e0 une fibre papillon TEC 14 broches de 808 nm, con\u00e7ues pour r\u00e9pondre aux exigences sp\u00e9cifiques de nos clients.<\/p>","protected":false},"featured_media":2858,"comment_status":"open","ping_status":"closed","template":"","meta":{"themepark_post_bcolor":"#f5f5f5","themepark_post_width":"1022px","themepark_post_img":"","themepark_post_img_po":"left","themepark_post_img_re":false,"themepark_post_img_cover":false,"themepark_post_img_fixed":false,"themepark_post_hide_title":false,"themepark_post_main_b":"","themepark_post_main_p":100,"themepark_paddingblock":false,"_wpscp_schedule_draft_date":"","_wpscp_schedule_republish_date":"","_wpscppro_advance_schedule":false,"_wpscppro_advance_schedule_date":"","_wpscppro_dont_share_socialmedia":false,"_wpscppro_custom_social_share_image":0,"_facebook_share_type":"","_twitter_share_type":"","_linkedin_share_type":"","_pinterest_share_type":"","_linkedin_share_type_page":"","_instagram_share_type":"","_medium_share_type":"","_threads_share_type":"","_google_business_share_type":"","_selected_social_profile":[],"_wpsp_enable_custom_social_template":false,"_wpsp_social_scheduling":{"enabled":false,"datetime":null,"platforms":[],"status":"template_only","dateOption":"today","timeOption":"now","customDays":"","customHours":"","customDate":"","customTime":"","schedulingType":"absolute"},"_wpsp_active_default_template":true},"product_brand":[],"product_cat":[42,168],"product_tag":[],"class_list":{"0":"post-3247","1":"product","2":"type-product","3":"status-publish","4":"has-post-thumbnail","6":"product_cat-multi-mode-fiber-coupled-laser-module","7":"product_cat-808nm-multi-mode-fiber-coupled-laser-module","9":"first","10":"instock","11":"shipping-taxable","12":"product-type-simple"},"aioseo_notices":[],"_links":{"self":[{"href":"https:\/\/laserdiode-ld.com\/fr\/wp-json\/wp\/v2\/product\/3247","targetHints":{"allow":["GET"]}}],"collection":[{"href":"https:\/\/laserdiode-ld.com\/fr\/wp-json\/wp\/v2\/product"}],"about":[{"href":"https:\/\/laserdiode-ld.com\/fr\/wp-json\/wp\/v2\/types\/product"}],"replies":[{"embeddable":true,"href":"https:\/\/laserdiode-ld.com\/fr\/wp-json\/wp\/v2\/comments?post=3247"}],"wp:featuredmedia":[{"embeddable":true,"href":"https:\/\/laserdiode-ld.com\/fr\/wp-json\/wp\/v2\/media\/2858"}],"wp:attachment":[{"href":"https:\/\/laserdiode-ld.com\/fr\/wp-json\/wp\/v2\/media?parent=3247"}],"wp:term":[{"taxonomy":"product_brand","embeddable":true,"href":"https:\/\/laserdiode-ld.com\/fr\/wp-json\/wp\/v2\/product_brand?post=3247"},{"taxonomy":"product_cat","embeddable":true,"href":"https:\/\/laserdiode-ld.com\/fr\/wp-json\/wp\/v2\/product_cat?post=3247"},{"taxonomy":"product_tag","embeddable":true,"href":"https:\/\/laserdiode-ld.com\/fr\/wp-json\/wp\/v2\/product_tag?post=3247"}],"curies":[{"name":"wp","href":"https:\/\/api.w.org\/{rel}","templated":true}]}}