{"id":3241,"date":"2025-11-13T11:03:07","date_gmt":"2025-11-13T03:03:07","guid":{"rendered":"http:\/\/aserdiode-ld.com\/?post_type=product&#038;p=3241"},"modified":"2026-04-16T13:51:30","modified_gmt":"2026-04-16T05:51:30","slug":"808nm-150mw-62-5um-fiber-coaxial-pd","status":"publish","type":"product","link":"https:\/\/laserdiode-ld.com\/fr\/produit\/808nm-150mw-62-5um-fiber-coaxial-pd","title":{"rendered":"808nm | 150mW | 62.5um Fiber | Coaxial | PD"},"content":{"rendered":"<p>Wavespectrum Laser est un fabricant de produits laser \u00e0 diode de haute qualit\u00e9 et haute performance. Nous nous engageons \u00e0 d\u00e9velopper, produire et commercialiser des produits laser haute performance. La gamme de longueurs d'onde est large, les produits sont disponibles dans diff\u00e9rents conditionnements, en fibre monomode, multimode et \u00e0 maintien de polarisation. Nous contr\u00f4lons rigoureusement la qualit\u00e9 de nos produits et avons gagn\u00e9 la reconnaissance de clients du monde entier gr\u00e2ce \u00e0 leurs performances exceptionnelles.<\/p>\n<p>Wavespectrum Laser est ravi de pr\u00e9senter son module LD coupl\u00e9 \u00e0 une fibre multimode de 808 nm, 150 mW et 62,5 um. De plus, nous sommes en mesure de fournir des variantes de puissance personnalis\u00e9es du module LD coupl\u00e9 \u00e0 une fibre multimode de 808 nm et 62,5 um, selon les besoins des clients. De plus, nous proposons une large gamme de produits laser \u00e0 longueur d'onde proche, notamment des lasers 808 nm, 810 nm, 820 nm, 830 nm, 850 nm, 860 nm, 870 nm, 880 nm, 905 nm et 940 nm.<\/p>","protected":false},"excerpt":{"rendered":"<p>Le module LD coupl\u00e9 \u00e0 une fibre multimode de 808 nm, 150 mW et 62,5 \u00b5m est con\u00e7u avec un bo\u00eetier coaxial, garantissant un design peu encombrant. Il offre des fonctionnalit\u00e9s suppl\u00e9mentaires telles qu'une photodiode et un refroidisseur TE. Le c\u0153ur de fibre de ce module laser est de 62,5 \u00b5m, l'ouverture num\u00e9rique de la fibre est de 0,12. Afin d'am\u00e9liorer la flexibilit\u00e9 pour le client, d'autres options de fibre sont disponibles, notamment des fibres multimodes de 105 \u00b5m, 200 \u00b5m et 400 \u00b5m. Le module LD coupl\u00e9 \u00e0 une fibre multimode 808 nm 150 mW 62,5 \u00b5m se distingue par son rendement de couplage \u00e9lev\u00e9, ses performances exceptionnelles et sa longue dur\u00e9e de vie. Il facilite l'int\u00e9gration directe dans l'\u00e9quipement du client. De nombreux modules laser de ce type ont \u00e9t\u00e9 largement adopt\u00e9s dans divers secteurs et sont tr\u00e8s appr\u00e9ci\u00e9s par les clients pour leur grande fiabilit\u00e9. Wavespectrum Laser propose une personnalisation sur mesure pour le module LD coupl\u00e9 \u00e0 une fibre multimode de 808 nm et 62,5 \u00b5m, con\u00e7u pour r\u00e9pondre aux besoins sp\u00e9cifiques de chaque client.<\/p>","protected":false},"featured_media":2858,"comment_status":"open","ping_status":"closed","template":"","meta":{"themepark_post_bcolor":"#f5f5f5","themepark_post_width":"1022px","themepark_post_img":"","themepark_post_img_po":"left","themepark_post_img_re":false,"themepark_post_img_cover":false,"themepark_post_img_fixed":false,"themepark_post_hide_title":false,"themepark_post_main_b":"","themepark_post_main_p":100,"themepark_paddingblock":false,"_wpscp_schedule_draft_date":"","_wpscp_schedule_republish_date":"","_wpscppro_advance_schedule":false,"_wpscppro_advance_schedule_date":"","_wpscppro_dont_share_socialmedia":false,"_wpscppro_custom_social_share_image":0,"_facebook_share_type":"","_twitter_share_type":"","_linkedin_share_type":"","_pinterest_share_type":"","_linkedin_share_type_page":"","_instagram_share_type":"","_medium_share_type":"","_threads_share_type":"","_google_business_share_type":"","_selected_social_profile":[],"_wpsp_enable_custom_social_template":false,"_wpsp_social_scheduling":{"enabled":false,"datetime":null,"platforms":[],"status":"template_only","dateOption":"today","timeOption":"now","customDays":"","customHours":"","customDate":"","customTime":"","schedulingType":"absolute"},"_wpsp_active_default_template":true},"product_brand":[],"product_cat":[42,168],"product_tag":[],"class_list":{"0":"post-3241","1":"product","2":"type-product","3":"status-publish","4":"has-post-thumbnail","6":"product_cat-multi-mode-fiber-coupled-laser-module","7":"product_cat-808nm-multi-mode-fiber-coupled-laser-module","9":"first","10":"instock","11":"shipping-taxable","12":"product-type-simple"},"aioseo_notices":[],"_links":{"self":[{"href":"https:\/\/laserdiode-ld.com\/fr\/wp-json\/wp\/v2\/product\/3241","targetHints":{"allow":["GET"]}}],"collection":[{"href":"https:\/\/laserdiode-ld.com\/fr\/wp-json\/wp\/v2\/product"}],"about":[{"href":"https:\/\/laserdiode-ld.com\/fr\/wp-json\/wp\/v2\/types\/product"}],"replies":[{"embeddable":true,"href":"https:\/\/laserdiode-ld.com\/fr\/wp-json\/wp\/v2\/comments?post=3241"}],"wp:featuredmedia":[{"embeddable":true,"href":"https:\/\/laserdiode-ld.com\/fr\/wp-json\/wp\/v2\/media\/2858"}],"wp:attachment":[{"href":"https:\/\/laserdiode-ld.com\/fr\/wp-json\/wp\/v2\/media?parent=3241"}],"wp:term":[{"taxonomy":"product_brand","embeddable":true,"href":"https:\/\/laserdiode-ld.com\/fr\/wp-json\/wp\/v2\/product_brand?post=3241"},{"taxonomy":"product_cat","embeddable":true,"href":"https:\/\/laserdiode-ld.com\/fr\/wp-json\/wp\/v2\/product_cat?post=3241"},{"taxonomy":"product_tag","embeddable":true,"href":"https:\/\/laserdiode-ld.com\/fr\/wp-json\/wp\/v2\/product_tag?post=3241"}],"curies":[{"name":"wp","href":"https:\/\/api.w.org\/{rel}","templated":true}]}}