{"id":3212,"date":"2025-11-12T16:21:39","date_gmt":"2025-11-12T08:21:39","guid":{"rendered":"http:\/\/aserdiode-ld.com\/?post_type=product&#038;p=3212"},"modified":"2025-11-17T15:28:05","modified_gmt":"2025-11-17T07:28:05","slug":"module-laser-a-diode-a-fibre-optique-pigtailee-760-nm-15-w-14-broches-papillon-105-%c2%b5m","status":"publish","type":"product","link":"https:\/\/laserdiode-ld.com\/fr\/produit\/module-laser-a-diode-a-fibre-optique-pigtailee-760-nm-15-w-14-broches-papillon-105-%c2%b5m","title":{"rendered":"760 nm, 1,5 W, 14 broches, papillon, fibre optique pigtail\u00e9e de 105 \u00b5m"},"content":{"rendered":"<p>Wavespectrum Laser est un fabricant de produits laser \u00e0 diode de haute qualit\u00e9 et haute performance. Nous nous engageons \u00e0 d\u00e9velopper, produire et commercialiser des produits laser haute performance. La gamme de longueurs d'onde est large, les produits sont disponibles dans diff\u00e9rents conditionnements, en fibre monomode, multimode et \u00e0 maintien de polarisation. Nous contr\u00f4lons rigoureusement la qualit\u00e9 de nos produits et avons gagn\u00e9 la reconnaissance de clients du monde entier gr\u00e2ce \u00e0 leurs performances exceptionnelles.<\/p>\n<p>Wavespectrum Laser est ravi de pr\u00e9senter son module laser \u00e0 diode \u00e0 fibre optique de 760 nm, 1,5 W, 14 broches, papillon, 105 \u00b5m. Nous sommes \u00e9galement pr\u00eats \u00e0 fournir diff\u00e9rentes configurations de puissance pour le module laser \u00e0 diode \u00e0 fibre optique de 760 nm, 14 broches, papillon, 105 \u00b5m, afin de r\u00e9pondre aux divers besoins de nos clients. De plus, nous proposons une gamme compl\u00e8te de produits laser \u00e0 longueur d'onde proche, qui comprend des options laser de 645 nm, 665 nm, 680 nm, 690 nm, 705 nm, 780 nm, 808 nm, 820 nm, 825 nm et 830 nm.<\/p>","protected":false},"excerpt":{"rendered":"<p>Le module laser \u00e0 diode \u00e0 queue de cochon en fibre optique de 760 nm, 1,5 W, 14 broches et 105 \u00b5m est un produit laser \u00e0 diode multimode. Les fibres de 105 \u00b5m, 200 \u00b5m et 400 \u00b5m sont disponibles en option. Il int\u00e8gre un refroidisseur TE, une thermistance et une photodiode, permettant un contr\u00f4le efficace de la temp\u00e9rature et une surveillance de la puissance. Le module laser \u00e0 diode \u00e0 queue de cochon 760 nm 1,5 W 14 broches papillon 105 \u00b5m se distingue par son rendement de couplage \u00e9lev\u00e9 et sa dur\u00e9e de vie prolong\u00e9e, garantissant une int\u00e9gration facile dans les \u00e9quipements des clients. Il est largement pl\u00e9biscit\u00e9 par les professionnels de l'industrie et des sciences. Les modules laser \u00e0 bo\u00eetier papillon \u00e0 14 broches sont largement utilis\u00e9s dans des domaines tels que le traitement industriel, les \u00e9crans laser, la d\u00e9tection, les applications m\u00e9dicales, l'\u00e9lectronique grand public, les communications et la recherche scientifique. Wavespectrum Laser est sp\u00e9cialis\u00e9 dans l'offre de solutions personnalis\u00e9es pour les modules laser \u00e0 diode \u00e0 queue de cochon en fibre optique de 105 \u00b5m \u00e0 760 nm et 14 broches, garantissant ainsi que les exigences sp\u00e9cifiques de chaque client sont minutieusement prises en compte.<\/p>","protected":false},"featured_media":2858,"comment_status":"open","ping_status":"closed","template":"","meta":{"themepark_post_bcolor":"#f5f5f5","themepark_post_width":"1022px","themepark_post_img":"","themepark_post_img_po":"left","themepark_post_img_re":false,"themepark_post_img_cover":false,"themepark_post_img_fixed":false,"themepark_post_hide_title":false,"themepark_post_main_b":"","themepark_post_main_p":100,"themepark_paddingblock":false,"_wpscp_schedule_draft_date":"","_wpscp_schedule_republish_date":"","_wpscppro_advance_schedule":false,"_wpscppro_advance_schedule_date":"","_wpscppro_dont_share_socialmedia":false,"_wpscppro_custom_social_share_image":0,"_facebook_share_type":"","_twitter_share_type":"","_linkedin_share_type":"","_pinterest_share_type":"","_linkedin_share_type_page":"","_instagram_share_type":"","_medium_share_type":"","_threads_share_type":"","_google_business_share_type":"","_selected_social_profile":[],"_wpsp_enable_custom_social_template":false,"_wpsp_social_scheduling":{"enabled":false,"datetime":null,"platforms":[],"status":"template_only","dateOption":"today","timeOption":"now","customDays":"","customHours":"","customDate":"","customTime":"","schedulingType":"absolute"},"_wpsp_active_default_template":true},"product_brand":[],"product_cat":[42,165],"product_tag":[],"class_list":{"0":"post-3212","1":"product","2":"type-product","3":"status-publish","4":"has-post-thumbnail","6":"product_cat-multi-mode-fiber-coupled-laser-module","7":"product_cat-760nm-multi-mode-fiber-coupled-laser-module","9":"first","10":"instock","11":"shipping-taxable","12":"product-type-simple"},"aioseo_notices":[],"_links":{"self":[{"href":"https:\/\/laserdiode-ld.com\/fr\/wp-json\/wp\/v2\/product\/3212","targetHints":{"allow":["GET"]}}],"collection":[{"href":"https:\/\/laserdiode-ld.com\/fr\/wp-json\/wp\/v2\/product"}],"about":[{"href":"https:\/\/laserdiode-ld.com\/fr\/wp-json\/wp\/v2\/types\/product"}],"replies":[{"embeddable":true,"href":"https:\/\/laserdiode-ld.com\/fr\/wp-json\/wp\/v2\/comments?post=3212"}],"wp:featuredmedia":[{"embeddable":true,"href":"https:\/\/laserdiode-ld.com\/fr\/wp-json\/wp\/v2\/media\/2858"}],"wp:attachment":[{"href":"https:\/\/laserdiode-ld.com\/fr\/wp-json\/wp\/v2\/media?parent=3212"}],"wp:term":[{"taxonomy":"product_brand","embeddable":true,"href":"https:\/\/laserdiode-ld.com\/fr\/wp-json\/wp\/v2\/product_brand?post=3212"},{"taxonomy":"product_cat","embeddable":true,"href":"https:\/\/laserdiode-ld.com\/fr\/wp-json\/wp\/v2\/product_cat?post=3212"},{"taxonomy":"product_tag","embeddable":true,"href":"https:\/\/laserdiode-ld.com\/fr\/wp-json\/wp\/v2\/product_tag?post=3212"}],"curies":[{"name":"wp","href":"https:\/\/api.w.org\/{rel}","templated":true}]}}