{"id":3109,"date":"2025-11-12T11:41:59","date_gmt":"2025-11-12T03:41:59","guid":{"rendered":"http:\/\/aserdiode-ld.com\/?post_type=product&#038;p=3109"},"modified":"2025-11-17T15:19:43","modified_gmt":"2025-11-17T07:19:43","slug":"module-laser-a-diode-a-fibre-optique-a-9-broches-de-630-nm-300-mw-haute-puissance-50-%c2%b5m","status":"publish","type":"product","link":"https:\/\/laserdiode-ld.com\/fr\/produit\/module-laser-a-diode-a-fibre-optique-a-9-broches-de-630-nm-300-mw-haute-puissance-50-%c2%b5m","title":{"rendered":"630 nm, 300 mW, haute puissance, 9 broches, pigtail 50 \u00b5m"},"content":{"rendered":"<p>Wavespectrum Laser est un fabricant de produits laser \u00e0 diode de haute qualit\u00e9 et haute performance. Nous nous engageons \u00e0 d\u00e9velopper, produire et commercialiser des produits laser haute performance. La gamme de longueurs d'onde est large, les produits sont disponibles dans diff\u00e9rents conditionnements, en fibre monomode, multimode et \u00e0 maintien de polarisation. Nous contr\u00f4lons rigoureusement la qualit\u00e9 de nos produits et avons gagn\u00e9 la reconnaissance de clients du monde entier gr\u00e2ce \u00e0 leurs performances exceptionnelles.<\/p>\n<p>Wavespectrum Laser est ravi de pr\u00e9senter le module laser \u00e0 diode haute puissance 630 nm 300 mW \u00e0 9 broches et fibre optique 50 \u00b5m. Nous sommes \u00e9galement en mesure de fournir diff\u00e9rentes versions de puissance du module laser \u00e0 diode haute puissance 630 nm \u00e0 9 broches et fibre optique 50 \u00b5m afin de r\u00e9pondre aux divers besoins de nos clients. De plus, nous proposons une large s\u00e9lection de produits laser \u00e0 longueur d'onde proche, tels que : 635 nm, 638 nm, 640 nm, 645 nm, 660 nm, 670 nm, 685 nm, 690 nm et 705 nm.<\/p>","protected":false},"excerpt":{"rendered":"<p>Le module laser \u00e0 diode \u00e0 fibre optique \u00e0 9 broches de 50 \u00b5m et haute puissance de 630 nm et 300 mW int\u00e8gre un refroidisseur thermo\u00e9lectrique, une thermistance et une photodiode. Il est con\u00e7u pour les \u00e9quipements de haute pr\u00e9cision et stables. Il dispose d'un diam\u00e8tre de c\u0153ur de fibre de 50 \u00b5m et d'une ouverture num\u00e9rique de 0,22, avec diverses options de connecteurs de fibre tels que SMA905, FC, ST et SC. Le module laser \u00e0 diode \u00e0 queue de fibre optique 9 broches 50 \u00b5m haute puissance 630 nm 300 mW est r\u00e9put\u00e9 pour son rendement de couplage et ses performances \u00e9lev\u00e9s, ce qui en fait un excellent choix pour une large gamme d'applications. Son TEC et sa thermistance int\u00e9gr\u00e9s facilitent le contr\u00f4le de la temp\u00e9rature, tandis que la photodiode permet une surveillance efficace de la puissance de sortie. Wavespectrum Laser propose des personnalisations pour le module laser \u00e0 diode \u00e0 fibre optique haute puissance 630 nm 9 broches 50 \u00b5m, en l'adaptant aux besoins sp\u00e9cifiques des clients.<\/p>","protected":false},"featured_media":2858,"comment_status":"open","ping_status":"closed","template":"","meta":{"themepark_post_bcolor":"#f5f5f5","themepark_post_width":"1022px","themepark_post_img":"","themepark_post_img_po":"left","themepark_post_img_re":false,"themepark_post_img_cover":false,"themepark_post_img_fixed":false,"themepark_post_hide_title":false,"themepark_post_main_b":"","themepark_post_main_p":100,"themepark_paddingblock":false,"_wpscp_schedule_draft_date":"","_wpscp_schedule_republish_date":"","_wpscppro_advance_schedule":false,"_wpscppro_advance_schedule_date":"","_wpscppro_dont_share_socialmedia":false,"_wpscppro_custom_social_share_image":0,"_facebook_share_type":"","_twitter_share_type":"","_linkedin_share_type":"","_pinterest_share_type":"","_linkedin_share_type_page":"","_instagram_share_type":"","_medium_share_type":"","_threads_share_type":"","_google_business_share_type":"","_selected_social_profile":[],"_wpsp_enable_custom_social_template":false,"_wpsp_social_scheduling":{"enabled":false,"datetime":null,"platforms":[],"status":"template_only","dateOption":"today","timeOption":"now","customDays":"","customHours":"","customDate":"","customTime":"","schedulingType":"absolute"},"_wpsp_active_default_template":true},"product_brand":[],"product_cat":[42,156],"product_tag":[],"class_list":{"0":"post-3109","1":"product","2":"type-product","3":"status-publish","4":"has-post-thumbnail","6":"product_cat-multi-mode-fiber-coupled-laser-module","7":"product_cat-630nm-multi-mode-fiber-coupled-laser-module","9":"first","10":"instock","11":"shipping-taxable","12":"product-type-simple"},"aioseo_notices":[],"_links":{"self":[{"href":"https:\/\/laserdiode-ld.com\/fr\/wp-json\/wp\/v2\/product\/3109","targetHints":{"allow":["GET"]}}],"collection":[{"href":"https:\/\/laserdiode-ld.com\/fr\/wp-json\/wp\/v2\/product"}],"about":[{"href":"https:\/\/laserdiode-ld.com\/fr\/wp-json\/wp\/v2\/types\/product"}],"replies":[{"embeddable":true,"href":"https:\/\/laserdiode-ld.com\/fr\/wp-json\/wp\/v2\/comments?post=3109"}],"wp:featuredmedia":[{"embeddable":true,"href":"https:\/\/laserdiode-ld.com\/fr\/wp-json\/wp\/v2\/media\/2858"}],"wp:attachment":[{"href":"https:\/\/laserdiode-ld.com\/fr\/wp-json\/wp\/v2\/media?parent=3109"}],"wp:term":[{"taxonomy":"product_brand","embeddable":true,"href":"https:\/\/laserdiode-ld.com\/fr\/wp-json\/wp\/v2\/product_brand?post=3109"},{"taxonomy":"product_cat","embeddable":true,"href":"https:\/\/laserdiode-ld.com\/fr\/wp-json\/wp\/v2\/product_cat?post=3109"},{"taxonomy":"product_tag","embeddable":true,"href":"https:\/\/laserdiode-ld.com\/fr\/wp-json\/wp\/v2\/product_tag?post=3109"}],"curies":[{"name":"wp","href":"https:\/\/api.w.org\/{rel}","templated":true}]}}